{"id":11563,"date":"2024-04-03T18:38:32","date_gmt":"2024-04-03T15:38:32","guid":{"rendered":"https:\/\/cbditaly.ee\/?post_type=product&#038;p=11563"},"modified":"2025-08-15T03:36:28","modified_gmt":"2025-08-15T00:36:28","slug":"ice-bong-with-dome-perkolator-violet","status":"publish","type":"product","link":"https:\/\/cbditaly.ee\/en\/product\/ice-bong-with-dome-perkolator-violet\/","title":{"rendered":"Ice Bong with Dome Percolator \u2013 Violet"},"content":{"rendered":"<p><strong data-start=\"127\" data-end=\"203\">Ice Bong with Dome Perkolator Violet\nH 205mm \u00d8 40mm SG 14 WT 2,5mm\n\nTutvustame meie premium j\u00e4\u00e4tist, mis on loodud n\u00f5udlikule asjatundjale. Iga t\u00fckk on valmistatud k\u00f5rgekvaliteedilisest boorsilikaatklaasist, mis on tuntud oma vastupidavuse ja selguse poolest, tagades, et teie kogemus on mitte ainult sujuv, vaid ka esteetiliselt meeldiv.\n\nSelle disaini s\u00fcdames on keerukas kuppelperkolaator, mis on geniaalselt projekteeritud suitsu vee kaudu hajutama ja filtreerima, pakkudes l\u00f6\u00f6ki, mis on nii v\u00f5imas kui ka siidiselt sile. Strateegiliselt paigutatud j\u00e4\u00e4piikide lisamine muudab iga sessiooni v\u00e4rskendavalt jahedaks p\u00f5genemiseks, jahutades suitsu t\u00e4iuslikkusele, et tagada meeldiv kurgutunne.\n\nBongil on chillum, mis on varustatud \u00fcrdikausiga, spetsiaalselt kujundatud \u00f5mblusteta ja t\u00f5stetud \u00fcrdikogemuse jaoks. Peenelt valmistatud kauss hoiab teie valitud \u00fcrte h\u00f5lpsalt, v\u00f5imaldades \u00fchtlast ja t\u00f5husat p\u00f5lemist.\n\nIga detail on hoolikalt l\u00e4bi m\u00f5eldud, sealhulgas \u00fcmardatud huulik, mis sobitub vaevata teie huultega, pakkudes erakordselt mugavat ja nauditavat t\u00f5mmet. Disain on elegantse l\u00f5puga, millel on s\u00fcsi auk, mis v\u00f5imaldab t\u00e4ielikku kontrolli teie suitsetamisseansi \u00fcle. See funktsioon v\u00f5imaldab teil suitsu kiiresti v\u00e4lja puhastada, pakkudes rahuldavat ja meeldej\u00e4\u00e4vat l\u00f5pp-l\u00f6\u00f6ki.\n\nMeie j\u00e4\u00e4bong ei ole lihtsalt t\u00f6\u00f6riist, vaid meistriteos, mis \u00fchendab funktsionaalsuse kunstilisusega, eesm\u00e4rgiga t\u00f5sta teie suitsetamisrituaal luksuslikuks kogemuseks. Tere tulemast uude suitsetamise sofistikatsiooni ajastusse.<\/strong><br data-start=\"203\" data-end=\"206\" \/>Crafted from high-quality borosilicate glass, this durable ice bong delivers a stylish and smooth smoking experience. The dome percolator disperses and filters the smoke through water, ensuring a cool and silky hit. Ice notches chill the smoke to perfection, reducing harshness and adding refreshing smoothness to every session. Comes with a chillum and ergonomic herb bowl for even burning. The rounded mouthpiece and carb hole provide comfort and full control. The violet finish adds elegance, making this bong both functional and visually striking.<\/p>","protected":false},"excerpt":{"rendered":"<p>Ice Bong with Dome Percolator \u2013 Violet<br \/>\nH 205mm \u00d8 40mm SG 14 WT 2,5mm<\/p>","protected":false},"featured_media":11561,"template":"","meta":{"_joinchat":[]},"product_brand":[],"product_cat":[676],"product_tag":[],"class_list":{"0":"post-11563","1":"product","2":"type-product","3":"status-publish","4":"has-post-thumbnail","6":"product_cat-headshop","9":"first","10":"instock","11":"taxable","12":"shipping-taxable","13":"purchasable","14":"product-type-simple"},"tiered_pricing_type":"fixed","tiered_pricing_fixed_rules":[],"tiered_pricing_product_settings":{"layout":"default","base_unit_name":{"singular":null,"plural":null},"default_variation":null},"tiered_pricing_minimum_quantity":null,"tiered_pricing_roles_data":[],"tiered_pricing_percentage_rules":[],"tiered_pricing_maximum_quantity":null,"tiered_pricing_quantity_step":null,"_links":{"self":[{"href":"https:\/\/cbditaly.ee\/en\/wp-json\/wp\/v2\/product\/11563","targetHints":{"allow":["GET"]}}],"collection":[{"href":"https:\/\/cbditaly.ee\/en\/wp-json\/wp\/v2\/product"}],"about":[{"href":"https:\/\/cbditaly.ee\/en\/wp-json\/wp\/v2\/types\/product"}],"wp:featuredmedia":[{"embeddable":true,"href":"https:\/\/cbditaly.ee\/en\/wp-json\/wp\/v2\/media\/11561"}],"wp:attachment":[{"href":"https:\/\/cbditaly.ee\/en\/wp-json\/wp\/v2\/media?parent=11563"}],"wp:term":[{"taxonomy":"product_brand","embeddable":true,"href":"https:\/\/cbditaly.ee\/en\/wp-json\/wp\/v2\/product_brand?post=11563"},{"taxonomy":"product_cat","embeddable":true,"href":"https:\/\/cbditaly.ee\/en\/wp-json\/wp\/v2\/product_cat?post=11563"},{"taxonomy":"product_tag","embeddable":true,"href":"https:\/\/cbditaly.ee\/en\/wp-json\/wp\/v2\/product_tag?post=11563"}],"curies":[{"name":"wp","href":"https:\/\/api.w.org\/{rel}","templated":true}]}}