{"id":12402,"date":"2025-02-22T20:35:29","date_gmt":"2025-02-22T18:35:29","guid":{"rendered":"https:\/\/cbditaly.ee\/?post_type=product&#038;p=12402"},"modified":"2025-02-24T20:28:08","modified_gmt":"2025-02-24T18:28:08","slug":"raw-king-size-hemp-paper","status":"publish","type":"product","link":"https:\/\/cbditaly.ee\/en\/product\/raw-king-size-hemp-paper\/","title":{"rendered":"RAW King Size HEMP paper"},"content":{"rendered":"<p data-start=\"0\" data-end=\"36\"><strong data-start=\"0\" data-end=\"36\">RAW King Size Organic Hemp Paber<\/strong><\/p>\n<p data-start=\"38\" data-end=\"336\">RAW King Size Organic Hemp Paber on ideaalne valik suitsetamishuvilistele, kes hindavad looduslikkust, kvaliteeti ja j\u00e4tkusuutlikkust. Valmistatud 100% orgaanilisest ja rafineerimata kanepikiust, tagab see paber puhta ja loodusliku suitsetamiskogemuse ilma kemikaalide, kriidi v\u00f5i v\u00e4rvaineteta.<\/p>\n<p data-start=\"338\" data-end=\"548\">Paberi patenteeritud ristjoone vesim\u00e4rk tagab aeglase ja \u00fchtlase p\u00f5lemise, v\u00e4hendades riski, et paber p\u00f5leks eba\u00fchtlaselt. King Size m\u00f5\u00f5t on ideaalne pikemateks suitsetamissessioonideks ja jagamiseks s\u00f5pradega.<\/p>\n<p data-start=\"550\" data-end=\"563\">Size:<\/p>\n<p data-start=\"565\" data-end=\"613\">Paper dimensions: 110 mm x 44 mm (King Size Slim)<\/p>\n<p data-start=\"615\" data-end=\"627\">Quantity:<\/p>\n<p data-start=\"629\" data-end=\"673\">32 lehte \u00fches pakis<\/p>\n<p data-start=\"675\" data-end=\"764\">Ideaalne neile, kes otsivad keskkonnas\u00f5bralikku, puhast ja autentset suitsetamiskogemust.<\/p>\n<p data-start=\"766\" data-end=\"826\">CBD tellimine Eestisse (Hulgim\u00fc\u00fck): <a href=\"http:\/\/www.cbditaly.store\" target=\"_new\" rel=\"noopener\" data-start=\"806\" data-end=\"824\">www.cbditaly.store<\/a><\/p>\n<p data-start=\"828\" data-end=\"1083\" data-is-last-node=\"\" data-is-only-node=\"\">Product use: For professional use or collection purposes only. Not for human consumption.<br data-start=\"934\" data-end=\"937\" \/>Sales restriction: not for sale to persons under 18.<br data-start=\"985\" data-end=\"988\" \/>Storage: Keep in a dry place, away from heat sources and out of reach of children.<\/p>","protected":false},"excerpt":{"rendered":"<p><strong>RAW King Size organic Hemp paper CLASSIC<\/strong><\/p>","protected":false},"featured_media":12370,"template":"","meta":{"_joinchat":[]},"product_brand":[],"product_cat":[468,676],"product_tag":[],"class_list":{"0":"post-12402","1":"product","2":"type-product","3":"status-publish","4":"has-post-thumbnail","6":"product_cat-diy","7":"product_cat-headshop","10":"first","11":"instock","12":"taxable","13":"shipping-taxable","14":"purchasable","15":"product-type-simple"},"tiered_pricing_type":"fixed","tiered_pricing_fixed_rules":{"2":2.5},"tiered_pricing_product_settings":{"layout":"default","base_unit_name":{"singular":null,"plural":null},"default_variation":null},"tiered_pricing_minimum_quantity":null,"tiered_pricing_roles_data":[],"tiered_pricing_percentage_rules":[],"tiered_pricing_maximum_quantity":null,"tiered_pricing_quantity_step":null,"_links":{"self":[{"href":"https:\/\/cbditaly.ee\/en\/wp-json\/wp\/v2\/product\/12402","targetHints":{"allow":["GET"]}}],"collection":[{"href":"https:\/\/cbditaly.ee\/en\/wp-json\/wp\/v2\/product"}],"about":[{"href":"https:\/\/cbditaly.ee\/en\/wp-json\/wp\/v2\/types\/product"}],"wp:featuredmedia":[{"embeddable":true,"href":"https:\/\/cbditaly.ee\/en\/wp-json\/wp\/v2\/media\/12370"}],"wp:attachment":[{"href":"https:\/\/cbditaly.ee\/en\/wp-json\/wp\/v2\/media?parent=12402"}],"wp:term":[{"taxonomy":"product_brand","embeddable":true,"href":"https:\/\/cbditaly.ee\/en\/wp-json\/wp\/v2\/product_brand?post=12402"},{"taxonomy":"product_cat","embeddable":true,"href":"https:\/\/cbditaly.ee\/en\/wp-json\/wp\/v2\/product_cat?post=12402"},{"taxonomy":"product_tag","embeddable":true,"href":"https:\/\/cbditaly.ee\/en\/wp-json\/wp\/v2\/product_tag?post=12402"}],"curies":[{"name":"wp","href":"https:\/\/api.w.org\/{rel}","templated":true}]}}