{"id":14182,"date":"2025-08-14T18:35:32","date_gmt":"2025-08-14T15:35:32","guid":{"rendered":"https:\/\/cbditaly.ee\/?post_type=product&#038;p=14182"},"modified":"2025-08-18T18:36:34","modified_gmt":"2025-08-18T15:36:34","slug":"kanepitee-25g-100-dutch-passion","status":"publish","type":"product","link":"https:\/\/cbditaly.ee\/en\/product\/kanepitee-25g-100-dutch-passion\/","title":{"rendered":"Hemp Tea Force Dutch Passion \u2013 25 g, CBG 7%"},"content":{"rendered":"<p data-start=\"60\" data-end=\"93\"><strong data-start=\"60\" data-end=\"91\">KANEPITEE Dutch Passion 25 g<\/strong><\/p>\n<p data-start=\"95\" data-end=\"226\">Discover <em data-start=\"102\" data-end=\"117\">Dutch Passion<\/em> kanepitaimetee \u2013 ainulaadne segu, mis \u00fchendab hoolikalt valitud koostisosad ja kanepi looduslikud n\u00fcansid.<\/p>\n<p data-start=\"228\" data-end=\"440\">Iga pakk on valmistatud k\u00f5rge kvaliteediga, j\u00e4tkusuutlikult kasvatatud toorainest, tagades puhta ja autentse maitse. \u00d5rn t\u00f6\u00f6tlemine aitab s\u00e4ilitada kanepi iseloomulikud omadused ja annab teele loomuliku aroomi.<\/p>\n<p data-start=\"442\" data-end=\"556\">Igap\u00e4evasteks rituaalideks v\u00f5i erilisteks puhkudeks on <em data-start=\"497\" data-end=\"512\">Dutch Passion<\/em> kanepitaimetee loomulik ja maitsev valik.<\/p>\n<p>Manufacturer: Organic CBDITALY Limited<\/p>\n<p>Wholesale: <a href=\"https:\/\/www.cbditaly.store\/\" target=\"_blank\" rel=\"noopener\">www.cbditaly.store<\/a><\/p>","protected":false},"excerpt":{"rendered":"<p><strong data-start=\"151\" data-end=\"199\">Kanepitee Force Dutch Passion \u2013 25 g, CBG<\/strong><\/p>","protected":false},"featured_media":14177,"template":"","meta":{"_joinchat":[]},"product_brand":[],"product_cat":[468,665],"product_tag":[],"class_list":{"0":"post-14182","1":"product","2":"type-product","3":"status-publish","4":"has-post-thumbnail","6":"product_cat-diy","7":"product_cat-taimeteed-ja-kanepiteed","10":"first","11":"instock","12":"sale","13":"purchasable","14":"product-type-simple"},"tiered_pricing_type":"fixed","tiered_pricing_fixed_rules":{"5":6},"tiered_pricing_product_settings":{"layout":"default","base_unit_name":{"singular":null,"plural":null},"default_variation":null},"tiered_pricing_minimum_quantity":null,"tiered_pricing_roles_data":[],"tiered_pricing_percentage_rules":[],"tiered_pricing_maximum_quantity":null,"tiered_pricing_quantity_step":null,"_links":{"self":[{"href":"https:\/\/cbditaly.ee\/en\/wp-json\/wp\/v2\/product\/14182","targetHints":{"allow":["GET"]}}],"collection":[{"href":"https:\/\/cbditaly.ee\/en\/wp-json\/wp\/v2\/product"}],"about":[{"href":"https:\/\/cbditaly.ee\/en\/wp-json\/wp\/v2\/types\/product"}],"wp:featuredmedia":[{"embeddable":true,"href":"https:\/\/cbditaly.ee\/en\/wp-json\/wp\/v2\/media\/14177"}],"wp:attachment":[{"href":"https:\/\/cbditaly.ee\/en\/wp-json\/wp\/v2\/media?parent=14182"}],"wp:term":[{"taxonomy":"product_brand","embeddable":true,"href":"https:\/\/cbditaly.ee\/en\/wp-json\/wp\/v2\/product_brand?post=14182"},{"taxonomy":"product_cat","embeddable":true,"href":"https:\/\/cbditaly.ee\/en\/wp-json\/wp\/v2\/product_cat?post=14182"},{"taxonomy":"product_tag","embeddable":true,"href":"https:\/\/cbditaly.ee\/en\/wp-json\/wp\/v2\/product_tag?post=14182"}],"curies":[{"name":"wp","href":"https:\/\/api.w.org\/{rel}","templated":true}]}}