{"id":15169,"date":"2025-12-11T01:51:09","date_gmt":"2025-12-10T23:51:09","guid":{"rendered":"https:\/\/cbditaly.ee\/?post_type=product&#038;p=15169"},"modified":"2026-04-05T15:35:14","modified_gmt":"2026-04-05T12:35:14","slug":"xxl-amnesia-joint-x-thcvo-60-3-pakend-4g","status":"publish","type":"product","link":"https:\/\/cbditaly.ee\/en\/product\/xxl-amnesia-joint-x-thcvo-60-3-pakend-4g\/","title":{"rendered":"XXL Amnesia Joint X THCVO 60% \u2013 3-pakend (4g)"},"content":{"rendered":"<div class=\"flex max-w-full flex-col flex-grow\">\n<div class=\"min-h-8 text-message flex w-full flex-col items-end gap-2 whitespace-normal break-words text-start [.text-message+&amp;]:mt-5\" dir=\"auto\" data-message-author-role=\"assistant\" data-message-id=\"e51bf9c8-c2bb-4feb-a0fa-7a4d30b55644\" data-message-model-slug=\"gpt-4o\">\n<div class=\"flex w-full flex-col gap-1 empty:hidden first:pt-[3px]\">\n<div class=\"markdown prose w-full break-words dark:prose-invert light\">\n<p data-start=\"0\" data-end=\"58\">XXL Amnesia Joint X THCVO 60% \u2013 3-pakend (4g)<\/p>\n<p data-start=\"60\" data-end=\"456\">Koge eksklusiivset kollektsioonitasemel kvaliteeti meie Amnesia joints\u2019ide 3-pakendis. Iga hoolikalt valmistatud 1,33-grammine joint on esteetiliselt viimistletud ja pakub magusat, kreemjat ning peene vaniljevarjundiga aroomi. Valmistatud ainult parimatest pungadest ja rullitud originaalsesse King Size RAW paberisse koos filtriga \u2013 garanteerides esmaklassilise viimistluse ja v\u00e4limuse.<\/p>\n<p data-start=\"458\" data-end=\"516\">Ice Cream X THCVO 60%<br data-start=\"484\" data-end=\"487\" \/>THC sisaldus: alla 0,3%<\/p>\n<p data-start=\"125\" data-end=\"514\">\u00dclevaade:<br data-start=\"138\" data-end=\"141\" \/>Amnesia on visuaalselt silmapaistev kanepisort, mida hinnatakse selle v\u00e4ljendusrikka struktuuri ja taimse-tsitruselise aroomiprofiili t\u00f5ttu. Selle eriversioon on rikastatud\u00a0THCVO 60%\u00a0sisaldusega, mis lisab sordile tehnoloogilise ja teadusliku erip\u00e4ra. Tegemist on premium-kategooria kollektsioneerimistootega, mis sobib h\u00e4sti professionaalsetesse esitluskeskkondadesse.<\/p>\n<p data-start=\"516\" data-end=\"797\">V\u00e4limus ja aroom:<br data-start=\"537\" data-end=\"540\" \/>\u00d5ied on tihedad, vaigused ja rikkaliku kristalse h\u00e4rmatisega kaetud. Domineerivad erksad rohelised toonid, mida r\u00f5hutavad oran\u017eid karvad. Aroomiprofiil viitab taimsetele, maal\u00e4hedastele ja \u00f5rnalt tsitruselistele nootidele, mis on omased Amnesia geneetikale.<\/p>\n<p data-start=\"799\" data-end=\"969\">Koostis ja omadused:<br data-start=\"823\" data-end=\"826\" \/>THCVO: kuni 60%<br data-start=\"845\" data-end=\"848\" \/>CBD: loomulik taimne sisaldus<br data-start=\"877\" data-end=\"880\" \/>THC sisaldus: alla &lt;0,3%<br data-start=\"904\" data-end=\"907\" \/>Stabiilne morfoloogia ja visuaalselt v\u00e4ga atraktiivne v\u00e4limus.<\/p>\n<p data-start=\"971\" data-end=\"1119\">P\u00e4ritolu ja tootmine:<br data-start=\"996\" data-end=\"999\" \/>Tooted on k\u00e4sitsi valitud ning hoolikalt kontrollitud, et tagada \u00fchtlane visuaalne kvaliteet.<br data-start=\"1092\" data-end=\"1095\" \/>P\u00e4ritolumaa:\u00a0Itaalia<\/p>\n<p data-start=\"1121\" data-end=\"1409\">Kasutus ja piirangud:<br data-start=\"1146\" data-end=\"1149\" \/>Toote kasutus:\u00a0Ainult professionaalseks kasutamiseks v\u00f5i kollektsioneerimiseks. Mitte inimtarbimiseks.<br data-start=\"1255\" data-end=\"1258\" \/>M\u00fc\u00fcgipiirangud:\u00a0Ei m\u00fc\u00fcda alla 18-aastastele.<br data-start=\"1306\" data-end=\"1309\" \/>Hoiustamine: Hoida kuivas ja jahedas kohas, eemal otsesest kuumusest ja lastele k\u00e4ttesaamatus kohas.<\/p>\n<p data-start=\"1411\" data-end=\"1598\">Hulgim\u00fc\u00fck ja partnerlus:<br data-start=\"1439\" data-end=\"1442\" \/>Kas soovid saada iseseisvaks edasim\u00fc\u00fcjaks v\u00f5i frantsiisipartneriks?<br data-start=\"1509\" data-end=\"1512\" \/>Pakume madalaid miinimumkoguseid, professionaalset kvaliteeti ja paindlikke tingimusi.<\/p>\n<p data-start=\"1600\" data-end=\"1662\">Liitu meie Cash &amp; Carry\u2019ga v\u00f5i kirjuta:\u00a0<a class=\"decorated-link cursor-pointer\" rel=\"noopener\" data-start=\"1642\" data-end=\"1660\">biz@cbditaly.store<\/a><\/p>\n<\/div>\n<\/div>\n<\/div>\n<\/div>\n","protected":false},"excerpt":{"rendered":"<p>Premium Amnesia Joint THCVO 60% \u2013 3-pakend (4g)<\/p>","protected":false},"featured_media":16019,"template":"","meta":{"_joinchat":[]},"product_brand":[],"product_cat":[327,704,695,703],"product_tag":[],"class_list":{"0":"post-15169","1":"product","2":"type-product","3":"status-publish","4":"has-post-thumbnail","6":"product_cat-cbd-cbg-kanepi-oied","7":"product_cat-new","8":"product_cat-pre-rolls","9":"product_cat-thcvo","12":"first","13":"instock","14":"taxable","15":"shipping-taxable","16":"purchasable","17":"product-type-simple"},"tiered_pricing_type":"fixed","tiered_pricing_fixed_rules":[],"tiered_pricing_product_settings":{"layout":"default","base_unit_name":{"singular":null,"plural":null},"default_variation":null},"tiered_pricing_minimum_quantity":null,"tiered_pricing_roles_data":[],"tiered_pricing_percentage_rules":[],"tiered_pricing_maximum_quantity":null,"tiered_pricing_quantity_step":null,"_links":{"self":[{"href":"https:\/\/cbditaly.ee\/en\/wp-json\/wp\/v2\/product\/15169","targetHints":{"allow":["GET"]}}],"collection":[{"href":"https:\/\/cbditaly.ee\/en\/wp-json\/wp\/v2\/product"}],"about":[{"href":"https:\/\/cbditaly.ee\/en\/wp-json\/wp\/v2\/types\/product"}],"wp:featuredmedia":[{"embeddable":true,"href":"https:\/\/cbditaly.ee\/en\/wp-json\/wp\/v2\/media\/16019"}],"wp:attachment":[{"href":"https:\/\/cbditaly.ee\/en\/wp-json\/wp\/v2\/media?parent=15169"}],"wp:term":[{"taxonomy":"product_brand","embeddable":true,"href":"https:\/\/cbditaly.ee\/en\/wp-json\/wp\/v2\/product_brand?post=15169"},{"taxonomy":"product_cat","embeddable":true,"href":"https:\/\/cbditaly.ee\/en\/wp-json\/wp\/v2\/product_cat?post=15169"},{"taxonomy":"product_tag","embeddable":true,"href":"https:\/\/cbditaly.ee\/en\/wp-json\/wp\/v2\/product_tag?post=15169"}],"curies":[{"name":"wp","href":"https:\/\/api.w.org\/{rel}","templated":true}]}}