{"id":15755,"date":"2026-02-11T12:35:46","date_gmt":"2026-02-11T10:35:46","guid":{"rendered":"https:\/\/cbditaly.ee\/?post_type=product&#038;p=15755"},"modified":"2026-04-11T17:59:08","modified_gmt":"2026-04-11T14:59:08","slug":"cbg-dutch-passion-x-thcvo-60","status":"publish","type":"product","link":"https:\/\/cbditaly.ee\/en\/product\/cbg-dutch-passion-x-thcvo-60\/","title":{"rendered":"CBG DUTCH PASSION X THCVO 60%"},"content":{"rendered":"<p>Kanepi \u00f5ied CBG DUTCH PASSION X THCVO 60%<br \/>\nTHC &lt;0,3%<\/p>\n<p>Overview:<br \/>\nCBG Dutch Passion on visuaalselt \u00fchtlane ja geneetiliselt stabiilne kanepisort, mida hinnatakse selle professionaalse kvaliteedi ja selge morfoloogia poolest. Antud eriversioon on rikastatud kuni 60% THCVO sisaldusega, lisades tootele tehnoloogilise ja teadusliku m\u00f5\u00f5tme. Tegemist on premium-kategooria kollektsioneerimistootega, mis sobib esitlusteks ja professionaalsetesse eksponeerimiskeskkondadesse.<\/p>\n<p>Appearance and aroma:<br \/>\n\u00d5ied on tihedad, struktuurilt kompaktsed ning kaetud \u00fchtlase vaiguse ja kristalse kihiga. V\u00e4rvitoonis domineerivad heledamad rohelised ja kergelt kuldsed n\u00fcansid. Aroomiprofiil on CBG-rikastele sortidele omaselt pehmem ja mahedam, esile kerkivad kergelt \u00fcrdised, \u00f5rnad tsitruselised ja maal\u00e4hedased noodid.<\/p>\n<p>Composition and characteristics:<br \/>\nTHCVO: up to 60%<br \/>\nCBG: loomulik taimne sisaldus<br \/>\nTHC content: below &lt;0.3%<br \/>\n\u00dchtlane struktuur ja visuaalselt esinduslik v\u00e4limus<\/p>\n<p>Origin and production:<br \/>\n\u00d5ied on hoolikalt valitud ja kontrollitud, et tagada \u00fchtlane kvaliteedistandard.<br \/>\nCountry of Origin: Italy<\/p>\n<p>Use and restrictions:<br \/>\nProduct use: For professional use or collection purposes only. Not for human consumption.<br \/>\nSales restriction: not for sale to persons under 18.<br \/>\nStorage: Store in a dry and cool place, away from direct heat and out of reach of children.<\/p>\n<p>Wholesale and partnership:<br \/>\nWant to become an independent distributor or franchise partner?<br \/>\nWe offer low minimum quantities, professional quality, and flexible terms.<\/p>\n<p>Join our Cash &amp; Carry or write to us: <a href=\"mailto:biz@cbditaly.store\">biz@cbditaly.store<\/a><\/p>","protected":false},"excerpt":{"rendered":"<p>Swiss Cheese X THCVO 60%<br \/>\nAvailable in packs: 2g-3g-5g-10g-20g-50g<\/p>","protected":false},"featured_media":15886,"template":"","meta":{"_joinchat":[]},"product_brand":[],"product_cat":[327,704,703],"product_tag":[],"class_list":{"0":"post-15755","1":"product","2":"type-product","3":"status-publish","4":"has-post-thumbnail","6":"product_cat-cbd-cbg-kanepi-oied","7":"product_cat-new","8":"product_cat-thcvo","11":"first","12":"instock","13":"purchasable","14":"product-type-simple"},"tiered_pricing_type":"fixed","tiered_pricing_fixed_rules":{"2":17,"3":15,"5":10,"10":9,"20":8,"50":7,"100":6,"1000":4.5},"tiered_pricing_product_settings":{"layout":"default","base_unit_name":{"singular":null,"plural":null},"default_variation":null},"tiered_pricing_minimum_quantity":null,"tiered_pricing_roles_data":[],"tiered_pricing_percentage_rules":[],"tiered_pricing_maximum_quantity":null,"tiered_pricing_quantity_step":null,"_links":{"self":[{"href":"https:\/\/cbditaly.ee\/en\/wp-json\/wp\/v2\/product\/15755","targetHints":{"allow":["GET"]}}],"collection":[{"href":"https:\/\/cbditaly.ee\/en\/wp-json\/wp\/v2\/product"}],"about":[{"href":"https:\/\/cbditaly.ee\/en\/wp-json\/wp\/v2\/types\/product"}],"wp:featuredmedia":[{"embeddable":true,"href":"https:\/\/cbditaly.ee\/en\/wp-json\/wp\/v2\/media\/15886"}],"wp:attachment":[{"href":"https:\/\/cbditaly.ee\/en\/wp-json\/wp\/v2\/media?parent=15755"}],"wp:term":[{"taxonomy":"product_brand","embeddable":true,"href":"https:\/\/cbditaly.ee\/en\/wp-json\/wp\/v2\/product_brand?post=15755"},{"taxonomy":"product_cat","embeddable":true,"href":"https:\/\/cbditaly.ee\/en\/wp-json\/wp\/v2\/product_cat?post=15755"},{"taxonomy":"product_tag","embeddable":true,"href":"https:\/\/cbditaly.ee\/en\/wp-json\/wp\/v2\/product_tag?post=15755"}],"curies":[{"name":"wp","href":"https:\/\/api.w.org\/{rel}","templated":true}]}}