{"id":15756,"date":"2026-02-11T12:38:03","date_gmt":"2026-02-11T10:38:03","guid":{"rendered":"https:\/\/cbditaly.ee\/?post_type=product&#038;p=15756"},"modified":"2026-04-05T15:33:46","modified_gmt":"2026-04-05T12:33:46","slug":"xxl-lemon-haze-joint-x-thcvo-60-3-pakend-4g","status":"publish","type":"product","link":"https:\/\/cbditaly.ee\/en\/product\/xxl-lemon-haze-joint-x-thcvo-60-3-pakend-4g\/","title":{"rendered":"XXL Lemon Haze Joint X THCVO 60% \u2013 3-pakend (4g)"},"content":{"rendered":"<div class=\"flex max-w-full flex-col flex-grow\">\n<div class=\"min-h-8 text-message flex w-full flex-col items-end gap-2 whitespace-normal break-words text-start [.text-message+&amp;]:mt-5\" dir=\"auto\" data-message-author-role=\"assistant\" data-message-id=\"e51bf9c8-c2bb-4feb-a0fa-7a4d30b55644\" data-message-model-slug=\"gpt-4o\">\n<div class=\"flex w-full flex-col gap-1 empty:hidden first:pt-[3px]\">\n<div class=\"markdown prose w-full break-words dark:prose-invert light\">\n<p data-start=\"0\" data-end=\"58\">Premium Lemon Haze Joint X THCVO 60% \u2013 3-pakend (4g)<\/p>\n<p data-start=\"60\" data-end=\"432\">Koge eksklusiivset kollektsioonitasemel kvaliteeti meie Lemon Haze joints\u2019ide 3-pakendis. Iga hoolikalt valmistatud 1,33-grammine joint on esteetiliselt viimistletud ning iseloomuliku v\u00e4rske tsitruselise aroomiprofiiliga. Valmistatud valitud pungadest ja rullitud originaalsesse King Size RAW paberisse koos filtriga \u2013 tagades professionaalse v\u00e4limuse ja \u00fchtlase viimistluse.<\/p>\n<p data-start=\"434\" data-end=\"482\">Lemon Haze X THCVO 60%<br data-start=\"456\" data-end=\"459\" \/>THC sisaldus: alla 0,3%<\/p>\n<p data-start=\"484\" data-end=\"897\">\u00dclevaade:<br data-start=\"493\" data-end=\"496\" \/>Lemon Haze on visuaalselt eristuv ja energilise karakteriga kanepisort, mida hinnatakse selle kompaktse struktuuri ja v\u00e4ljendusrikka tsitruselise aroomi poolest. Selle eriversioon on rikastatud THCVO 60% sisaldusega, mis lisab tootele tehnoloogilise ja teadusliku m\u00f5\u00f5tme. Tegemist on premium-kategooria kollektsioneerimistootega, mis sobib professionaalsetesse esitlus- ja eksponeerimiskeskkondadesse.<\/p>\n<p data-start=\"899\" data-end=\"1207\">V\u00e4limus ja aroom:<br data-start=\"916\" data-end=\"919\" \/>Pungad on tihedad, vaigused ja kaetud rikkaliku kristalse h\u00e4rmatisega. Domineerivad erksad rohelised toonid koos kontrastsete oran\u017eide karvadega. Aroomiprofiil on selgelt tsitruseline, meenutades v\u00e4rsket sidrunikoort ja pehmeid \u00fcrdiseid noote, mis on iseloomulikud Lemon Haze geneetikale.<\/p>\n<p data-start=\"1209\" data-end=\"1364\">Koostis ja omadused:<br data-start=\"1229\" data-end=\"1232\" \/>THCVO: kuni 60%<br data-start=\"1247\" data-end=\"1250\" \/>CBD: loomulik taimne sisaldus<br data-start=\"1279\" data-end=\"1282\" \/>THC sisaldus: alla &lt;0,3%<br data-start=\"1306\" data-end=\"1309\" \/>\u00dchtlane morfoloogia ja visuaalselt esinduslik struktuur<\/p>\n<p data-start=\"1366\" data-end=\"1511\">P\u00e4ritolu ja tootmine:<br data-start=\"1387\" data-end=\"1390\" \/>Tooted on k\u00e4sitsi valitud ja kvaliteedikontrollitud, tagamaks professionaalne ja \u00fchtlane standard.<br data-start=\"1488\" data-end=\"1491\" \/>P\u00e4ritolumaa: Itaalia<\/p>\n<p data-start=\"1513\" data-end=\"1789\">Kasutus ja piirangud:<br data-start=\"1534\" data-end=\"1537\" \/>Toote kasutus: Ainult professionaalseks kasutamiseks v\u00f5i kollektsioneerimiseks. Mitte inimtarbimiseks.<br data-start=\"1639\" data-end=\"1642\" \/>M\u00fc\u00fcgipiirangud: Ei m\u00fc\u00fcda alla 18-aastastele.<br data-start=\"1686\" data-end=\"1689\" \/>Hoiustamine: Hoida kuivas ja jahedas kohas, eemal otsesest kuumusest ja lastele k\u00e4ttesaamatus kohas.<\/p>\n<p data-start=\"1791\" data-end=\"1974\">Hulgim\u00fc\u00fck ja partnerlus:<br data-start=\"1815\" data-end=\"1818\" \/>Kas soovid saada iseseisvaks edasim\u00fc\u00fcjaks v\u00f5i frantsiisipartneriks?<br data-start=\"1885\" data-end=\"1888\" \/>Pakume madalaid miinimumkoguseid, professionaalset kvaliteeti ja paindlikke tingimusi.<\/p>\n<p data-start=\"1976\" data-end=\"2034\" data-is-last-node=\"\" data-is-only-node=\"\">Liitu meie Cash &amp; Carry\u2019ga v\u00f5i kirjuta: <a class=\"decorated-link cursor-pointer\" rel=\"noopener\" data-start=\"2016\" data-end=\"2034\" data-is-last-node=\"\">biz@cbditaly.store<\/a><\/p>\n<\/div>\n<\/div>\n<\/div>\n<\/div>\n","protected":false},"excerpt":{"rendered":"<p>Premium Lemon Haze Joint THCVO 60% \u2013 3-pakend (4g)<\/p>","protected":false},"featured_media":16019,"template":"","meta":{"_joinchat":[]},"product_brand":[],"product_cat":[327,704,695,703],"product_tag":[],"class_list":{"0":"post-15756","1":"product","2":"type-product","3":"status-publish","4":"has-post-thumbnail","6":"product_cat-cbd-cbg-kanepi-oied","7":"product_cat-new","8":"product_cat-pre-rolls","9":"product_cat-thcvo","12":"first","13":"instock","14":"taxable","15":"shipping-taxable","16":"purchasable","17":"product-type-simple"},"tiered_pricing_type":"fixed","tiered_pricing_fixed_rules":[],"tiered_pricing_product_settings":{"layout":"default","base_unit_name":{"singular":null,"plural":null},"default_variation":null},"tiered_pricing_minimum_quantity":null,"tiered_pricing_roles_data":[],"tiered_pricing_percentage_rules":[],"tiered_pricing_maximum_quantity":null,"tiered_pricing_quantity_step":null,"_links":{"self":[{"href":"https:\/\/cbditaly.ee\/en\/wp-json\/wp\/v2\/product\/15756","targetHints":{"allow":["GET"]}}],"collection":[{"href":"https:\/\/cbditaly.ee\/en\/wp-json\/wp\/v2\/product"}],"about":[{"href":"https:\/\/cbditaly.ee\/en\/wp-json\/wp\/v2\/types\/product"}],"wp:featuredmedia":[{"embeddable":true,"href":"https:\/\/cbditaly.ee\/en\/wp-json\/wp\/v2\/media\/16019"}],"wp:attachment":[{"href":"https:\/\/cbditaly.ee\/en\/wp-json\/wp\/v2\/media?parent=15756"}],"wp:term":[{"taxonomy":"product_brand","embeddable":true,"href":"https:\/\/cbditaly.ee\/en\/wp-json\/wp\/v2\/product_brand?post=15756"},{"taxonomy":"product_cat","embeddable":true,"href":"https:\/\/cbditaly.ee\/en\/wp-json\/wp\/v2\/product_cat?post=15756"},{"taxonomy":"product_tag","embeddable":true,"href":"https:\/\/cbditaly.ee\/en\/wp-json\/wp\/v2\/product_tag?post=15756"}],"curies":[{"name":"wp","href":"https:\/\/api.w.org\/{rel}","templated":true}]}}