{"id":15936,"date":"2026-03-09T16:11:03","date_gmt":"2026-03-09T14:11:03","guid":{"rendered":"https:\/\/cbditaly.ee\/?post_type=product&#038;p=15936"},"modified":"2026-04-05T15:35:35","modified_gmt":"2026-04-05T12:35:35","slug":"3-mix-xxl-joint-x-thcvo-60-3-pakend-4g","status":"publish","type":"product","link":"https:\/\/cbditaly.ee\/en\/product\/3-mix-xxl-joint-x-thcvo-60-3-pakend-4g\/","title":{"rendered":"3 Mix XXL Joint X THCVO 60% \u2013 3-pakend (4g)"},"content":{"rendered":"<div class=\"flex max-w-full flex-col flex-grow\">\n<div class=\"min-h-8 text-message flex w-full flex-col items-end gap-2 whitespace-normal break-words text-start [.text-message+&amp;]:mt-5\" dir=\"auto\" data-message-author-role=\"assistant\" data-message-id=\"e51bf9c8-c2bb-4feb-a0fa-7a4d30b55644\" data-message-model-slug=\"gpt-4o\">\n<div class=\"flex w-full flex-col gap-1 empty:hidden first:pt-[3px]\">\n<div class=\"markdown prose w-full break-words dark:prose-invert light\">\n<p data-start=\"0\" data-end=\"58\">3 XXL Mix Joint X THCVO 60% \u2013 3-pakend (4g)<\/p>\n<p data-start=\"104\" data-end=\"483\">Koge eksklusiivset kollektsioonitasemel valikut meie Premium Mix joints\u2019ide 3-pakendis. Iga hoolikalt valmistatud 1,33-grammine joint esindab erinevat tuntud kanepisorti, pakkudes mitmekesist visuaalset ja aromaatset profiili. Valmistatud valitud pungadest ning rullitud originaalsesse King Size RAW paberisse koos filtriga \u2013 tagades professionaalse v\u00e4limuse ja \u00fchtlase viimistluse.<\/p>\n<p data-start=\"485\" data-end=\"596\">Pakendis sisaldub:<br data-start=\"503\" data-end=\"506\" \/>\u2022 1x Lemon Haze X THCVO 60%<br data-start=\"533\" data-end=\"536\" \/>\u2022 1x Swiss Cheese X THCVO 60%<br data-start=\"565\" data-end=\"568\" \/>\u2022 1x Ice Cream X THCVO 60%<\/p>\n<p data-start=\"598\" data-end=\"621\">THC sisaldus: alla 0,3%<\/p>\n<p data-start=\"623\" data-end=\"1187\"><strong data-start=\"623\" data-end=\"636\">\u00dclevaade:<\/strong><br data-start=\"636\" data-end=\"639\" \/>Premium Mix kollektsioon \u00fchendab kolm eristuva karakteriga kanepisorti \u00fchte eksklusiivsesse komplekti. Lemon Haze pakub s\u00e4ravat tsitruselist aromaatset profiili, Swiss Cheese on tuntud oma erilise ja s\u00fcgava aromaatse identiteedi poolest, ning Ice Cream paistab silma elegantse ja pehme magusa n\u00fcansiga. K\u00f5ik variandid on rikastatud THCVO kuni 60% sisaldusega, lisades toodetele tehnoloogilise ja teadusliku m\u00f5\u00f5tme. Tegemist on premium-kategooria kollektsioneerimistoodetega, mis sobivad professionaalsetesse esitlus- ja eksponeerimiskeskkondadesse.<\/p>\n<p data-start=\"1189\" data-end=\"1593\"><strong data-start=\"1189\" data-end=\"1210\">V\u00e4limus ja aroom:<\/strong><br data-start=\"1210\" data-end=\"1213\" \/>Infloresensid on tihedad, vaigused ning kaetud rikkaliku kristalse kihiga. V\u00e4rvipaletis domineerivad erksad rohelised toonid koos kontrastsete oran\u017eide pistillidega. Iga sort esindab erinevat aromaatset profiili: v\u00e4rsked tsitruselised noodid Lemon Haze\u2019i puhul, s\u00fcgavam ja eristuv aroom Swiss Cheese\u2019i puhul ning pehmed, kreemjad ja kergelt magusad n\u00fcansid Ice Cream\u2019i geneetikas.<\/p>\n<p data-start=\"1595\" data-end=\"1754\"><strong data-start=\"1595\" data-end=\"1619\">Koostis ja omadused:<\/strong><br data-start=\"1619\" data-end=\"1622\" \/>THCVO: kuni 60%<br data-start=\"1637\" data-end=\"1640\" \/>CBD: loomulik taimne sisaldus<br data-start=\"1669\" data-end=\"1672\" \/>THC sisaldus: alla &lt;0,3%<br data-start=\"1696\" data-end=\"1699\" \/>\u00dchtlane morfoloogia ja visuaalselt esinduslik struktuur<\/p>\n<p data-start=\"1756\" data-end=\"1905\"><strong data-start=\"1756\" data-end=\"1781\">P\u00e4ritolu ja tootmine:<\/strong><br data-start=\"1781\" data-end=\"1784\" \/>Tooted on k\u00e4sitsi valitud ja kvaliteedikontrollitud, tagamaks professionaalne ja \u00fchtlane standard.<br data-start=\"1882\" data-end=\"1885\" \/>P\u00e4ritolumaa: Itaalia<\/p>\n<p data-start=\"1907\" data-end=\"2187\"><strong data-start=\"1907\" data-end=\"1932\">Kasutus ja piirangud:<\/strong><br data-start=\"1932\" data-end=\"1935\" \/>Toote kasutus: Ainult professionaalseks kasutamiseks v\u00f5i kollektsioneerimiseks. Mitte inimtarbimiseks.<br data-start=\"2037\" data-end=\"2040\" \/>M\u00fc\u00fcgipiirangud: Ei m\u00fc\u00fcda alla 18-aastastele.<br data-start=\"2084\" data-end=\"2087\" \/>Hoiustamine: Hoida kuivas ja jahedas kohas, eemal otsesest kuumusest ja lastele k\u00e4ttesaamatus kohas.<\/p>\n<p data-start=\"2189\" data-end=\"2376\"><strong data-start=\"2189\" data-end=\"2217\">Hulgim\u00fc\u00fck ja partnerlus:<\/strong><br data-start=\"2217\" data-end=\"2220\" \/>Kas soovid saada iseseisvaks edasim\u00fc\u00fcjaks v\u00f5i frantsiisipartneriks?<br data-start=\"2287\" data-end=\"2290\" \/>Pakume madalaid miinimumkoguseid, professionaalset kvaliteeti ja paindlikke tingimusi.<\/p>\n<p data-start=\"2378\" data-end=\"2442\">Liitu meie Cash &amp; Carry\u2019ga v\u00f5i kirjuta:<br data-start=\"2417\" data-end=\"2420\" \/><strong data-start=\"2420\" data-end=\"2442\"><a class=\"decorated-link cursor-pointer\" rel=\"noopener\" data-start=\"2422\" data-end=\"2440\">biz@cbditaly.store<\/a><\/strong><\/p>\n<\/div>\n<\/div>\n<\/div>\n<\/div>\n","protected":false},"excerpt":{"rendered":"<p><strong data-start=\"0\" data-end=\"49\">Premium Mix Joint X THCVO 60% \u2013 3-pakend (4g)<\/strong><br data-start=\"49\" data-end=\"52\" \/><em data-start=\"52\" data-end=\"102\">(1x Lemon Haze + 1x Swiss Cheese + 1x Ice Cream)<\/em><\/p>","protected":false},"featured_media":16019,"template":"","meta":{"_joinchat":[]},"product_brand":[],"product_cat":[327,704,695,703],"product_tag":[],"class_list":{"0":"post-15936","1":"product","2":"type-product","3":"status-publish","4":"has-post-thumbnail","6":"product_cat-cbd-cbg-kanepi-oied","7":"product_cat-new","8":"product_cat-pre-rolls","9":"product_cat-thcvo","12":"first","13":"instock","14":"taxable","15":"shipping-taxable","16":"purchasable","17":"product-type-simple"},"tiered_pricing_type":"fixed","tiered_pricing_fixed_rules":[],"tiered_pricing_product_settings":{"layout":"default","base_unit_name":{"singular":null,"plural":null},"default_variation":null},"tiered_pricing_minimum_quantity":null,"tiered_pricing_roles_data":[],"tiered_pricing_percentage_rules":[],"tiered_pricing_maximum_quantity":null,"tiered_pricing_quantity_step":null,"_links":{"self":[{"href":"https:\/\/cbditaly.ee\/en\/wp-json\/wp\/v2\/product\/15936","targetHints":{"allow":["GET"]}}],"collection":[{"href":"https:\/\/cbditaly.ee\/en\/wp-json\/wp\/v2\/product"}],"about":[{"href":"https:\/\/cbditaly.ee\/en\/wp-json\/wp\/v2\/types\/product"}],"wp:featuredmedia":[{"embeddable":true,"href":"https:\/\/cbditaly.ee\/en\/wp-json\/wp\/v2\/media\/16019"}],"wp:attachment":[{"href":"https:\/\/cbditaly.ee\/en\/wp-json\/wp\/v2\/media?parent=15936"}],"wp:term":[{"taxonomy":"product_brand","embeddable":true,"href":"https:\/\/cbditaly.ee\/en\/wp-json\/wp\/v2\/product_brand?post=15936"},{"taxonomy":"product_cat","embeddable":true,"href":"https:\/\/cbditaly.ee\/en\/wp-json\/wp\/v2\/product_cat?post=15936"},{"taxonomy":"product_tag","embeddable":true,"href":"https:\/\/cbditaly.ee\/en\/wp-json\/wp\/v2\/product_tag?post=15936"}],"curies":[{"name":"wp","href":"https:\/\/api.w.org\/{rel}","templated":true}]}}