{"id":25,"date":"2017-05-17T20:05:52","date_gmt":"2017-05-17T18:05:52","guid":{"rendered":"https:\/\/cbditaly.ee\/est\/?page_id=25"},"modified":"2026-03-03T23:15:21","modified_gmt":"2026-03-03T21:15:21","slug":"contacts","status":"publish","type":"page","link":"https:\/\/cbditaly.ee\/et\/contacts\/","title":{"rendered":"Kontakt"},"content":{"rendered":"<div class=\"wpb-content-wrapper\"><section data-vc-full-width=\"true\" data-vc-full-width-init=\"false\" class=\"vc_section\"><div class=\"vc_row wpb_row vc_row-fluid\"><div class=\"wpb_column vc_column_container vc_col-sm-12\"><div class=\"vc_column-inner\"><div class=\"wpb_wrapper\">\n\t<div class=\"wpb_text_column wpb_content_element\" >\n\t\t<div class=\"wpb_wrapper\">\n\t\t\t<p><span style=\"color: #000; text-size: 20px;\">Kui meie veebileht tundub hetkel veidi probleemne, siis palume mitte muretseda \u2013 teostame hetkel tehnilisi uuendusi ja parandust\u00f6id.<\/span><br \/>\n<span style=\"color: #000;\">Tellimusi saab teha tavap\u00e4raselt ja turvaliselt. K\u00f5ik on kontrolli all ning s\u00fcsteem t\u00f6\u00f6tab.<\/span><br \/>\n<span style=\"color: #000;\">T\u00e4name m\u00f5istva suhtumise eest!<\/span><\/p>\n<p><span style=\"color: #000;\">If our website appears to be experiencing some issues at the moment, please do not worry \u2014 we are currently carrying out technical updates and improvements.<\/span><br \/>\n<span style=\"color: #000;\">You can place your orders as usual and with full confidence. Everything is under control and the system is functioning properly.<\/span><br \/>\n<span style=\"color: #000;\">Thank you for your understanding.<\/span><\/p>\n\n\t\t<\/div>\n\t<\/div>\n<\/div><\/div><\/div><\/div><div class=\"vc_row wpb_row vc_row-fluid\"><div class=\"wpb_column vc_column_container vc_col-sm-8\"><div class=\"vc_column-inner\"><div class=\"wpb_wrapper\"><div class=\"heading  theme-icon align-center color-black transform-default ltx-theme-header icon-type-hidden   vc_custom_1590761432283 heading-tag-h4\" id=\"like_sc_header_1181497315\"><h4 class=\"header ltx-sr-id-like_sc_header_11814973151596170547 ltx-sr ltx-sr-effect-fade_in ltx-sr-el-block ltx-sr-delay-0 ltx-sr-duration-1000 ltx-sr-sequences-0\">CBDITALY.EE<\/h4><\/div><div class=\"align-default \"><ul class=\"social-icons-list   vc_custom_1713476672728 bg-main  icon-weight-bold\" id=\"like_sc_header_1304890598\"><li class=\" \"><span class=\"fa fa-map-marker\"><\/span><span class=\"head\">Hulgilaod: Eesti, Leedu, L\u00e4ti, Itaalia, Ungari<\/span><\/li><li class=\" \"><span class=\"fa fa-envelope-o\"><\/span><span class=\"head\">sales@cbditaly.ee<\/span><\/li><li class=\" \"><span class=\"fa fa-handshake-o\"><\/span><span class=\"head\">Business, CoffeeShops franchising: biz@cbditaly.store<\/span><\/li><li class=\" \"><span class=\"fa fa-shopping-bag\"><\/span><span class=\"head\">Jaem\u00fc\u00fcgikohad CBDITALY toodetele Eestis:  The CoffeeShop Tallinn #1: Aia 5b, Vanalinn The CoffeeShop Tallinn #2: Viru 3, Vanalinn (www.coffeeshoptallinn.ee). #3 Green Goddess Republic: Aia 5b, Vanalinn, Tallinn (Loodustoodete pood ja CBD-\u00f5liga massaa\u017eid). www.greengoddessrepublic.com <\/span><\/li><\/ul><\/div><div class=\"align-default \"><ul class=\"social-big bg-main  icon-weight-bold\" id=\"like_sc_header_835717065\"><li><a href=\"https:\/\/www.facebook.com\/cbditalystore.italia\/\" class=\"ltx-social-color fa fa-facebook\" target=\"_blank\" rel=\"noopener\"><\/a><\/li><li><a href=\"https:\/\/www.instagram.com\/cbditaly.store\" class=\"ltx-social-color fa fa-instagram\" target=\"_blank\" rel=\"noopener\"><\/a><\/li><\/ul><\/div><\/div><\/div><\/div><div class=\"wpb_column vc_column_container vc_col-sm-4\"><div class=\"vc_column-inner\"><div class=\"wpb_wrapper\"><\/div><\/div><\/div><\/div><\/section><div class=\"vc_row-full-width vc_clearfix\"><\/div>\n<\/div>","protected":false},"excerpt":{"rendered":"Kui meie veebileht tundub hetkel veidi probleemne, siis palume mitte muretseda \u2013 teostame hetkel tehnilisi uuendusi ja parandust\u00f6id. Tellimusi saab teha tavap\u00e4raselt ja turvaliselt. K\u00f5ik on kontrolli all ning s\u00fcsteem t\u00f6\u00f6tab. T\u00e4name m\u00f5istva suhtumise eest! If our website appears to be experiencing some issues at the moment, please do not worry \u2014 we are currently carrying out technical updates and improvements. You can place your orders as usual and with full confidence. Everything is under control and the system is functioning properly. Thank you for your understanding. CBDITALY.EEHulgilaod: Eesti, Leedu, L\u00e4ti, Itaalia, Ungarisales@cbditaly.eeBusiness, CoffeeShops franchising: biz@cbditaly.storeJaem\u00fc\u00fcgikohad CBDITALY toodetele Eestis: The CoffeeShop Tallinn #1: Aia 5b, Vanalinn The CoffeeShop Tallinn #2: Viru 3, Vanalinn (www.coffeeshoptallinn.ee). #3 Green Goddess Republic: Aia 5b, Vanalinn, Tallinn (Loodustoodete pood ja CBD-\u00f5liga massaa\u017eid). www.greengoddessrepublic.com","protected":false},"author":2,"featured_media":0,"parent":0,"menu_order":0,"comment_status":"closed","ping_status":"closed","template":"page-templates\/full-width.php","meta":{"_joinchat":[],"footnotes":""},"class_list":["post-25","page","type-page","status-publish","hentry"],"brizy_media":[],"_links":{"self":[{"href":"https:\/\/cbditaly.ee\/et\/wp-json\/wp\/v2\/pages\/25","targetHints":{"allow":["GET"]}}],"collection":[{"href":"https:\/\/cbditaly.ee\/et\/wp-json\/wp\/v2\/pages"}],"about":[{"href":"https:\/\/cbditaly.ee\/et\/wp-json\/wp\/v2\/types\/page"}],"author":[{"embeddable":true,"href":"https:\/\/cbditaly.ee\/et\/wp-json\/wp\/v2\/users\/2"}],"replies":[{"embeddable":true,"href":"https:\/\/cbditaly.ee\/et\/wp-json\/wp\/v2\/comments?post=25"}],"version-history":[{"count":35,"href":"https:\/\/cbditaly.ee\/et\/wp-json\/wp\/v2\/pages\/25\/revisions"}],"predecessor-version":[{"id":15910,"href":"https:\/\/cbditaly.ee\/et\/wp-json\/wp\/v2\/pages\/25\/revisions\/15910"}],"wp:attachment":[{"href":"https:\/\/cbditaly.ee\/et\/wp-json\/wp\/v2\/media?parent=25"}],"curies":[{"name":"wp","href":"https:\/\/api.w.org\/{rel}","templated":true}]}}