{"id":7847,"date":"2020-04-07T19:25:44","date_gmt":"2020-04-07T17:25:44","guid":{"rendered":"https:\/\/cbditaly.ee\/est\/?page_id=7847"},"modified":"2026-03-03T23:16:37","modified_gmt":"2026-03-03T21:16:37","slug":"privacy-poilcy","status":"publish","type":"page","link":"https:\/\/cbditaly.ee\/et\/privacy-poilcy\/","title":{"rendered":"M\u00fc\u00fcgi- ja tagastustingimused"},"content":{"rendered":"<div class=\"wpb-content-wrapper\"><div class=\"vc_row wpb_row vc_row-fluid\"><div class=\"wpb_column vc_column_container vc_col-sm-12\"><div class=\"vc_column-inner\"><div class=\"wpb_wrapper\"><div class=\"vc_row wpb_row vc_inner vc_row-fluid\"><div class=\"wpb_column vc_column_container vc_col-sm-12\"><div class=\"vc_column-inner\"><div class=\"wpb_wrapper\">\n\t<div class=\"wpb_text_column wpb_content_element\" >\n\t\t<div class=\"wpb_wrapper\">\n\t\t\t<p><span style=\"color: #000; text-size: 20px;\">Kui meie veebileht tundub hetkel veidi probleemne, siis palume mitte muretseda \u2013 teostame hetkel tehnilisi uuendusi ja parandust\u00f6id.<\/span><br \/>\n<span style=\"color: #000;\">Tellimusi saab teha tavap\u00e4raselt ja turvaliselt. K\u00f5ik on kontrolli all ning s\u00fcsteem t\u00f6\u00f6tab.<\/span><br \/>\n<span style=\"color: #000;\">T\u00e4name m\u00f5istva suhtumise eest!<\/span><\/p>\n<p><span style=\"color: #000;\">If our website appears to be experiencing some issues at the moment, please do not worry \u2014 we are currently carrying out technical updates and improvements.<\/span><br \/>\n<span style=\"color: #000;\">You can place your orders as usual and with full confidence. Everything is under control and the system is functioning properly.<\/span><br \/>\n<span style=\"color: #000;\">Thank you for your understanding.<\/span><\/p>\n\n\t\t<\/div>\n\t<\/div>\n<div class=\"vc_separator wpb_content_element vc_separator_align_center vc_sep_width_30 vc_sep_pos_align_center vc_separator_no_text vc_sep_color_grey wpb_content_element  wpb_content_element\" ><span class=\"vc_sep_holder vc_sep_holder_l\"><span class=\"vc_sep_line\"><\/span><\/span><span class=\"vc_sep_holder vc_sep_holder_r\"><span class=\"vc_sep_line\"><\/span><\/span>\n<\/div><\/div><\/div><\/div><\/div>\n\t<div class=\"wpb_text_column wpb_content_element\" >\n\t\t<div class=\"wpb_wrapper\">\n\t\t\t<p>M\u00fc\u00fcgi- ja tagastustingimused Veebipoe https:\/\/cbditaly.ee\/ omanik on INK AND CHILL LATVIJA, RIGA, Audeju iela 5, L\u00e4ti, REG. CODE: 40203640893. Arvelduskonto: LT114010051005604276. M\u00fc\u00fcgilepingu kehtivus, kauba- ja hinnainfo K\u00e4esolevad m\u00fc\u00fcgitingimused kehtivad Veebipoe ja kliendi (edaspidi Klient) vahel kaupade ostmisel tekkivate \u00f5iguste ja kohustuste kohta. M\u00fc\u00fcgitingimused kehtivad k\u00f5igile Veebipoest tehtud ostudele. Veebipoes m\u00fc\u00fcdavate toodete hinnad on m\u00e4rgitud toodete juurde. Hinnale lisandub vajadusel tasu kauba k\u00e4ttetoimetamise eest. K\u00e4ttetoimetamise tasu s\u00f5ltub Kliendi asukohast ja valitud tarneviisist. Vastav tasu kuvatakse tellimuse vormistamisel. Tooteteave on esitatud iga toote juures Veebipoes. Veebipood j\u00e4tab endale \u00f5iguse muuta m\u00fc\u00fcgitingimusi ja hindu. Muudatused avaldatakse veebilehel. Tellimuse vormistamine Tellimuse esitamiseks tuleb lisada soovitud tooted ostukorvi ning t\u00e4ita n\u00f5utud andmev\u00e4ljad. Seej\u00e4rel tuleb valida sobiv kohaletoimetamise viis. P\u00e4rast seda kuvatakse tasumisele kuuluv summa, mida saab tasuda pangalingi v\u00f5i muu makselahenduse kaudu. Leping j\u00f5ustub alates tasumisele kuuluva summa laekumisest Veebipoe arvelduskontole. Kui tellitud kaupa ei ole v\u00f5imalik tarnida (nt laoseisu puudumise t\u00f5ttu), teavitatakse Klienti esimesel v\u00f5imalusel ning tasutud summa (sh k\u00e4ttetoimetamise kulud) tagastatakse viivitamata, kuid mitte hiljem kui 14 p\u00e4eva jooksul teate saatmisest. Kui Klient soovib t\u00fchistada juba kinnitatud ja tasutud, kuid veel saatmata tellimuse, j\u00e4tab CBDITALY endale \u00f5iguse pidada kinni haldustasu 10% tellimuse koguv\u00e4\u00e4rtusest, minimaalselt 10,00 eurot, haldus- ja tehingukulude katteks. See s\u00e4te ei kohaldu juhul, kui Klient kasutab seadusest tulenevat taganemis\u00f5igust ning toode ei kuulu taganemis\u00f5iguse erandite hulka. Taganemis\u00f5igus ja tagastamine Kliendil on \u00f5igus taganeda lepingust 14 p\u00e4eva jooksul alates kauba k\u00e4ttesaamisest vastavalt kehtivale tarbijakaitseseadusele. Taganemis\u00f5igus ei kehti, kui ostjaks on juriidiline isik. Tagastatav toode peab olema kasutamata, kahjustamata ja originaalpakendis. Tagastamiskulud kannab Klient, v\u00e4lja arvatud juhul, kui tagastamise p\u00f5hjuseks on mittevastav v\u00f5i defektne toode. Kui toodet on kasutatud rohkem, kui on vajalik selle olemuse ja omadustega tutvumiseks, on Veebipoel \u00f5igus v\u00e4hendada tagastatavat summat vastavalt v\u00e4\u00e4rtuse v\u00e4henemisele. Tagastamissoovist tuleb teavitada 14 p\u00e4eva jooksul e-posti aadressil sales@cbditaly.ee, m\u00e4rkides kliendi nime, toote nime ja tellimuse numbri. Raha tagastatakse hiljemalt 14 p\u00e4eva jooksul alates hetkest, mil Veebipood on kirjalikult kinnitanud tagastustaotluse heakskiitmise ning kontrollinud tagastatud toote seisukorra vastavust tingimustele. OUTLET-TOODETE ERITINGIMUSED Outlet-kategoorias m\u00fc\u00fcdavad tooted on selgelt m\u00e4rgistatud ning neid pakutakse soodushinnaga, mis v\u00f5ib ulatuda kuni \u201370% tavahinnast. Outlet-tooted v\u00f5ivad olla varasemate hooaegade partiid v\u00f5i tooted, mis on olnud ladustamisel 6\u201318 kuud ning ei kuulu aktiivsesse m\u00fc\u00fcgiringlusesse. K\u00f5ik tooted s\u00e4ilitatakse originaalpakendis ja kontrollitud tingimustes. Siiski v\u00f5ib pikem s\u00e4ilitusaeg m\u00f5jutada toote v\u00e4limust, tekstuuri, niiskusesisaldust v\u00f5i aroomi. Botaanilise materjali puhul v\u00f5ib loomulik niiskuse v\u00e4henemine p\u00f5hjustada rabedust, osalist purunemist v\u00f5i materjali murenemist pakendis, eriti transpordi k\u00e4igus. Outlet-toote ostmisega kinnitab Klient, et m\u00f5istab ja aktsepteerib v\u00f5imalust, et toode ei pruugi vastata samadele esteetilistele, struktuurilistele v\u00f5i v\u00e4rskuse omadustele nagu tavakategooria tooted. Outlet-toodete puhul ei k\u00e4sitleta defektina ega mittevastavusena j\u00e4rgmisi omadusi: \u2013 looduslik kuivamine \u2013 tekstuuri muutus \u2013 osaline purunemine v\u00f5i murenemine \u2013 aroomi intensiivsuse v\u00e4henemine \u2013 partiidest tulenevad visuaalsed erinevused Allahindlus kajastab teadlikult neid v\u00f5imalikke kvaliteedi- ja v\u00e4limuserinevusi. Seadusest tulenev taganemis\u00f5igus kehtib, kuid s\u00e4ilitamisajast v\u00f5i looduslikest protsessidest tulenevaid omadusi ei k\u00e4sitleta mittevastavusena. CBDITALY j\u00e4tab endale \u00f5iguse hinnata k\u00f5iki kvaliteediga seotud pretensioone individuaalselt. Vaidluste lahendamine K\u00f5ik Veebipoega seotud vaidlused p\u00fc\u00fctakse lahendada l\u00e4bir\u00e4\u00e4kimiste teel. Kui kokkulepet ei saavutata, on Kliendil \u00f5igus p\u00f6\u00f6rduda p\u00e4deva tarbijakaitseasutuse v\u00f5i kohtu poole vastavalt kohaldatavale \u00f5igusele.<\/p>\n\n\t\t<\/div>\n\t<\/div>\n<\/div><\/div><\/div><\/div>\n<\/div>","protected":false},"excerpt":{"rendered":"Kui meie veebileht tundub hetkel veidi probleemne, siis palume mitte muretseda \u2013 teostame hetkel tehnilisi uuendusi ja parandust\u00f6id. Tellimusi saab teha tavap\u00e4raselt ja turvaliselt. K\u00f5ik on kontrolli all ning s\u00fcsteem t\u00f6\u00f6tab. T\u00e4name m\u00f5istva suhtumise eest! If our website appears to be experiencing some issues at the moment, please do not worry \u2014 we are currently carrying out technical updates and improvements. You can place your orders as usual and with full confidence. Everything is under control and the system is functioning properly. Thank you for your understanding. M\u00fc\u00fcgi- ja tagastustingimused Veebipoe https:\/\/cbditaly.ee\/ omanik on INK AND CHILL LATVIJA, RIGA, Audeju iela 5, L\u00e4ti, REG. CODE: 40203640893. Arvelduskonto: LT114010051005604276. M\u00fc\u00fcgilepingu kehtivus, kauba- ja hinnainfo K\u00e4esolevad m\u00fc\u00fcgitingimused kehtivad Veebipoe ja kliendi (edaspidi Klient) vahel kaupade ostmisel tekkivate \u00f5iguste ja kohustuste kohta. M\u00fc\u00fcgitingimused kehtivad k\u00f5igile Veebipoest tehtud ostudele. Veebipoes m\u00fc\u00fcdavate toodete hinnad on m\u00e4rgitud toodete juurde. Hinnale lisandub vajadusel tasu kauba k\u00e4ttetoimetamise eest. [...]","protected":false},"author":2,"featured_media":0,"parent":0,"menu_order":0,"comment_status":"closed","ping_status":"closed","template":"page-templates\/full-width.php","meta":{"_joinchat":[],"footnotes":""},"class_list":["post-7847","page","type-page","status-publish","hentry"],"brizy_media":[],"_links":{"self":[{"href":"https:\/\/cbditaly.ee\/et\/wp-json\/wp\/v2\/pages\/7847","targetHints":{"allow":["GET"]}}],"collection":[{"href":"https:\/\/cbditaly.ee\/et\/wp-json\/wp\/v2\/pages"}],"about":[{"href":"https:\/\/cbditaly.ee\/et\/wp-json\/wp\/v2\/types\/page"}],"author":[{"embeddable":true,"href":"https:\/\/cbditaly.ee\/et\/wp-json\/wp\/v2\/users\/2"}],"replies":[{"embeddable":true,"href":"https:\/\/cbditaly.ee\/et\/wp-json\/wp\/v2\/comments?post=7847"}],"version-history":[{"count":27,"href":"https:\/\/cbditaly.ee\/et\/wp-json\/wp\/v2\/pages\/7847\/revisions"}],"predecessor-version":[{"id":15912,"href":"https:\/\/cbditaly.ee\/et\/wp-json\/wp\/v2\/pages\/7847\/revisions\/15912"}],"wp:attachment":[{"href":"https:\/\/cbditaly.ee\/et\/wp-json\/wp\/v2\/media?parent=7847"}],"curies":[{"name":"wp","href":"https:\/\/api.w.org\/{rel}","templated":true}]}}