{"id":10001,"date":"2021-06-22T21:45:24","date_gmt":"2021-06-22T18:45:24","guid":{"rendered":"https:\/\/cbditaly.ee\/?post_type=product&#038;p=10001"},"modified":"2026-02-09T19:24:21","modified_gmt":"2026-02-09T17:24:21","slug":"lemon-super-pollen-cbd-30-cbg-1-2g","status":"publish","type":"product","link":"https:\/\/cbditaly.ee\/et\/product\/lemon-super-pollen-cbd-30-cbg-1-2g\/","title":{"rendered":"Super Pollen CBD 30% Lemon 2g"},"content":{"rendered":"<p><strong>Super Pollen CBD 30% CBG 1% Lemon skunk<\/strong><br \/>\nPressimata Lemon on k\u00f5igi looduslike terpeenidega \u00f5ietolm. Sellel on peen aroom ja maitse, ning k\u00f5ik hashi aroomid ekstraheeritakse esimese peksmise k\u00e4igus koos k\u00f5rgeima kvaliteediga CBD-ga. Selle \u00f5ietolmu v\u00e4rvus on salveiroheline. V\u00e4rskelt korjatud \u00f5ied on tavaliselt tumerohelised v\u00f5i pruunikad. T\u00e4nu k\u00f5rgele CBD sisaldusele on selle hashi olulised omadused rahustavad ja valuvaigistavad.<\/p>\n<p>(Itaalia)<\/p>\n<p>100% Orgaaniline Lemon skunk kanepi \u00f5ietolm \u2013 THC &lt;0.3% \u2013 CBD 30% \u2013 CBG 1%<\/p>\n<p>Hulgim\u00fc\u00fck: <a href=\"https:\/\/www.cbditaly.store\/\" target=\"_blank\" rel=\"noopener\">www.cbditaly.store<\/a><\/p>\n","protected":false},"excerpt":{"rendered":"<p>Super Pollen CBD 30% CBG 1% Lemon skunk<br \/>\nSaadaval pakendites: 2g<\/p>\n","protected":false},"featured_media":11130,"template":"","meta":{"_joinchat":[]},"product_brand":[],"product_cat":[705,468,634],"product_tag":[],"class_list":{"0":"post-10001","1":"product","2":"type-product","3":"status-publish","4":"has-post-thumbnail","6":"product_cat-cbd","7":"product_cat-diy","8":"product_cat-hash","11":"first","12":"instock","13":"sale","14":"purchasable","15":"product-type-simple"},"tiered_pricing_type":"fixed","tiered_pricing_fixed_rules":{"3":30},"tiered_pricing_product_settings":{"layout":"default","base_unit_name":{"singular":null,"plural":null},"default_variation":null},"tiered_pricing_minimum_quantity":null,"tiered_pricing_roles_data":[],"tiered_pricing_percentage_rules":[],"tiered_pricing_maximum_quantity":null,"tiered_pricing_quantity_step":null,"_links":{"self":[{"href":"https:\/\/cbditaly.ee\/et\/wp-json\/wp\/v2\/product\/10001","targetHints":{"allow":["GET"]}}],"collection":[{"href":"https:\/\/cbditaly.ee\/et\/wp-json\/wp\/v2\/product"}],"about":[{"href":"https:\/\/cbditaly.ee\/et\/wp-json\/wp\/v2\/types\/product"}],"wp:featuredmedia":[{"embeddable":true,"href":"https:\/\/cbditaly.ee\/et\/wp-json\/wp\/v2\/media\/11130"}],"wp:attachment":[{"href":"https:\/\/cbditaly.ee\/et\/wp-json\/wp\/v2\/media?parent=10001"}],"wp:term":[{"taxonomy":"product_brand","embeddable":true,"href":"https:\/\/cbditaly.ee\/et\/wp-json\/wp\/v2\/product_brand?post=10001"},{"taxonomy":"product_cat","embeddable":true,"href":"https:\/\/cbditaly.ee\/et\/wp-json\/wp\/v2\/product_cat?post=10001"},{"taxonomy":"product_tag","embeddable":true,"href":"https:\/\/cbditaly.ee\/et\/wp-json\/wp\/v2\/product_tag?post=10001"}],"curies":[{"name":"wp","href":"https:\/\/api.w.org\/{rel}","templated":true}]}}