{"id":10012,"date":"2021-06-22T22:11:14","date_gmt":"2021-06-22T19:11:14","guid":{"rendered":"https:\/\/cbditaly.ee\/?post_type=product&#038;p=10012"},"modified":"2025-12-11T22:03:16","modified_gmt":"2025-12-11T20:03:16","slug":"moroccan-hash-cbd-28-cbg-1-2g","status":"publish","type":"product","link":"https:\/\/cbditaly.ee\/et\/product\/moroccan-hash-cbd-28-cbg-1-2g\/","title":{"rendered":"Moroccan Hash CBD 28% CBG 1% 2g"},"content":{"rendered":"<p>Moroccan Hash Pollen CBD 28% CBG 1%<\/p>\n<p>Pressitud Maroko CBD hash on maasika ja harlekiini \u00f5ietolm koos k\u00f5igi looduslike terpeenidega. Peen aroom ja maitse ning k\u00f5ik hashi aroomid ekstraheeritakse esimese peksmise ajal parima kvaliteediga CBD-ga. Selle vaigu v\u00e4rvus on tumeroheline. Nende v\u00e4rskelt korjatud lillede pungad kipuvad tavaliselt olema tumerohelised \/ pruunid. Niipea, kui neid hakatakse kokku suruma, annab Maroko esimese \u00f5ietolmu hashi maitse jaoks parima kvaliteediga toote. T\u00e4nu oma CBD sisaldusele on selle hashi kasuteguri olulised omadused rahustavad ja analgeetilised<\/p>\n<p>(Itaalia)<\/p>\n<p>100% Orgaaniline Strawberry ja Harlequin kanepi \u00f5ietolm \u2013 THC &lt;0.2% \u2013 CBD 28% \u2013 CBG 1%<\/p>\n<p>Hulgim\u00fc\u00fck: <a href=\"https:\/\/www.cbditaly.store\/\" target=\"_blank\" rel=\"noopener\">www.cbditaly.store<\/a><\/p>\n","protected":false},"excerpt":{"rendered":"<p>Moroccan Hash Pollen CBD 28% CBG 1% THC &lt;0.2%.<br \/>\nSaadaval pakendites: 2g<\/p>\n","protected":false},"featured_media":12981,"template":"","meta":{"_joinchat":[]},"product_brand":[],"product_cat":[468,634],"product_tag":[],"class_list":{"0":"post-10012","1":"product","2":"type-product","3":"status-publish","4":"has-post-thumbnail","6":"product_cat-diy","7":"product_cat-hash","10":"first","11":"instock","12":"sale","13":"purchasable","14":"product-type-simple"},"tiered_pricing_type":"fixed","tiered_pricing_fixed_rules":[],"tiered_pricing_product_settings":{"layout":"default","base_unit_name":{"singular":null,"plural":null},"default_variation":null},"tiered_pricing_minimum_quantity":null,"tiered_pricing_roles_data":[],"tiered_pricing_percentage_rules":[],"tiered_pricing_maximum_quantity":null,"tiered_pricing_quantity_step":null,"_links":{"self":[{"href":"https:\/\/cbditaly.ee\/et\/wp-json\/wp\/v2\/product\/10012","targetHints":{"allow":["GET"]}}],"collection":[{"href":"https:\/\/cbditaly.ee\/et\/wp-json\/wp\/v2\/product"}],"about":[{"href":"https:\/\/cbditaly.ee\/et\/wp-json\/wp\/v2\/types\/product"}],"wp:featuredmedia":[{"embeddable":true,"href":"https:\/\/cbditaly.ee\/et\/wp-json\/wp\/v2\/media\/12981"}],"wp:attachment":[{"href":"https:\/\/cbditaly.ee\/et\/wp-json\/wp\/v2\/media?parent=10012"}],"wp:term":[{"taxonomy":"product_brand","embeddable":true,"href":"https:\/\/cbditaly.ee\/et\/wp-json\/wp\/v2\/product_brand?post=10012"},{"taxonomy":"product_cat","embeddable":true,"href":"https:\/\/cbditaly.ee\/et\/wp-json\/wp\/v2\/product_cat?post=10012"},{"taxonomy":"product_tag","embeddable":true,"href":"https:\/\/cbditaly.ee\/et\/wp-json\/wp\/v2\/product_tag?post=10012"}],"curies":[{"name":"wp","href":"https:\/\/api.w.org\/{rel}","templated":true}]}}