{"id":10200,"date":"2021-09-29T22:25:54","date_gmt":"2021-09-29T19:25:54","guid":{"rendered":"https:\/\/cbditaly.ee\/?post_type=product&#038;p=10200"},"modified":"2025-12-30T02:58:46","modified_gmt":"2025-12-30T00:58:46","slug":"cbd-raw-full-spectrum-salmon-6-pets-line","status":"publish","type":"product","link":"https:\/\/cbditaly.ee\/et\/product\/cbd-raw-full-spectrum-salmon-6-pets-line\/","title":{"rendered":"CBD RAW Full Spectrum Salmon 6%, PETS LINE"},"content":{"rendered":"<p>Orgaaniline toores, kuumutamata t\u00e4isspektri ekstrakt, sisaldab 600mg CBD, CBDA, CBDV, CBGA. Saadakse orgaanilise Itaalia kanepi k\u00fclmpressimisel l\u00f5he\u00f5lis. Hoida lastele k\u00e4ttesaamatus kohas. V\u00e4ltida kokkupuudet silmade ja lahtiste haavadega. THCA&lt;0.2%. Valmistatud EU-s.<\/p>\n<p>Tootja: Organic CBDITALY Limited<br \/>\nHulgim\u00fc\u00fck: <a href=\"https:\/\/www.cbditaly.store\/\" target=\"_blank\" rel=\"noopener\">www.cbditaly.store<\/a><\/p>\n<pre>ELis CPNP-s registreeritud kosmeetikatoode.<\/pre>\n","protected":false},"excerpt":{"rendered":"<p>PETS LINE &#8211; CBD Kanepi\u00f5li 6% RAW FULL SPECTRUM, CBDA-CBGA.<\/p>\n","protected":false},"featured_media":10789,"template":"","meta":{"_joinchat":[]},"product_brand":[],"product_cat":[419,421],"product_tag":[],"class_list":{"0":"post-10200","1":"product","2":"type-product","3":"status-publish","4":"has-post-thumbnail","6":"product_cat-pets-line","7":"product_cat-raw-cbda-cbd-olid","10":"first","11":"instock","12":"purchasable","13":"product-type-simple"},"tiered_pricing_type":"fixed","tiered_pricing_fixed_rules":{"2":32,"5":30,"10":25},"tiered_pricing_product_settings":{"layout":"default","base_unit_name":{"singular":null,"plural":null},"default_variation":null},"tiered_pricing_minimum_quantity":null,"tiered_pricing_roles_data":[],"tiered_pricing_percentage_rules":[],"tiered_pricing_maximum_quantity":null,"tiered_pricing_quantity_step":null,"_links":{"self":[{"href":"https:\/\/cbditaly.ee\/et\/wp-json\/wp\/v2\/product\/10200","targetHints":{"allow":["GET"]}}],"collection":[{"href":"https:\/\/cbditaly.ee\/et\/wp-json\/wp\/v2\/product"}],"about":[{"href":"https:\/\/cbditaly.ee\/et\/wp-json\/wp\/v2\/types\/product"}],"wp:featuredmedia":[{"embeddable":true,"href":"https:\/\/cbditaly.ee\/et\/wp-json\/wp\/v2\/media\/10789"}],"wp:attachment":[{"href":"https:\/\/cbditaly.ee\/et\/wp-json\/wp\/v2\/media?parent=10200"}],"wp:term":[{"taxonomy":"product_brand","embeddable":true,"href":"https:\/\/cbditaly.ee\/et\/wp-json\/wp\/v2\/product_brand?post=10200"},{"taxonomy":"product_cat","embeddable":true,"href":"https:\/\/cbditaly.ee\/et\/wp-json\/wp\/v2\/product_cat?post=10200"},{"taxonomy":"product_tag","embeddable":true,"href":"https:\/\/cbditaly.ee\/et\/wp-json\/wp\/v2\/product_tag?post=10200"}],"curies":[{"name":"wp","href":"https:\/\/api.w.org\/{rel}","templated":true}]}}