{"id":10401,"date":"2021-12-13T13:41:45","date_gmt":"2021-12-13T11:41:45","guid":{"rendered":"https:\/\/cbditaly.ee\/?post_type=product&#038;p=10401"},"modified":"2026-03-01T01:16:59","modified_gmt":"2026-02-28T23:16:59","slug":"moon-rocks-cbd-40-thc","status":"publish","type":"product","link":"https:\/\/cbditaly.ee\/et\/product\/moon-rocks-cbd-40-thc\/","title":{"rendered":"MOON ROCKS CBD 40% THC<0.3%"},"content":{"rendered":"<p>Kanepi \u00f5ied CBD 40% MOON ROCKS (CBD BUDS+ FULL SPECTRUM OIL + SUPER POLLEN)<\/p>\n<p>CBD Moon Rocks valmistatakse spetsiaalse protsessi abil, mis t\u00f5stab nende potentsi ja maitset. Siin on, kuidas neid tavaliselt valmistatakse:<\/p>\n<ol>\n<li>Algusmaterjal: CBD Moon Rocks&#8217;i aluseks on tavaliselt kvaliteetsed, CBD-rikkad kanepi\u00f5ied. Need valitakse nende kannabinoidide sisalduse ja \u00fcldise kvaliteedi j\u00e4rgi.<\/li>\n<li>Leotamine ekstraktis: Valitud kanepi\u00f5ied leotatakse CBD ekstraktis. See ekstrakt on sageli kontsentreeritud CBD \u00f5li, mis kleepub h\u00e4sti \u00f5ie pungadele. See samm on oluline, kuna see suurendab oluliselt l\u00f5pptoote CBD sisaldust.<\/li>\n<li>Kate kiefiga: P\u00e4rast \u00f5ite leotamist CBD \u00f5lis veeretatakse v\u00f5i puistatakse neid CBD kiefiga. Kief koosneb kanepi vaigun\u00e4\u00e4rmetest (v\u00f5i trihhoomidest), mis sisaldavad k\u00f5rgeid kontsentratsioone kannabinoididest ja terpeenidest. See kate lisab veel \u00fche kihi CBD-d ning t\u00f5stab Moon Rocks&#8217;i maitset ja terapeutilist toimet.<\/li>\n<li>Kuivatamine: Kui pungad on kaetud, tuleb Moon Rocks korralikult kuivatada. See tagab, et nad ei ole liiga kleepuvad ning on kergesti k\u00e4sitsetavad ja kasutatavad.<\/li>\n<\/ol>\n<p>Tulemuseks on v\u00e4ga potentsne toode, mis on tugevam kui tavaline CBD \u00f5is, pakkudes kontsentreeritumat CBD vormi koos tugevdatud m\u00f5judega. CBD Moon Rocks&#8217;i kasutatakse tavaliselt suitsetamiseks v\u00f5i aurustamiseks ja neid tuntakse nende v\u00f5imsa toime ja kiire toimeaja poolest.<\/p>\n<p>100% CANNABIS BUDS Orgaaniline kanepi \u00f5ied &#8211; THC &lt;0.3% &#8211; CBD 40% &#8211; CBG 1.4% &#8211; 2g-100g<\/p>\n<p><a href=\"https:\/\/cbditaly.store\/et\/cashandcarry\/\" target=\"_blank\" rel=\"noopener\">Hulgim\u00fc\u00fck: <\/a><a href=\"https:\/\/www.cbditaly.store\/\" target=\"_blank\" rel=\"noopener\">www.cbditaly.store<\/a><\/p>\n<p>Toote Kasutus: Ainult professionaalseks kasutamiseks v\u00f5i kollektsioneerimiseks. Mitte inimtarbimiseks.<br \/>\nM\u00fc\u00fcgipiirangud: Ei m\u00fc\u00fcda alla 18-aastastele.<br \/>\nHoiustamine: Hoida kuivas kohas, eemal kuumuse allikatest ja lastele k\u00e4ttesaamatus kohas.<br \/>\nP\u00e4ritolumaa: Itaalia.<\/p>\n","protected":false},"excerpt":{"rendered":"<p>Kanepi \u00f5ied MOON ROCKS CBD 40%<br \/>\nSaadaval pakendites: 2g-3g-5g-10g-20g-50g-100g<\/p>\n","protected":false},"featured_media":11511,"template":"","meta":{"_joinchat":[]},"product_brand":[],"product_cat":[705,327],"product_tag":[],"class_list":{"0":"post-10401","1":"product","2":"type-product","3":"status-publish","4":"has-post-thumbnail","6":"product_cat-cbd","7":"product_cat-cbd-cbg-kanepi-oied","10":"first","11":"instock","12":"sale","13":"purchasable","14":"product-type-simple"},"tiered_pricing_type":"fixed","tiered_pricing_fixed_rules":{"2":12,"3":11,"5":10,"10":9,"20":8.5,"50":7.5,"100":6.7,"1000":4},"tiered_pricing_product_settings":{"layout":"default","base_unit_name":{"singular":null,"plural":null},"default_variation":null},"tiered_pricing_minimum_quantity":null,"tiered_pricing_roles_data":[],"tiered_pricing_percentage_rules":[],"tiered_pricing_maximum_quantity":null,"tiered_pricing_quantity_step":null,"_links":{"self":[{"href":"https:\/\/cbditaly.ee\/et\/wp-json\/wp\/v2\/product\/10401","targetHints":{"allow":["GET"]}}],"collection":[{"href":"https:\/\/cbditaly.ee\/et\/wp-json\/wp\/v2\/product"}],"about":[{"href":"https:\/\/cbditaly.ee\/et\/wp-json\/wp\/v2\/types\/product"}],"wp:featuredmedia":[{"embeddable":true,"href":"https:\/\/cbditaly.ee\/et\/wp-json\/wp\/v2\/media\/11511"}],"wp:attachment":[{"href":"https:\/\/cbditaly.ee\/et\/wp-json\/wp\/v2\/media?parent=10401"}],"wp:term":[{"taxonomy":"product_brand","embeddable":true,"href":"https:\/\/cbditaly.ee\/et\/wp-json\/wp\/v2\/product_brand?post=10401"},{"taxonomy":"product_cat","embeddable":true,"href":"https:\/\/cbditaly.ee\/et\/wp-json\/wp\/v2\/product_cat?post=10401"},{"taxonomy":"product_tag","embeddable":true,"href":"https:\/\/cbditaly.ee\/et\/wp-json\/wp\/v2\/product_tag?post=10401"}],"curies":[{"name":"wp","href":"https:\/\/api.w.org\/{rel}","templated":true}]}}