{"id":10603,"date":"2022-01-24T14:49:26","date_gmt":"2022-01-24T12:49:26","guid":{"rendered":"https:\/\/cbditaly.ee\/?post_type=product&#038;p=10603"},"modified":"2025-12-30T04:01:39","modified_gmt":"2025-12-30T02:01:39","slug":"cbd-salmon-6-pets-line","status":"publish","type":"product","link":"https:\/\/cbditaly.ee\/et\/product\/cbd-salmon-6-pets-line\/","title":{"rendered":"CBD Salmon 6%, PETS LINE"},"content":{"rendered":"<p data-start=\"102\" data-end=\"166\"><strong>CBD 6% SALMON \u2013 L\u00f5he\u00f5li, THC vaba \u2013 PETS LINE<\/strong><\/p>\n<p data-start=\"168\" data-end=\"441\">Orgaaniline \u00f5li, mis sisaldab 600 mg 99,9% puhast isoleeritud CBD ekstrakti Itaalia kanepist, l\u00f5he\u00f5lis. THC vaba toode. Hoida jahedas ja kuivas kohas, eemal otsesest p\u00e4ikesevalgusest. Ainult laboratoorsete ja teaduslike uuringute jaoks. Hoida lastele k\u00e4ttesaamatus kohas.<\/p>\n<p data-start=\"443\" data-end=\"486\">Maht: 10 ml \u2013 THC = 0 \u2013 Valmistatud EL-is<\/p>\n","protected":false},"excerpt":{"rendered":"<p data-start=\"102\" data-end=\"166\"><strong>CBD 6% SALMON \u2013 L\u00f5he\u00f5li, THC vaba \u2013 PETS LINE<\/strong><\/p>\n","protected":false},"featured_media":10789,"template":"","meta":{"_joinchat":[]},"product_brand":[],"product_cat":[419],"product_tag":[],"class_list":{"0":"post-10603","1":"product","2":"type-product","3":"status-publish","4":"has-post-thumbnail","6":"product_cat-pets-line","9":"first","10":"instock","11":"purchasable","12":"product-type-simple"},"tiered_pricing_type":"fixed","tiered_pricing_fixed_rules":{"2":25,"5":22,"10":18},"tiered_pricing_product_settings":{"layout":"default","base_unit_name":{"singular":null,"plural":null},"default_variation":null},"tiered_pricing_minimum_quantity":null,"tiered_pricing_roles_data":[],"tiered_pricing_percentage_rules":[],"tiered_pricing_maximum_quantity":null,"tiered_pricing_quantity_step":null,"_links":{"self":[{"href":"https:\/\/cbditaly.ee\/et\/wp-json\/wp\/v2\/product\/10603","targetHints":{"allow":["GET"]}}],"collection":[{"href":"https:\/\/cbditaly.ee\/et\/wp-json\/wp\/v2\/product"}],"about":[{"href":"https:\/\/cbditaly.ee\/et\/wp-json\/wp\/v2\/types\/product"}],"wp:featuredmedia":[{"embeddable":true,"href":"https:\/\/cbditaly.ee\/et\/wp-json\/wp\/v2\/media\/10789"}],"wp:attachment":[{"href":"https:\/\/cbditaly.ee\/et\/wp-json\/wp\/v2\/media?parent=10603"}],"wp:term":[{"taxonomy":"product_brand","embeddable":true,"href":"https:\/\/cbditaly.ee\/et\/wp-json\/wp\/v2\/product_brand?post=10603"},{"taxonomy":"product_cat","embeddable":true,"href":"https:\/\/cbditaly.ee\/et\/wp-json\/wp\/v2\/product_cat?post=10603"},{"taxonomy":"product_tag","embeddable":true,"href":"https:\/\/cbditaly.ee\/et\/wp-json\/wp\/v2\/product_tag?post=10603"}],"curies":[{"name":"wp","href":"https:\/\/api.w.org\/{rel}","templated":true}]}}