{"id":10685,"date":"2022-02-18T18:04:10","date_gmt":"2022-02-18T16:04:10","guid":{"rendered":"https:\/\/cbditaly.ee\/?post_type=product&#038;p=10685"},"modified":"2024-12-20T17:53:49","modified_gmt":"2024-12-20T15:53:49","slug":"cbg-kristallid-97-5-puhas-cannabigerool-2g","status":"publish","type":"product","link":"https:\/\/cbditaly.ee\/et\/product\/cbg-kristallid-97-5-puhas-cannabigerool-2g\/","title":{"rendered":"CBG kristallid 97.5% puhas Cannabigerool 2g"},"content":{"rendered":"<p><strong>CBG ISOLAAT 96.8-97.5% puhas Cannabigerool<br \/>\n<\/strong>Kannabigerol, l\u00fchendatult CBG, on \u00fcks looduslikult esinevatest kannabinoididest, mis leidub kanepi- ja kannabistaimedes. See on mittetoksiline \u00fchend ja ei oma ps\u00fchhoaktiivset toimet, mist\u00f5ttu ei tekita &#8220;joovet&#8221; ega &#8220;k\u00f5rge&#8221; tunnet nagu THC (tetrah\u00fcdrokannabinool). CBG erineb THC-st ja CBD-st oma keemilise struktuuri poolest.<\/p>\n<p>CBG-l on potentsiaalsed meditsiinilised eelised, kuigi selle kohta on v\u00e4hem uurimist\u00f6\u00f6d kui CBD-l v\u00f5i THC-l. M\u00f5ned teadaolevad potentsiaalsed eelised h\u00f5lmavad p\u00f5letikuvastast toimet, valu leevendamist, antioks\u00fcdantset toimet ja v\u00f5imalikku kasutamist glaukoomi ja teiste meditsiiniliste seisundite raviks. Siiski on vajalik rohkem teadusuuringuid, et t\u00e4ielikult m\u00f5ista CBG t\u00e4pset m\u00f5ju tervisele ja selle kasutamise ulatust.<\/p>\n<p>Valmistatud EU-s. Organic CBDITALY (HU) &#8211; M\u00f5eldud labori- ja teadusuuringuteks \u00fclikoolidele ja muudele teadusasutustele. Hoida lastele k\u00e4ttesaamatus kohas.<\/p>\n<p>Hulgim\u00fc\u00fck: <a href=\"https:\/\/www.cbditaly.store\/\" target=\"_blank\" rel=\"noopener\">www.cbditaly.store<\/a><\/p>\n","protected":false},"excerpt":{"rendered":"<p><strong>96.8-97.5 % Puhas Cannabigerool.<br \/>\n<\/strong>Saadaval pakendites: 2g<\/p>\n","protected":false},"featured_media":11062,"template":"","meta":{"_joinchat":[]},"product_brand":[],"product_cat":[635,653,468],"product_tag":[],"class_list":{"0":"post-10685","1":"product","2":"type-product","3":"status-publish","4":"has-post-thumbnail","6":"product_cat-cbd-cbg-kristallid","7":"product_cat-cbg-cbga","8":"product_cat-diy","11":"first","12":"instock","13":"purchasable","14":"product-type-simple"},"tiered_pricing_type":"fixed","tiered_pricing_fixed_rules":{"3":50,"5":40,"10":30},"tiered_pricing_product_settings":{"layout":"default","base_unit_name":{"singular":null,"plural":null},"default_variation":null},"tiered_pricing_minimum_quantity":null,"tiered_pricing_roles_data":[],"tiered_pricing_percentage_rules":[],"tiered_pricing_maximum_quantity":null,"tiered_pricing_quantity_step":null,"_links":{"self":[{"href":"https:\/\/cbditaly.ee\/et\/wp-json\/wp\/v2\/product\/10685","targetHints":{"allow":["GET"]}}],"collection":[{"href":"https:\/\/cbditaly.ee\/et\/wp-json\/wp\/v2\/product"}],"about":[{"href":"https:\/\/cbditaly.ee\/et\/wp-json\/wp\/v2\/types\/product"}],"wp:featuredmedia":[{"embeddable":true,"href":"https:\/\/cbditaly.ee\/et\/wp-json\/wp\/v2\/media\/11062"}],"wp:attachment":[{"href":"https:\/\/cbditaly.ee\/et\/wp-json\/wp\/v2\/media?parent=10685"}],"wp:term":[{"taxonomy":"product_brand","embeddable":true,"href":"https:\/\/cbditaly.ee\/et\/wp-json\/wp\/v2\/product_brand?post=10685"},{"taxonomy":"product_cat","embeddable":true,"href":"https:\/\/cbditaly.ee\/et\/wp-json\/wp\/v2\/product_cat?post=10685"},{"taxonomy":"product_tag","embeddable":true,"href":"https:\/\/cbditaly.ee\/et\/wp-json\/wp\/v2\/product_tag?post=10685"}],"curies":[{"name":"wp","href":"https:\/\/api.w.org\/{rel}","templated":true}]}}