{"id":10705,"date":"2022-03-01T23:15:41","date_gmt":"2022-03-01T21:15:41","guid":{"rendered":"https:\/\/cbditaly.ee\/?post_type=product&#038;p=10705"},"modified":"2025-12-30T01:30:54","modified_gmt":"2025-12-29T23:30:54","slug":"cbg-mct-oli-12-sportline","status":"publish","type":"product","link":"https:\/\/cbditaly.ee\/et\/product\/cbg-mct-oli-12-sportline\/","title":{"rendered":"CBG MCT \u00f5li 12%, SPORTLINE"},"content":{"rendered":"<p><strong>CBG 12%, MCT \u00f5li, THC vaba, &#8220;SPORTLINE&#8221;<\/strong><br \/>\nsisaldab 1200mg orgaanilist CBG isolaati, 96,9% puhtus, ekstraheeritud Itaalia kanepist, MCT \u00f5lis. Hoida lastele k\u00e4ttesaamatus kohas. V\u00e4ltida kokkupuudet silmade ja lahtiste haavadega. THC-vaba. &#8211; Valmistatud EU-s.<\/p>\n<p>Tootja: Organic CBDITALY Limited<br \/>\nHulgim\u00fc\u00fck: <a href=\"https:\/\/www.cbditaly.store\/\" target=\"_blank\" rel=\"noopener\">www.cbditaly.store<\/a><\/p>\n<pre>ELis CPNP-s registreeritud kosmeetikatoode.<\/pre>\n<p>&nbsp;<\/p>\n","protected":false},"excerpt":{"rendered":"<p>SPORTLINE CBG 12%, MCT \u00f5li, THC vaba. -10ml.-<\/p>\n","protected":false},"featured_media":10800,"template":"","meta":{"_joinchat":[]},"product_brand":[],"product_cat":[653,626],"product_tag":[],"class_list":{"0":"post-10705","1":"product","2":"type-product","3":"status-publish","4":"has-post-thumbnail","6":"product_cat-cbg-cbga","7":"product_cat-sportline-cbd-cbg-olid","10":"first","11":"instock","12":"purchasable","13":"product-type-simple"},"tiered_pricing_type":"fixed","tiered_pricing_fixed_rules":{"2":63,"5":56,"10":49},"tiered_pricing_product_settings":{"layout":"default","base_unit_name":{"singular":null,"plural":null},"default_variation":null},"tiered_pricing_minimum_quantity":null,"tiered_pricing_roles_data":[],"tiered_pricing_percentage_rules":[],"tiered_pricing_maximum_quantity":null,"tiered_pricing_quantity_step":null,"_links":{"self":[{"href":"https:\/\/cbditaly.ee\/et\/wp-json\/wp\/v2\/product\/10705","targetHints":{"allow":["GET"]}}],"collection":[{"href":"https:\/\/cbditaly.ee\/et\/wp-json\/wp\/v2\/product"}],"about":[{"href":"https:\/\/cbditaly.ee\/et\/wp-json\/wp\/v2\/types\/product"}],"wp:featuredmedia":[{"embeddable":true,"href":"https:\/\/cbditaly.ee\/et\/wp-json\/wp\/v2\/media\/10800"}],"wp:attachment":[{"href":"https:\/\/cbditaly.ee\/et\/wp-json\/wp\/v2\/media?parent=10705"}],"wp:term":[{"taxonomy":"product_brand","embeddable":true,"href":"https:\/\/cbditaly.ee\/et\/wp-json\/wp\/v2\/product_brand?post=10705"},{"taxonomy":"product_cat","embeddable":true,"href":"https:\/\/cbditaly.ee\/et\/wp-json\/wp\/v2\/product_cat?post=10705"},{"taxonomy":"product_tag","embeddable":true,"href":"https:\/\/cbditaly.ee\/et\/wp-json\/wp\/v2\/product_tag?post=10705"}],"curies":[{"name":"wp","href":"https:\/\/api.w.org\/{rel}","templated":true}]}}