{"id":10842,"date":"2022-06-04T12:59:37","date_gmt":"2022-06-04T09:59:37","guid":{"rendered":"https:\/\/cbditaly.ee\/?post_type=product&#038;p=10842"},"modified":"2023-09-19T23:43:49","modified_gmt":"2023-09-19T20:43:49","slug":"cbd-kanepioli-6-active-full-spectrum","status":"publish","type":"product","link":"https:\/\/cbditaly.ee\/et\/product\/cbd-kanepioli-6-active-full-spectrum\/","title":{"rendered":"CBD Kanepi\u00f5li 6% &#8220;ACTIVE&#8221; FULL SPECTRUM"},"content":{"rendered":"<p><strong>CBD Kanepi\u00f5li 6% &#8220;ACTIVE&#8221; FULL SPECTRUM.<\/strong><\/p>\n<p>Orgaaniline dekarboks\u00fcleeritud t\u00e4isspekter ekstrakt, sisaldab 600mg CBD-d, mis on saadud orgaanilise Itaalia kanepi\u00a0 k\u00fclmpressimisel MCT \u00f5lis. Hoida lastele k\u00e4ttesaamatus kohas. V\u00e4ltida kokkupuudet silmade ja lahtiste haavadega. THC&lt;0.2%. &#8211; 10ml.<\/p>\n<p>Tootja: Organic CBDITALY Limited<br \/>\nHulgim\u00fc\u00fck: <a href=\"https:\/\/www.cbditaly.store\/\" target=\"_blank\" rel=\"noopener\">www.cbditaly.store<\/a><\/p>\n<pre>ELis CPNP-s registreeritud kosmeetikatoode.<\/pre>\n","protected":false},"excerpt":{"rendered":"<p>CBD Kanepi\u00f5li 6% &#8220;ACTIVE&#8221; FULL SPECTRUM -10ml.-<\/p>\n","protected":false},"featured_media":10905,"template":"","meta":{"_joinchat":[]},"product_brand":[],"product_cat":[420],"product_tag":[],"class_list":{"0":"post-10842","1":"product","2":"type-product","3":"status-publish","4":"has-post-thumbnail","6":"product_cat-active-cbd-cbg-olid","9":"first","10":"instock","11":"purchasable","12":"product-type-simple"},"tiered_pricing_type":"fixed","tiered_pricing_fixed_rules":{"2":42,"5":40,"10":35},"tiered_pricing_product_settings":{"layout":"default","base_unit_name":{"singular":null,"plural":null},"default_variation":null},"tiered_pricing_minimum_quantity":null,"tiered_pricing_roles_data":[],"tiered_pricing_percentage_rules":[],"tiered_pricing_maximum_quantity":null,"tiered_pricing_quantity_step":null,"_links":{"self":[{"href":"https:\/\/cbditaly.ee\/et\/wp-json\/wp\/v2\/product\/10842","targetHints":{"allow":["GET"]}}],"collection":[{"href":"https:\/\/cbditaly.ee\/et\/wp-json\/wp\/v2\/product"}],"about":[{"href":"https:\/\/cbditaly.ee\/et\/wp-json\/wp\/v2\/types\/product"}],"wp:featuredmedia":[{"embeddable":true,"href":"https:\/\/cbditaly.ee\/et\/wp-json\/wp\/v2\/media\/10905"}],"wp:attachment":[{"href":"https:\/\/cbditaly.ee\/et\/wp-json\/wp\/v2\/media?parent=10842"}],"wp:term":[{"taxonomy":"product_brand","embeddable":true,"href":"https:\/\/cbditaly.ee\/et\/wp-json\/wp\/v2\/product_brand?post=10842"},{"taxonomy":"product_cat","embeddable":true,"href":"https:\/\/cbditaly.ee\/et\/wp-json\/wp\/v2\/product_cat?post=10842"},{"taxonomy":"product_tag","embeddable":true,"href":"https:\/\/cbditaly.ee\/et\/wp-json\/wp\/v2\/product_tag?post=10842"}],"curies":[{"name":"wp","href":"https:\/\/api.w.org\/{rel}","templated":true}]}}