{"id":11050,"date":"2023-09-20T01:40:36","date_gmt":"2023-09-19T22:40:36","guid":{"rendered":"https:\/\/cbditaly.ee\/?post_type=product&#038;p=11050"},"modified":"2025-12-30T02:02:05","modified_gmt":"2025-12-30T00:02:05","slug":"cbg-mct-oli-6-sportline","status":"publish","type":"product","link":"https:\/\/cbditaly.ee\/et\/product\/cbg-mct-oli-6-sportline\/","title":{"rendered":"CBG MCT \u00f5li 6%, SPORTLINE"},"content":{"rendered":"<p><strong>CBG 6%, MCT \u00f5li, THC vaba, &#8220;SPORTLINE&#8221;<\/strong><br \/>\nsisaldab 600mg orgaanilist CBG isolaati, 96,9% puhtus, ekstraheeritud Itaalia kanepist, MCT \u00f5lis. Hoida lastele k\u00e4ttesaamatus kohas. V\u00e4ltida kokkupuudet silmade ja lahtiste haavadega. THC-vaba. &#8211; Valmistatud EU-s.<\/p>\n<p>Tootja: Organic CBDITALY Limited<br \/>\nHulgim\u00fc\u00fck: <a href=\"https:\/\/www.cbditaly.store\/\" target=\"_blank\" rel=\"noopener\">www.cbditaly.store<\/a><\/p>\n<pre>ELis CPNP-s registreeritud kosmeetikatoode.<\/pre>\n<p>&nbsp;<\/p>\n","protected":false},"excerpt":{"rendered":"<p>SPORTLINE CBG 6%, MCT \u00f5li, THC vaba. -10ml.-<\/p>\n","protected":false},"featured_media":10800,"template":"","meta":{"_joinchat":[]},"product_brand":[],"product_cat":[653,626],"product_tag":[],"class_list":{"0":"post-11050","1":"product","2":"type-product","3":"status-publish","4":"has-post-thumbnail","6":"product_cat-cbg-cbga","7":"product_cat-sportline-cbd-cbg-olid","10":"first","11":"instock","12":"purchasable","13":"product-type-simple"},"tiered_pricing_type":"fixed","tiered_pricing_fixed_rules":{"2":40,"5":36,"10":32},"tiered_pricing_product_settings":{"layout":"default","base_unit_name":{"singular":null,"plural":null},"default_variation":null},"tiered_pricing_minimum_quantity":null,"tiered_pricing_roles_data":[],"tiered_pricing_percentage_rules":[],"tiered_pricing_maximum_quantity":null,"tiered_pricing_quantity_step":null,"_links":{"self":[{"href":"https:\/\/cbditaly.ee\/et\/wp-json\/wp\/v2\/product\/11050","targetHints":{"allow":["GET"]}}],"collection":[{"href":"https:\/\/cbditaly.ee\/et\/wp-json\/wp\/v2\/product"}],"about":[{"href":"https:\/\/cbditaly.ee\/et\/wp-json\/wp\/v2\/types\/product"}],"wp:featuredmedia":[{"embeddable":true,"href":"https:\/\/cbditaly.ee\/et\/wp-json\/wp\/v2\/media\/10800"}],"wp:attachment":[{"href":"https:\/\/cbditaly.ee\/et\/wp-json\/wp\/v2\/media?parent=11050"}],"wp:term":[{"taxonomy":"product_brand","embeddable":true,"href":"https:\/\/cbditaly.ee\/et\/wp-json\/wp\/v2\/product_brand?post=11050"},{"taxonomy":"product_cat","embeddable":true,"href":"https:\/\/cbditaly.ee\/et\/wp-json\/wp\/v2\/product_cat?post=11050"},{"taxonomy":"product_tag","embeddable":true,"href":"https:\/\/cbditaly.ee\/et\/wp-json\/wp\/v2\/product_tag?post=11050"}],"curies":[{"name":"wp","href":"https:\/\/api.w.org\/{rel}","templated":true}]}}