{"id":11082,"date":"2023-09-20T17:06:30","date_gmt":"2023-09-20T14:06:30","guid":{"rendered":"https:\/\/cbditaly.ee\/?post_type=product&#038;p=11082"},"modified":"2025-12-29T18:12:40","modified_gmt":"2025-12-29T16:12:40","slug":"cbd-kanepioli-24-sportline","status":"publish","type":"product","link":"https:\/\/cbditaly.ee\/et\/product\/cbd-kanepioli-24-sportline\/","title":{"rendered":"CBD Kanepi\u00f5li 24% SPORTLINE"},"content":{"rendered":"<p>CBD 24%, Ekstra neitsi kanepi\u00f5li, THC-vaba, \u201cSPORTLINE\u201d sisaldab 2400 mg orgaanilist CBD isolaati, mille puhtus on 99,9% ja mis on ekstraheeritud Itaalia kanepist, kanepi\u00f5lis. Hoidke lastele k\u00e4ttesaamatus kohas. V\u00e4ltige kokkupuudet silmade ja lahtiste haavadega. THC-vaba. \u2013 Valmistatud EL-is.<\/p>\n<p>Tootja: Organic CBDITALY Limited<br \/>\nHulgim\u00fc\u00fck: <a href=\"https:\/\/www.cbditaly.store\/\" target=\"_blank\" rel=\"noopener\">www.cbditaly.store<\/a><\/p>\n<pre>ELis CPNP-s registreeritud kosmeetikatoode.<\/pre>\n","protected":false},"excerpt":{"rendered":"<p>SPORTLINE CBD 24%, Kanepi\u00f5li HEMP, THC vaba. -10ml.-<\/p>\n","protected":false},"featured_media":10796,"template":"","meta":{"_joinchat":[]},"product_brand":[],"product_cat":[626],"product_tag":[],"class_list":{"0":"post-11082","1":"product","2":"type-product","3":"status-publish","4":"has-post-thumbnail","6":"product_cat-sportline-cbd-cbg-olid","9":"first","10":"instock","11":"sale","12":"purchasable","13":"product-type-simple"},"tiered_pricing_type":"fixed","tiered_pricing_fixed_rules":{"2":63,"5":55,"10":50},"tiered_pricing_product_settings":{"layout":"default","base_unit_name":{"singular":null,"plural":null},"default_variation":null},"tiered_pricing_minimum_quantity":null,"tiered_pricing_roles_data":[],"tiered_pricing_percentage_rules":[],"tiered_pricing_maximum_quantity":null,"tiered_pricing_quantity_step":null,"_links":{"self":[{"href":"https:\/\/cbditaly.ee\/et\/wp-json\/wp\/v2\/product\/11082","targetHints":{"allow":["GET"]}}],"collection":[{"href":"https:\/\/cbditaly.ee\/et\/wp-json\/wp\/v2\/product"}],"about":[{"href":"https:\/\/cbditaly.ee\/et\/wp-json\/wp\/v2\/types\/product"}],"wp:featuredmedia":[{"embeddable":true,"href":"https:\/\/cbditaly.ee\/et\/wp-json\/wp\/v2\/media\/10796"}],"wp:attachment":[{"href":"https:\/\/cbditaly.ee\/et\/wp-json\/wp\/v2\/media?parent=11082"}],"wp:term":[{"taxonomy":"product_brand","embeddable":true,"href":"https:\/\/cbditaly.ee\/et\/wp-json\/wp\/v2\/product_brand?post=11082"},{"taxonomy":"product_cat","embeddable":true,"href":"https:\/\/cbditaly.ee\/et\/wp-json\/wp\/v2\/product_cat?post=11082"},{"taxonomy":"product_tag","embeddable":true,"href":"https:\/\/cbditaly.ee\/et\/wp-json\/wp\/v2\/product_tag?post=11082"}],"curies":[{"name":"wp","href":"https:\/\/api.w.org\/{rel}","templated":true}]}}