{"id":11420,"date":"2024-01-22T15:06:08","date_gmt":"2024-01-22T13:06:08","guid":{"rendered":"https:\/\/cbditaly.ee\/?post_type=product&#038;p=11420"},"modified":"2026-03-01T01:15:44","modified_gmt":"2026-02-28T23:15:44","slug":"orange-kush-cbd-20","status":"publish","type":"product","link":"https:\/\/cbditaly.ee\/et\/product\/orange-kush-cbd-20\/","title":{"rendered":"ORANGE KUSH CBD 20%"},"content":{"rendered":"<p data-start=\"0\" data-end=\"43\">Kanepi \u00f5ied ORANGE KUSH CBD 20%<br data-start=\"31\" data-end=\"34\" \/>THC &lt;0,3%<\/p>\n<p data-start=\"45\" data-end=\"467\">\u00dclevaade:<br data-start=\"54\" data-end=\"57\" \/>Orange Kush on visuaalselt atraktiivne ja h\u00e4sti tasakaalustatud CBD-rikas kanepisort, mida hinnatakse selle kompaktse struktuuri ja erksa tsitruselise geneetika poolest. K\u00f5rge CBD 20% sisaldus koos madala THC tasemega annab sordile selge professionaalse ja kollektsioonilise v\u00e4\u00e4rtuse. Tegemist on premium-kategooria kollektsioneerimistootega, mis sobib suurep\u00e4raselt professionaalsetesse esitluskeskkondadesse.<\/p>\n<p data-start=\"469\" data-end=\"812\">V\u00e4limus ja aroom:<br data-start=\"486\" data-end=\"489\" \/>\u00d5ied on tihedad, vaigused ja \u00fchtlase kristalse h\u00e4rmatisega kaetud. Domineerivad erksad rohelised toonid, mida r\u00f5hutavad silmapaistvad oran\u017eid karvad. Aroomiprofiil on tsitruseline ja v\u00e4rske, meenutades apelsini ja mandariini noote, millele lisandub kerge magus ja taimne alatoon, mis on iseloomulik Orange Kush geneetikale.<\/p>\n<p data-start=\"814\" data-end=\"967\">Koostis ja omadused:<br data-start=\"834\" data-end=\"837\" \/>CBD: kuni 20%<br data-start=\"850\" data-end=\"853\" \/>THC sisaldus: alla &lt;0,3%<br data-start=\"877\" data-end=\"880\" \/>Loomulik taimne koostis<br data-start=\"903\" data-end=\"906\" \/>Stabiilne morfoloogia ja visuaalselt v\u00e4ga atraktiivne v\u00e4limus<\/p>\n<p data-start=\"969\" data-end=\"1109\">P\u00e4ritolu ja tootmine:<br data-start=\"990\" data-end=\"993\" \/>Tooted on k\u00e4sitsi valitud ning hoolikalt kontrollitud, et tagada \u00fchtlane visuaalne kvaliteet.<br data-start=\"1086\" data-end=\"1089\" \/>P\u00e4ritolumaa: Itaalia<\/p>\n<p data-start=\"1111\" data-end=\"1387\">Kasutus ja piirangud:<br data-start=\"1132\" data-end=\"1135\" \/>Toote kasutus: Ainult professionaalseks kasutamiseks v\u00f5i kollektsioneerimiseks. Mitte inimtarbimiseks.<br data-start=\"1237\" data-end=\"1240\" \/>M\u00fc\u00fcgipiirangud: Ei m\u00fc\u00fcda alla 18-aastastele.<br data-start=\"1284\" data-end=\"1287\" \/>Hoiustamine: Hoida kuivas ja jahedas kohas, eemal otsesest kuumusest ja lastele k\u00e4ttesaamatus kohas.<\/p>\n<p data-start=\"1389\" data-end=\"1572\">Hulgim\u00fc\u00fck ja partnerlus:<br data-start=\"1413\" data-end=\"1416\" \/>Kas soovid saada iseseisvaks edasim\u00fc\u00fcjaks v\u00f5i frantsiisipartneriks?<br data-start=\"1483\" data-end=\"1486\" \/>Pakume madalaid miinimumkoguseid, professionaalset kvaliteeti ja paindlikke tingimusi.<\/p>\n<p data-start=\"1574\" data-end=\"1636\" data-is-last-node=\"\" data-is-only-node=\"\">Liitu meie Cash &amp; Carry\u2019ga v\u00f5i kirjuta: <strong data-start=\"1614\" data-end=\"1636\" data-is-last-node=\"\"><a class=\"decorated-link cursor-pointer\" rel=\"noopener\" data-start=\"1616\" data-end=\"1634\">biz@cbditaly.store<\/a><\/strong><\/p>\n","protected":false},"excerpt":{"rendered":"<p>Kanepi \u00f5ied ORANGE KUSH CBD 20%<br \/>\nSaadaval pakendites: 2g-3g-5g-10g-20g-50g-100g<\/p>\n","protected":false},"featured_media":11513,"template":"","meta":{"_joinchat":[]},"product_brand":[],"product_cat":[705,327],"product_tag":[],"class_list":{"0":"post-11420","1":"product","2":"type-product","3":"status-publish","4":"has-post-thumbnail","6":"product_cat-cbd","7":"product_cat-cbd-cbg-kanepi-oied","10":"first","11":"instock","12":"purchasable","13":"product-type-simple"},"tiered_pricing_type":"fixed","tiered_pricing_fixed_rules":{"2":10,"5":7,"10":6,"20":5,"50":4,"100":3,"500":2},"tiered_pricing_product_settings":{"layout":"default","base_unit_name":{"singular":null,"plural":null},"default_variation":null},"tiered_pricing_minimum_quantity":null,"tiered_pricing_roles_data":[],"tiered_pricing_percentage_rules":[],"tiered_pricing_maximum_quantity":null,"tiered_pricing_quantity_step":null,"_links":{"self":[{"href":"https:\/\/cbditaly.ee\/et\/wp-json\/wp\/v2\/product\/11420","targetHints":{"allow":["GET"]}}],"collection":[{"href":"https:\/\/cbditaly.ee\/et\/wp-json\/wp\/v2\/product"}],"about":[{"href":"https:\/\/cbditaly.ee\/et\/wp-json\/wp\/v2\/types\/product"}],"wp:featuredmedia":[{"embeddable":true,"href":"https:\/\/cbditaly.ee\/et\/wp-json\/wp\/v2\/media\/11513"}],"wp:attachment":[{"href":"https:\/\/cbditaly.ee\/et\/wp-json\/wp\/v2\/media?parent=11420"}],"wp:term":[{"taxonomy":"product_brand","embeddable":true,"href":"https:\/\/cbditaly.ee\/et\/wp-json\/wp\/v2\/product_brand?post=11420"},{"taxonomy":"product_cat","embeddable":true,"href":"https:\/\/cbditaly.ee\/et\/wp-json\/wp\/v2\/product_cat?post=11420"},{"taxonomy":"product_tag","embeddable":true,"href":"https:\/\/cbditaly.ee\/et\/wp-json\/wp\/v2\/product_tag?post=11420"}],"curies":[{"name":"wp","href":"https:\/\/api.w.org\/{rel}","templated":true}]}}