{"id":11563,"date":"2024-04-03T18:38:32","date_gmt":"2024-04-03T15:38:32","guid":{"rendered":"https:\/\/cbditaly.ee\/?post_type=product&#038;p=11563"},"modified":"2025-08-15T03:36:28","modified_gmt":"2025-08-15T00:36:28","slug":"ice-bong-with-dome-perkolator-violet","status":"publish","type":"product","link":"https:\/\/cbditaly.ee\/et\/product\/ice-bong-with-dome-perkolator-violet\/","title":{"rendered":"Ice Bong with Dome Perkolator Violet"},"content":{"rendered":"<p><strong data-start=\"127\" data-end=\"203\">Ice Bong with Dome Perkolator \u2013 Violet, H 205mm, \u00d8 40mm, SG 14, WT 2.5mm<\/strong><br data-start=\"203\" data-end=\"206\" \/>Kvaliteetsest boorsilikaatklaasist valmistatud vastupidav j\u00e4\u00e4bong, mis pakub stiilset ja sujuvat suitsetamiskogemust. Dome-perkolator hajutab ja filtreerib suitsu vee kaudu, tagades pehme ja jaheda t\u00f5mbe. J\u00e4\u00e4piigid jahutavad suitsu t\u00e4iuslikult, v\u00e4hendades kurgutunnet ja lisades v\u00e4rskust igale sessioonile. Varustatud chillumiga ja ergonoomilise \u00fcrdikausiga \u00fchtlaseks p\u00f5lemiseks. \u00dcmardatud huulik ja s\u00fcsi auk annavad t\u00e4ieliku kontrolli ja mugavuse. Violetne viimistlus lisab elegantsi, muutes selle bongi nii funktsionaalseks kui ka silmapaistvaks.<\/p>\n","protected":false},"excerpt":{"rendered":"<p>Ice Bong with Dome Perkolator Violet<br \/>\nH 205mm \u00d8 40mm SG 14 WT 2,5mm<\/p>\n","protected":false},"featured_media":11561,"template":"","meta":{"_joinchat":[]},"product_brand":[],"product_cat":[676],"product_tag":[],"class_list":{"0":"post-11563","1":"product","2":"type-product","3":"status-publish","4":"has-post-thumbnail","6":"product_cat-headshop","9":"first","10":"instock","11":"taxable","12":"shipping-taxable","13":"purchasable","14":"product-type-simple"},"tiered_pricing_type":"fixed","tiered_pricing_fixed_rules":[],"tiered_pricing_product_settings":{"layout":"default","base_unit_name":{"singular":null,"plural":null},"default_variation":null},"tiered_pricing_minimum_quantity":null,"tiered_pricing_roles_data":[],"tiered_pricing_percentage_rules":[],"tiered_pricing_maximum_quantity":null,"tiered_pricing_quantity_step":null,"_links":{"self":[{"href":"https:\/\/cbditaly.ee\/et\/wp-json\/wp\/v2\/product\/11563","targetHints":{"allow":["GET"]}}],"collection":[{"href":"https:\/\/cbditaly.ee\/et\/wp-json\/wp\/v2\/product"}],"about":[{"href":"https:\/\/cbditaly.ee\/et\/wp-json\/wp\/v2\/types\/product"}],"wp:featuredmedia":[{"embeddable":true,"href":"https:\/\/cbditaly.ee\/et\/wp-json\/wp\/v2\/media\/11561"}],"wp:attachment":[{"href":"https:\/\/cbditaly.ee\/et\/wp-json\/wp\/v2\/media?parent=11563"}],"wp:term":[{"taxonomy":"product_brand","embeddable":true,"href":"https:\/\/cbditaly.ee\/et\/wp-json\/wp\/v2\/product_brand?post=11563"},{"taxonomy":"product_cat","embeddable":true,"href":"https:\/\/cbditaly.ee\/et\/wp-json\/wp\/v2\/product_cat?post=11563"},{"taxonomy":"product_tag","embeddable":true,"href":"https:\/\/cbditaly.ee\/et\/wp-json\/wp\/v2\/product_tag?post=11563"}],"curies":[{"name":"wp","href":"https:\/\/api.w.org\/{rel}","templated":true}]}}