{"id":11602,"date":"2024-04-08T23:09:31","date_gmt":"2024-04-08T20:09:31","guid":{"rendered":"https:\/\/cbditaly.ee\/?post_type=product&#038;p=11602"},"modified":"2026-02-09T17:57:11","modified_gmt":"2026-02-09T15:57:11","slug":"moroccan-x-hash-10-oh-hhc-35-cbg-28-2g","status":"publish","type":"product","link":"https:\/\/cbditaly.ee\/et\/product\/moroccan-x-hash-10-oh-hhc-35-cbg-28-2g\/","title":{"rendered":"Moroccan X Hash THCV 35% CBG 28% 2g"},"content":{"rendered":"<p>Moroccan X Hash Pollen THCV 35% CBG 28%<\/p>\n<p>Pressitud Maroko CBG hash on maasika ja harlekiini \u00f5ietolm koos k\u00f5igi looduslike terpeenidega. Peen aroom ja maitse ning k\u00f5ik hashi aroomid ekstraheeritakse esimese peksmise ajal parima kvaliteediga CBG-ga. Selle vaigu v\u00e4rvus on tumeroheline. Nende v\u00e4rskelt korjatud lillede pungad kipuvad tavaliselt olema tumerohelised \/ pruunid. Niipea, kui neid hakatakse kokku suruma, annab Maroko esimese \u00f5ietolmu hashi maitse jaoks parima kvaliteediga toote. T\u00e4nu oma CBG sisaldusele on selle hashi kasuteguri olulised omadused rahustavad ja analgeetilised<\/p>\n<p>100% Orgaaniline Force Dutch Passion kanepi \u00f5ietolm \u2013 THCV 35% \/ THC &lt;0.3% \u2013 CBG 28%<\/p>\n<p>CBD tellimine eestisse (Hulgim\u00fc\u00fck): <a href=\"https:\/\/cbditaly.store\/et\/cashandcarry\/\" target=\"_blank\" rel=\"noopener\">www.cbditaly.store\u00a0<\/a><\/p>\n<p>Toote Kasutus: Ainult professionaalseks kasutamiseks v\u00f5i kollektsioneerimiseks. Mitte inimtarbimiseks.<br \/>\nM\u00fc\u00fcgipiirangud: Ei m\u00fc\u00fcda alla 18-aastastele.<br \/>\nHoiustamine: Hoida kuivas kohas, eemal kuumuse allikatest ja lastele k\u00e4ttesaamatus kohas.<br \/>\nP\u00e4ritolumaa: Itaalia.<\/p>\n","protected":false},"excerpt":{"rendered":"<p>Moroccan X Hash Pollen THCV 35% CBG 28% THC &lt;0.3%. Saadaval pakendites: 2g<\/p>\n","protected":false},"featured_media":12982,"template":"","meta":{"_joinchat":[]},"product_brand":[],"product_cat":[653,468,634,689],"product_tag":[],"class_list":{"0":"post-11602","1":"product","2":"type-product","3":"status-publish","4":"has-post-thumbnail","6":"product_cat-cbg-cbga","7":"product_cat-diy","8":"product_cat-hash","9":"product_cat-d9-thcv","12":"first","13":"instock","14":"purchasable","15":"product-type-simple"},"tiered_pricing_type":"fixed","tiered_pricing_fixed_rules":{"3":40},"tiered_pricing_product_settings":{"layout":"default","base_unit_name":{"singular":null,"plural":null},"default_variation":null},"tiered_pricing_minimum_quantity":null,"tiered_pricing_roles_data":[],"tiered_pricing_percentage_rules":[],"tiered_pricing_maximum_quantity":null,"tiered_pricing_quantity_step":null,"_links":{"self":[{"href":"https:\/\/cbditaly.ee\/et\/wp-json\/wp\/v2\/product\/11602","targetHints":{"allow":["GET"]}}],"collection":[{"href":"https:\/\/cbditaly.ee\/et\/wp-json\/wp\/v2\/product"}],"about":[{"href":"https:\/\/cbditaly.ee\/et\/wp-json\/wp\/v2\/types\/product"}],"wp:featuredmedia":[{"embeddable":true,"href":"https:\/\/cbditaly.ee\/et\/wp-json\/wp\/v2\/media\/12982"}],"wp:attachment":[{"href":"https:\/\/cbditaly.ee\/et\/wp-json\/wp\/v2\/media?parent=11602"}],"wp:term":[{"taxonomy":"product_brand","embeddable":true,"href":"https:\/\/cbditaly.ee\/et\/wp-json\/wp\/v2\/product_brand?post=11602"},{"taxonomy":"product_cat","embeddable":true,"href":"https:\/\/cbditaly.ee\/et\/wp-json\/wp\/v2\/product_cat?post=11602"},{"taxonomy":"product_tag","embeddable":true,"href":"https:\/\/cbditaly.ee\/et\/wp-json\/wp\/v2\/product_tag?post=11602"}],"curies":[{"name":"wp","href":"https:\/\/api.w.org\/{rel}","templated":true}]}}