{"id":11676,"date":"2024-05-11T23:32:01","date_gmt":"2024-05-11T20:32:01","guid":{"rendered":"https:\/\/cbditaly.ee\/?post_type=product&#038;p=11676"},"modified":"2025-02-27T19:07:23","modified_gmt":"2025-02-27T17:07:23","slug":"avokaadooli-massaazioli-koos-cbd-ga","status":"publish","type":"product","link":"https:\/\/cbditaly.ee\/et\/product\/avokaadooli-massaazioli-koos-cbd-ga\/","title":{"rendered":"Avokaado\u00f5li massaa\u017ei\u00f5li koos CBD-ga"},"content":{"rendered":"<h4>Avokaado\u00f5li massaa\u017ei\u00f5li koos CBD-ga<\/h4>\n<p><strong>Kirjeldus:<\/strong><br \/>\nSee avokaado baasil valmistatud massaa\u017ei\u00f5li on rikastatud 1% puhta isolaadi kujul oleva kannabidiooliga (CBD), pakkudes intensiivselt toitvat ja rahustavat nahahooldust. Avokaado rasvhapete, vitamiinide ning CBD kombinatsioon teeb sellest \u00f5list suurep\u00e4rase valiku l\u00f5\u00f5gastavateks ja terapeutilisteks massaa\u017eideks.<\/p>\n<p><strong>Eelised:<\/strong><\/p>\n<ol>\n<li><strong>S\u00fcgav toitumine:<\/strong> Avokaado rasvhapped ja vitamiinid taastavad naha, samal ajal kui CBD toetab rakkude uuenemist.<\/li>\n<li><strong>Elastsuse parandamine ja rahustav toime:<\/strong> \u00d5li suurendab naha elastsust ja v\u00e4hendab vananemism\u00e4rke, lisades CBD rahustavaid eeliseid.<\/li>\n<li><strong>Kestev niisutus ja lihaste l\u00f5dvestus:<\/strong> Pakub kestvat niisutust ja rahustab s\u00fcgavalt kudesid, mis on ideaalne lihaste taastumiseks.<\/li>\n<li><strong>Heaolu s\u00fcnergia:<\/strong> CBD v\u00f5imendab avokaado\u00f5li l\u00f5\u00f5gastavaid ja terapeutilisi efekte, aidates leevendada stressi ja parandada \u00fcldist heaolu massaa\u017ei ajal.<\/li>\n<\/ol>\n<p>Need CBD-ga rikastatud \u00f5lid pakuvad t\u00e4iustatud massaa\u017eikogemust, \u00fchendades viinamarjaseemne- ja avokaado\u00f5lide dermatoloogilised eelised CBD terapeutiliste omadustega, et pakkuda kehale ja meelele terviklikku hoolitsust.<\/p>\n","protected":false},"excerpt":{"rendered":"<p>AVOCADO CBD MASSAGE OIL &#8211; 100ml<\/p>\n","protected":false},"featured_media":11678,"template":"","meta":{"_joinchat":[]},"product_brand":[],"product_cat":[677],"product_tag":[],"class_list":{"0":"post-11676","1":"product","2":"type-product","3":"status-publish","4":"has-post-thumbnail","6":"product_cat-green-goddess-republic","9":"first","10":"instock","11":"taxable","12":"shipping-taxable","13":"purchasable","14":"product-type-simple"},"tiered_pricing_type":"fixed","tiered_pricing_fixed_rules":{"5":15},"tiered_pricing_product_settings":{"layout":"default","base_unit_name":{"singular":null,"plural":null},"default_variation":null},"tiered_pricing_minimum_quantity":null,"tiered_pricing_roles_data":[],"tiered_pricing_percentage_rules":[],"tiered_pricing_maximum_quantity":null,"tiered_pricing_quantity_step":null,"_links":{"self":[{"href":"https:\/\/cbditaly.ee\/et\/wp-json\/wp\/v2\/product\/11676","targetHints":{"allow":["GET"]}}],"collection":[{"href":"https:\/\/cbditaly.ee\/et\/wp-json\/wp\/v2\/product"}],"about":[{"href":"https:\/\/cbditaly.ee\/et\/wp-json\/wp\/v2\/types\/product"}],"wp:featuredmedia":[{"embeddable":true,"href":"https:\/\/cbditaly.ee\/et\/wp-json\/wp\/v2\/media\/11678"}],"wp:attachment":[{"href":"https:\/\/cbditaly.ee\/et\/wp-json\/wp\/v2\/media?parent=11676"}],"wp:term":[{"taxonomy":"product_brand","embeddable":true,"href":"https:\/\/cbditaly.ee\/et\/wp-json\/wp\/v2\/product_brand?post=11676"},{"taxonomy":"product_cat","embeddable":true,"href":"https:\/\/cbditaly.ee\/et\/wp-json\/wp\/v2\/product_cat?post=11676"},{"taxonomy":"product_tag","embeddable":true,"href":"https:\/\/cbditaly.ee\/et\/wp-json\/wp\/v2\/product_tag?post=11676"}],"curies":[{"name":"wp","href":"https:\/\/api.w.org\/{rel}","templated":true}]}}