{"id":11679,"date":"2024-05-11T23:32:14","date_gmt":"2024-05-11T20:32:14","guid":{"rendered":"https:\/\/cbditaly.ee\/?post_type=product&#038;p=11679"},"modified":"2025-02-27T19:08:23","modified_gmt":"2025-02-27T17:08:23","slug":"viinamarjaseemneoli-massaazioli-koos-cbd-ga","status":"publish","type":"product","link":"https:\/\/cbditaly.ee\/et\/product\/viinamarjaseemneoli-massaazioli-koos-cbd-ga\/","title":{"rendered":"Viinamarjaseemne\u00f5li massaa\u017ei\u00f5li koos CBD-ga"},"content":{"rendered":"<h4>Viinamarjaseemne\u00f5li massaa\u017ei\u00f5li koos CBD-ga<\/h4>\n<p><strong>Kirjeldus:<\/strong><br \/>\nViinamarjaseemne baasil valmistatud massaa\u017ei\u00f5li, mis on rikastatud 1% puhta isolaadi kujul oleva kannabidiooliga (CBD), pakub kerge ja mitte rasvase koostisega nahahooldustoote. See \u00f5li \u00fchendab viinamarjaseemnete looduslikud antioks\u00fcdandid ja CBD rahustavad omadused, luues ideaalse toote keha ja vaimu l\u00f5\u00f5gastamiseks.<\/p>\n<p><strong>Eelised:<\/strong><\/p>\n<ol>\n<li><strong>V\u00f5imas antioks\u00fcdantne toime:<\/strong> V\u00f5itleb naha vananemise vastu ja kaitseb vabade radikaalide kahjustuste eest.<\/li>\n<li><strong>CBD rahustav toime:<\/strong> V\u00e4hendab stressi ja \u00e4revust, soodustab massaa\u017ei ajal rahu ja heaolu tunnet.<\/li>\n<li><strong>Kiire imendumine ja niisutus:<\/strong> Niisutab s\u00fcgavalt j\u00e4ttes nahale rasvavaba tunde, lisaks CBD eelised, mis tungivad t\u00f5husalt nahka.<\/li>\n<li><strong>Kombineeritud terapeutilised eelised:<\/strong> Parandab vereringet ja leevendab lihasvalu, \u00fchendades viinamarjaseemnete tervendavad omadused CBD efektiivsusega.<\/li>\n<\/ol>\n<p>Need CBD-ga rikastatud \u00f5lid pakuvad t\u00e4iustatud massaa\u017eikogemust, \u00fchendades viinamarjaseemne- ja avokaado\u00f5lide dermatoloogilised eelised CBD terapeutiliste omadustega, et pakkuda kehale ja meelele terviklikku hoolitsust.<\/p>\n","protected":false},"excerpt":{"rendered":"<p>Viinamarjaseemne\u00f5li massaa\u017ei\u00f5li koos CBD-ga- 100ml<\/p>\n","protected":false},"featured_media":11678,"template":"","meta":{"_joinchat":[]},"product_brand":[],"product_cat":[677],"product_tag":[],"class_list":{"0":"post-11679","1":"product","2":"type-product","3":"status-publish","4":"has-post-thumbnail","6":"product_cat-green-goddess-republic","9":"first","10":"instock","11":"taxable","12":"shipping-taxable","13":"purchasable","14":"product-type-simple"},"tiered_pricing_type":"fixed","tiered_pricing_fixed_rules":{"5":15},"tiered_pricing_product_settings":{"layout":"default","base_unit_name":{"singular":null,"plural":null},"default_variation":null},"tiered_pricing_minimum_quantity":null,"tiered_pricing_roles_data":[],"tiered_pricing_percentage_rules":[],"tiered_pricing_maximum_quantity":null,"tiered_pricing_quantity_step":null,"_links":{"self":[{"href":"https:\/\/cbditaly.ee\/et\/wp-json\/wp\/v2\/product\/11679","targetHints":{"allow":["GET"]}}],"collection":[{"href":"https:\/\/cbditaly.ee\/et\/wp-json\/wp\/v2\/product"}],"about":[{"href":"https:\/\/cbditaly.ee\/et\/wp-json\/wp\/v2\/types\/product"}],"wp:featuredmedia":[{"embeddable":true,"href":"https:\/\/cbditaly.ee\/et\/wp-json\/wp\/v2\/media\/11678"}],"wp:attachment":[{"href":"https:\/\/cbditaly.ee\/et\/wp-json\/wp\/v2\/media?parent=11679"}],"wp:term":[{"taxonomy":"product_brand","embeddable":true,"href":"https:\/\/cbditaly.ee\/et\/wp-json\/wp\/v2\/product_brand?post=11679"},{"taxonomy":"product_cat","embeddable":true,"href":"https:\/\/cbditaly.ee\/et\/wp-json\/wp\/v2\/product_cat?post=11679"},{"taxonomy":"product_tag","embeddable":true,"href":"https:\/\/cbditaly.ee\/et\/wp-json\/wp\/v2\/product_tag?post=11679"}],"curies":[{"name":"wp","href":"https:\/\/api.w.org\/{rel}","templated":true}]}}