{"id":11686,"date":"2024-05-24T19:03:59","date_gmt":"2024-05-24T16:03:59","guid":{"rendered":"https:\/\/cbditaly.ee\/?post_type=product&#038;p=11686"},"modified":"2026-03-01T01:14:58","modified_gmt":"2026-02-28T23:14:58","slug":"lemon-skunk-cbd-21-thc","status":"publish","type":"product","link":"https:\/\/cbditaly.ee\/et\/product\/lemon-skunk-cbd-21-thc\/","title":{"rendered":"LEMON SKUNK CBD 21% THC<0,3%"},"content":{"rendered":"<p data-start=\"0\" data-end=\"43\">Kanepi \u00f5ied LEMON SKUNK CBD 21%<br data-start=\"31\" data-end=\"34\" \/>THC &lt;0,3%<\/p>\n<p data-start=\"45\" data-end=\"457\">\u00dclevaade:<br data-start=\"54\" data-end=\"57\" \/>Lemon Skunk on v\u00e4rske ja visuaalselt energiline CBD-rikas kanepisort, mida hinnatakse selle elava struktuuri ja selgelt eristuva tsitruselise aroomiprofiili poolest. K\u00f5rge CBD 21% sisaldus koos madala THC tasemega annab sordile professionaalse ja kollektsioonilise v\u00e4\u00e4rtuse. Tegemist on premium-kategooria kollektsioneerimistootega, mis sobib suurep\u00e4raselt professionaalsetesse esitluskeskkondadesse.<\/p>\n<p data-start=\"459\" data-end=\"769\">V\u00e4limus ja aroom:<br data-start=\"476\" data-end=\"479\" \/>\u00d5ied on tihedad, vaigused ja \u00fchtlase kristalse h\u00e4rmatisega kaetud. Domineerivad erksad rohelised toonid, mida t\u00e4iendavad heledad kollakasoran\u017eid karvad. Aroomiprofiil on selgelt tsitruseline, meenutades v\u00e4rsket sidrunit ja kergeid skunki-noote, mis on iseloomulikud Lemon Skunk geneetikale.<\/p>\n<p data-start=\"771\" data-end=\"924\">Koostis ja omadused:<br data-start=\"791\" data-end=\"794\" \/>CBD: kuni 21%<br data-start=\"807\" data-end=\"810\" \/>THC sisaldus: alla &lt;0,3%<br data-start=\"834\" data-end=\"837\" \/>Loomulik taimne koostis<br data-start=\"860\" data-end=\"863\" \/>Stabiilne morfoloogia ja visuaalselt v\u00e4ga atraktiivne v\u00e4limus<\/p>\n<p data-start=\"926\" data-end=\"1066\">P\u00e4ritolu ja tootmine:<br data-start=\"947\" data-end=\"950\" \/>Tooted on k\u00e4sitsi valitud ning hoolikalt kontrollitud, et tagada \u00fchtlane visuaalne kvaliteet.<br data-start=\"1043\" data-end=\"1046\" \/>P\u00e4ritolumaa: Itaalia<\/p>\n<p data-start=\"1068\" data-end=\"1344\">Kasutus ja piirangud:<br data-start=\"1089\" data-end=\"1092\" \/>Toote kasutus: Ainult professionaalseks kasutamiseks v\u00f5i kollektsioneerimiseks. Mitte inimtarbimiseks.<br data-start=\"1194\" data-end=\"1197\" \/>M\u00fc\u00fcgipiirangud: Ei m\u00fc\u00fcda alla 18-aastastele.<br data-start=\"1241\" data-end=\"1244\" \/>Hoiustamine: Hoida kuivas ja jahedas kohas, eemal otsesest kuumusest ja lastele k\u00e4ttesaamatus kohas.<\/p>\n<p data-start=\"1346\" data-end=\"1529\">Hulgim\u00fc\u00fck ja partnerlus:<br data-start=\"1370\" data-end=\"1373\" \/>Kas soovid saada iseseisvaks edasim\u00fc\u00fcjaks v\u00f5i frantsiisipartneriks?<br data-start=\"1440\" data-end=\"1443\" \/>Pakume madalaid miinimumkoguseid, professionaalset kvaliteeti ja paindlikke tingimusi.<\/p>\n<p data-start=\"1531\" data-end=\"1589\" data-is-last-node=\"\" data-is-only-node=\"\">Liitu meie Cash &amp; Carry\u2019ga v\u00f5i kirjuta: <a class=\"decorated-link cursor-pointer\" rel=\"noopener\" data-start=\"1571\" data-end=\"1589\" data-is-last-node=\"\">biz@cbditaly.store<\/a><\/p>\n","protected":false},"excerpt":{"rendered":"<p>Kanepi \u00f5ied CBD 21% LEMON SKUNK<br \/>\nSaadaval pakendites: 2g-3g-5g-10g-20g-50g-100g<\/p>\n","protected":false},"featured_media":11509,"template":"","meta":{"_joinchat":[]},"product_brand":[],"product_cat":[705,327],"product_tag":[],"class_list":{"0":"post-11686","1":"product","2":"type-product","3":"status-publish","4":"has-post-thumbnail","6":"product_cat-cbd","7":"product_cat-cbd-cbg-kanepi-oied","10":"first","11":"instock","12":"purchasable","13":"product-type-simple"},"tiered_pricing_type":"fixed","tiered_pricing_fixed_rules":{"2":10,"5":7,"10":6,"20":5,"50":4,"100":3,"500":2},"tiered_pricing_product_settings":{"layout":"default","base_unit_name":{"singular":null,"plural":null},"default_variation":null},"tiered_pricing_minimum_quantity":null,"tiered_pricing_roles_data":[],"tiered_pricing_percentage_rules":[],"tiered_pricing_maximum_quantity":null,"tiered_pricing_quantity_step":null,"_links":{"self":[{"href":"https:\/\/cbditaly.ee\/et\/wp-json\/wp\/v2\/product\/11686","targetHints":{"allow":["GET"]}}],"collection":[{"href":"https:\/\/cbditaly.ee\/et\/wp-json\/wp\/v2\/product"}],"about":[{"href":"https:\/\/cbditaly.ee\/et\/wp-json\/wp\/v2\/types\/product"}],"wp:featuredmedia":[{"embeddable":true,"href":"https:\/\/cbditaly.ee\/et\/wp-json\/wp\/v2\/media\/11509"}],"wp:attachment":[{"href":"https:\/\/cbditaly.ee\/et\/wp-json\/wp\/v2\/media?parent=11686"}],"wp:term":[{"taxonomy":"product_brand","embeddable":true,"href":"https:\/\/cbditaly.ee\/et\/wp-json\/wp\/v2\/product_brand?post=11686"},{"taxonomy":"product_cat","embeddable":true,"href":"https:\/\/cbditaly.ee\/et\/wp-json\/wp\/v2\/product_cat?post=11686"},{"taxonomy":"product_tag","embeddable":true,"href":"https:\/\/cbditaly.ee\/et\/wp-json\/wp\/v2\/product_tag?post=11686"}],"curies":[{"name":"wp","href":"https:\/\/api.w.org\/{rel}","templated":true}]}}