{"id":11862,"date":"2024-09-19T20:59:59","date_gmt":"2024-09-19T17:59:59","guid":{"rendered":"https:\/\/cbditaly.ee\/?post_type=product&#038;p=11862"},"modified":"2026-04-11T17:59:53","modified_gmt":"2026-04-11T14:59:53","slug":"ice-cream-thcvo-60","status":"publish","type":"product","link":"https:\/\/cbditaly.ee\/et\/product\/ice-cream-thcvo-60\/","title":{"rendered":"ICE CREAM X THCVO 60%"},"content":{"rendered":"<p data-start=\"192\" data-end=\"241\">Kanepi \u00f5ied ICE CREAM X THCVO 60%<br data-start=\"227\" data-end=\"230\" \/>THC &lt;0,3%<\/p>\n<p data-start=\"243\" data-end=\"633\">\u00dclevaade:<br data-start=\"256\" data-end=\"259\" \/>Ice Cream on visuaalselt erakordne kanepisort, mida hinnatakse selle esteetilise struktuuri ja magusalt kreemja aroomiprofiili t\u00f5ttu. Selle eriversioon on rikastatud THCVO 60% sisaldusega, mis lisab sordile tehnoloogilise ja teadusliku erip\u00e4ra. Tegemist on premium-kategooria kollektsioneerimistootega, mis sobib suurep\u00e4raselt professionaalsetesse esitluskeskkondadesse.<\/p>\n<p data-start=\"635\" data-end=\"901\">V\u00e4limus ja aroom:<br data-start=\"656\" data-end=\"659\" \/>\u00d5ied on tihedad, vaigused ja kaetud rikkaliku kristalse h\u00e4rmatisega. Iseloomulikud on erkrohelised toonid koos kontrastsete oran\u017eide karvadega. Aroomiprofiil viitab magusatele ja kreemjatele nootidele, mis on t\u00fc\u00fcpilised Ice Cream geneetikale.<\/p>\n<p data-start=\"903\" data-end=\"1079\">Koostis ja omadused:<br data-start=\"927\" data-end=\"930\" \/>THCVO: kuni 60%<br data-start=\"949\" data-end=\"952\" \/>CBD: loomulik taimne sisaldus<br data-start=\"985\" data-end=\"988\" \/>THC sisaldus: alla &lt;0,3%<br data-start=\"1012\" data-end=\"1015\" \/>Stabiilne morfoloogia ja visuaalselt v\u00e4ga atraktiivne v\u00e4limus.<\/p>\n<p data-start=\"1081\" data-end=\"1229\">P\u00e4ritolu ja tootmine:<br data-start=\"1106\" data-end=\"1109\" \/>Tooted on k\u00e4sitsi valitud ning hoolikalt kontrollitud, et tagada \u00fchtlane visuaalne kvaliteet.<br data-start=\"1202\" data-end=\"1205\" \/>P\u00e4ritolumaa: Itaalia<\/p>\n<p data-start=\"1231\" data-end=\"1519\"><strong data-start=\"1231\" data-end=\"1256\">Kasutus ja piirangud:<\/strong><br data-start=\"1256\" data-end=\"1259\" \/>Toote kasutus: <strong data-start=\"1274\" data-end=\"1365\">Ainult professionaalseks kasutamiseks v\u00f5i kollektsioneerimiseks. Mitte inimtarbimiseks.<\/strong><br data-start=\"1365\" data-end=\"1368\" \/>M\u00fc\u00fcgipiirangud: <strong data-start=\"1384\" data-end=\"1416\">Ei m\u00fc\u00fcda alla 18-aastastele.<\/strong><br data-start=\"1416\" data-end=\"1419\" \/>Hoiustamine: Hoida kuivas ja jahedas kohas, eemal otsesest kuumusest ja lastele k\u00e4ttesaamatus kohas.<\/p>\n<p data-start=\"1521\" data-end=\"1710\"><strong data-start=\"1521\" data-end=\"1549\">Hulgim\u00fc\u00fck ja partnerlus:<\/strong><br data-start=\"1549\" data-end=\"1552\" \/>Kas soovid saada iseseisvaks edasim\u00fc\u00fcjaks v\u00f5i frantsiisipartneriks?<br data-start=\"1619\" data-end=\"1622\" \/>Pakume madalaid miinimumkoguseid, professionaalset kvaliteeti ja paindlikke tingimusi.<\/p>\n<p data-start=\"1712\" data-end=\"1774\">Liitu meie Cash &amp; Carry\u2019ga v\u00f5i kirjuta: <strong data-start=\"1752\" data-end=\"1774\"><a class=\"decorated-link cursor-pointer\" rel=\"noopener\" data-start=\"1754\" data-end=\"1772\">biz@cbditaly.store<\/a><\/strong><\/p>\n","protected":false},"excerpt":{"rendered":"<p>ICE CREAM X THCVO 60%<br \/>\nSaadaval pakendites: 2g-3g-5g-10g-20g-50g<\/p>\n","protected":false},"featured_media":15853,"template":"","meta":{"_joinchat":[]},"product_brand":[],"product_cat":[327,704,703],"product_tag":[],"class_list":{"0":"post-11862","1":"product","2":"type-product","3":"status-publish","4":"has-post-thumbnail","6":"product_cat-cbd-cbg-kanepi-oied","7":"product_cat-new","8":"product_cat-thcvo","11":"first","12":"instock","13":"purchasable","14":"product-type-simple"},"tiered_pricing_type":"fixed","tiered_pricing_fixed_rules":{"2":17,"3":15,"5":10,"10":9,"20":8,"50":7,"100":6,"1000":4.5},"tiered_pricing_product_settings":{"layout":"default","base_unit_name":{"singular":null,"plural":null},"default_variation":null},"tiered_pricing_minimum_quantity":null,"tiered_pricing_roles_data":[],"tiered_pricing_percentage_rules":[],"tiered_pricing_maximum_quantity":null,"tiered_pricing_quantity_step":null,"_links":{"self":[{"href":"https:\/\/cbditaly.ee\/et\/wp-json\/wp\/v2\/product\/11862","targetHints":{"allow":["GET"]}}],"collection":[{"href":"https:\/\/cbditaly.ee\/et\/wp-json\/wp\/v2\/product"}],"about":[{"href":"https:\/\/cbditaly.ee\/et\/wp-json\/wp\/v2\/types\/product"}],"wp:featuredmedia":[{"embeddable":true,"href":"https:\/\/cbditaly.ee\/et\/wp-json\/wp\/v2\/media\/15853"}],"wp:attachment":[{"href":"https:\/\/cbditaly.ee\/et\/wp-json\/wp\/v2\/media?parent=11862"}],"wp:term":[{"taxonomy":"product_brand","embeddable":true,"href":"https:\/\/cbditaly.ee\/et\/wp-json\/wp\/v2\/product_brand?post=11862"},{"taxonomy":"product_cat","embeddable":true,"href":"https:\/\/cbditaly.ee\/et\/wp-json\/wp\/v2\/product_cat?post=11862"},{"taxonomy":"product_tag","embeddable":true,"href":"https:\/\/cbditaly.ee\/et\/wp-json\/wp\/v2\/product_tag?post=11862"}],"curies":[{"name":"wp","href":"https:\/\/api.w.org\/{rel}","templated":true}]}}