{"id":11867,"date":"2024-09-19T21:50:33","date_gmt":"2024-09-19T18:50:33","guid":{"rendered":"https:\/\/cbditaly.ee\/?post_type=product&#038;p=11867"},"modified":"2026-03-01T01:14:42","modified_gmt":"2026-02-28T23:14:42","slug":"cannatonic-x-d9-thcv-40","status":"publish","type":"product","link":"https:\/\/cbditaly.ee\/et\/product\/cannatonic-x-d9-thcv-40\/","title":{"rendered":"CANNATONIC X D9-THCV 40%"},"content":{"rendered":"<p data-start=\"113\" data-end=\"141\">CANNATONIC X D9-THCV 40%<\/p>\n<p data-start=\"143\" data-end=\"170\">THC sisaldus: alla 0,3%<\/p>\n<p data-start=\"172\" data-end=\"406\">\u00dclevaade:<br data-start=\"185\" data-end=\"188\" \/>Cannatonic on tuntud oma tasakaalustatud geneetika ja maheda aroomiprofiili poolest. D9-THCV lisamine toob esile sordi esteetilised omadused, muutes selle sobivaks kollektsion\u00e4\u00e4ridele ja professionaalseteks esitluseks.<\/p>\n<p data-start=\"408\" data-end=\"598\">Aroom ja v\u00e4limus:<br data-start=\"429\" data-end=\"432\" \/>Maal\u00e4hedased ja puidused noodid, millele lisanduvad kerge sidrunine ja m\u00e4nniaroom. Pungad on vaigused, hele- kuni keskmiselt rohelised ning kaetud oran\u017eide karvadega.<\/p>\n<p data-start=\"600\" data-end=\"756\">Sordi omadused:<br data-start=\"619\" data-end=\"622\" \/>D9-THCV: kuni 40%<br data-start=\"639\" data-end=\"642\" \/>THC sisaldus: alla seadusliku piiri (tavaliselt &lt;0,3%)<br data-start=\"696\" data-end=\"699\" \/>Morfoloogiliselt stabiilne ja visuaalselt selge struktuur<\/p>\n<p data-start=\"758\" data-end=\"1039\">Toote Kasutus: Ainult professionaalseks kasutamiseks v\u00f5i kollektsioneerimiseks. Mitte inimtarbimiseks.<br data-start=\"864\" data-end=\"867\" \/>M\u00fc\u00fcgipiirangud: Ei m\u00fc\u00fcda alla 18-aastastele.<br data-start=\"915\" data-end=\"918\" \/>Hoiustamine: Hoida kuivas kohas, eemal kuumuse allikatest ja lastele k\u00e4ttesaamatus kohas.<br data-start=\"1011\" data-end=\"1014\" \/>P\u00e4ritolumaa: Itaalia.<\/p>\n<p data-start=\"1041\" data-end=\"1268\">Soovid saada iseseisvaks edasim\u00fc\u00fcjaks v\u00f5i frantsiisipartneriks? Madalad miinimumkogused, k\u00f5rge kvaliteet ja sinu vajadustele vastavad hinnad! Liitu meie Cash &amp; Carry\u2019ga v\u00f5i v\u00f5ta \u00fchendust e-posti teel: <a class=\"cursor-pointer\" rel=\"noopener\" data-start=\"1248\" data-end=\"1266\">biz@cbditaly.store<\/a><\/p>\n","protected":false},"excerpt":{"rendered":"<p>Kanepi \u00f5ied CANNATONIC X D9-THCV 40%<br \/>\nSaadaval pakendites: 2g-3g-5g-10g-20g-50g-100g<\/p>\n","protected":false},"featured_media":15403,"template":"","meta":{"_joinchat":[]},"product_brand":[],"product_cat":[327,689],"product_tag":[],"class_list":{"0":"post-11867","1":"product","2":"type-product","3":"status-publish","4":"has-post-thumbnail","6":"product_cat-cbd-cbg-kanepi-oied","7":"product_cat-d9-thcv","10":"first","11":"instock","12":"sale","13":"purchasable","14":"product-type-simple"},"tiered_pricing_type":"fixed","tiered_pricing_fixed_rules":{"2":12,"5":10,"10":8,"20":7,"50":6,"100":5,"1000":3},"tiered_pricing_product_settings":{"layout":"default","base_unit_name":{"singular":null,"plural":null},"default_variation":null},"tiered_pricing_minimum_quantity":null,"tiered_pricing_roles_data":[],"tiered_pricing_percentage_rules":[],"tiered_pricing_maximum_quantity":null,"tiered_pricing_quantity_step":null,"_links":{"self":[{"href":"https:\/\/cbditaly.ee\/et\/wp-json\/wp\/v2\/product\/11867","targetHints":{"allow":["GET"]}}],"collection":[{"href":"https:\/\/cbditaly.ee\/et\/wp-json\/wp\/v2\/product"}],"about":[{"href":"https:\/\/cbditaly.ee\/et\/wp-json\/wp\/v2\/types\/product"}],"wp:featuredmedia":[{"embeddable":true,"href":"https:\/\/cbditaly.ee\/et\/wp-json\/wp\/v2\/media\/15403"}],"wp:attachment":[{"href":"https:\/\/cbditaly.ee\/et\/wp-json\/wp\/v2\/media?parent=11867"}],"wp:term":[{"taxonomy":"product_brand","embeddable":true,"href":"https:\/\/cbditaly.ee\/et\/wp-json\/wp\/v2\/product_brand?post=11867"},{"taxonomy":"product_cat","embeddable":true,"href":"https:\/\/cbditaly.ee\/et\/wp-json\/wp\/v2\/product_cat?post=11867"},{"taxonomy":"product_tag","embeddable":true,"href":"https:\/\/cbditaly.ee\/et\/wp-json\/wp\/v2\/product_tag?post=11867"}],"curies":[{"name":"wp","href":"https:\/\/api.w.org\/{rel}","templated":true}]}}