{"id":12362,"date":"2025-02-22T17:10:38","date_gmt":"2025-02-22T15:10:38","guid":{"rendered":"https:\/\/cbditaly.ee\/?post_type=product&#038;p=12362"},"modified":"2026-01-04T22:25:18","modified_gmt":"2026-01-04T20:25:18","slug":"premium-cannatonic-x-joint-d9-thcv-40-3-pakend-3g","status":"publish","type":"product","link":"https:\/\/cbditaly.ee\/et\/product\/premium-cannatonic-x-joint-d9-thcv-40-3-pakend-3g\/","title":{"rendered":"Premium Cannatonic X Joint D9-THCV 40% \u2013 3-pakend (3g)"},"content":{"rendered":"<div class=\"flex max-w-full flex-col flex-grow\">\n<div class=\"min-h-8 text-message flex w-full flex-col items-end gap-2 whitespace-normal break-words text-start [.text-message+&amp;]:mt-5\" dir=\"auto\" data-message-author-role=\"assistant\" data-message-id=\"e51bf9c8-c2bb-4feb-a0fa-7a4d30b55644\" data-message-model-slug=\"gpt-4o\">\n<div class=\"flex w-full flex-col gap-1 empty:hidden first:pt-[3px]\">\n<div class=\"markdown prose w-full break-words dark:prose-invert light\">\n<p data-start=\"0\" data-end=\"67\">Premium Cannatonic Joint D9-THCV 40% \u2013 3g: 3-pakend (1g iga\u00fches)<\/p>\n<p data-start=\"69\" data-end=\"404\">Koge j\u00e4rgmise taseme kanepielamust meie eksklusiivse 3-pakendiga Cannatonic jointidega. Iga ideaalselt m\u00f5\u00f5detud 1-grammine joint pakub muljetavaldavat 40% D9-THCV sisaldust, mis tagab ainulaadse ja ergutava profiili. Joint on meisterlikult valminud originaalsest king size RAW paberist ja filtrist \u2013 RAW on<\/p>\n<p data-start=\"148\" data-end=\"783\">M\u00e4rkimisv\u00e4\u00e4rne tugevus: 40% D9-THCV sisaldus annab energilise ja selge pea t\u00f5usu, mis sobib ideaalselt p\u00e4evaseks kasutamiseks ja loomingulisteks hetkedeks. J\u00e4rjepidev kvaliteet: iga joint on t\u00e4pselt 1 grammi netokaaluga, tagades usaldusv\u00e4\u00e4rse ja kontrollitud kogemuse igal kasutuskorral. K\u00e4sit\u00f6\u00f6na valminud: valmistatud premium-klassi Cannatonic kanepist ja hoolikalt kuivatatud, et s\u00e4ilitada looduslikud aroomid ja maitsed. Autentsed materjalid: originaalne king size RAW paber ja filter tagavad ehtsa tunde ja k\u00f5rgeima kvaliteedi. Diskreetne ja turvaline: pakendatud hoolikalt, et s\u00e4ilitada v\u00e4rskus ja tagada maksimaalne diskreetsus.<\/p>\n<p data-start=\"785\" data-end=\"1052\">Avasta tasakaalustatud ja ergutav kanepielamus, mis aitab parandada keskendumisv\u00f5imet ja hoiab meeled erksana. Ideaalne valik nii kogenud kanepinautlejatele kui ka neile, kes soovivad kogeda midagi uut. Meie Cannatonic joints viivad sinu p\u00e4eva t\u00e4iesti uuele tasemele.<\/p>\n<p>Toote Kasutus:\u00a0Ainult professionaalseks kasutamiseks v\u00f5i kollektsioneerimiseks. Mitte inimtarbimiseks.<br \/>\nM\u00fc\u00fcgipiirangud:\u00a0Ei m\u00fc\u00fcda alla 18-aastastele.<br \/>\nHoiustamine:\u00a0Hoida kuivas kohas, eemal kuumuse allikatest ja lastele k\u00e4ttesaamatus kohas.<br \/>\nP\u00e4ritolumaa:\u00a0Itaalia.<\/p>\n<p>Soovid saada iseseisvaks edasim\u00fc\u00fcjaks v\u00f5i frantsiisipartneriks? Madalad miinimumkogused, k\u00f5rge kvaliteet ja sinu vajadustele vastavad hinnad! Liitu meie Cash &amp; Carry&#8217;ga v\u00f5i v\u00f5ta \u00fchendust e-posti teel: <a class=\"cursor-pointer\" rel=\"noopener\" data-start=\"203\" data-end=\"221\">biz@cbditaly.store<\/a><\/p>\n<\/div>\n<\/div>\n<\/div>\n<\/div>\n","protected":false},"excerpt":{"rendered":"<p>Premium Cannatonic Rullid D9-THCV 40% \u2013 3-pakend (3g)<\/p>\n","protected":false},"featured_media":12387,"template":"","meta":{"_joinchat":[]},"product_brand":[],"product_cat":[327,695,689],"product_tag":[],"class_list":{"0":"post-12362","1":"product","2":"type-product","3":"status-publish","4":"has-post-thumbnail","6":"product_cat-cbd-cbg-kanepi-oied","7":"product_cat-pre-rolls","8":"product_cat-d9-thcv","11":"first","12":"instock","13":"sale","14":"taxable","15":"shipping-taxable","16":"purchasable","17":"product-type-simple"},"tiered_pricing_type":"fixed","tiered_pricing_fixed_rules":[],"tiered_pricing_product_settings":{"layout":"default","base_unit_name":{"singular":null,"plural":null},"default_variation":null},"tiered_pricing_minimum_quantity":null,"tiered_pricing_roles_data":[],"tiered_pricing_percentage_rules":[],"tiered_pricing_maximum_quantity":null,"tiered_pricing_quantity_step":null,"_links":{"self":[{"href":"https:\/\/cbditaly.ee\/et\/wp-json\/wp\/v2\/product\/12362","targetHints":{"allow":["GET"]}}],"collection":[{"href":"https:\/\/cbditaly.ee\/et\/wp-json\/wp\/v2\/product"}],"about":[{"href":"https:\/\/cbditaly.ee\/et\/wp-json\/wp\/v2\/types\/product"}],"wp:featuredmedia":[{"embeddable":true,"href":"https:\/\/cbditaly.ee\/et\/wp-json\/wp\/v2\/media\/12387"}],"wp:attachment":[{"href":"https:\/\/cbditaly.ee\/et\/wp-json\/wp\/v2\/media?parent=12362"}],"wp:term":[{"taxonomy":"product_brand","embeddable":true,"href":"https:\/\/cbditaly.ee\/et\/wp-json\/wp\/v2\/product_brand?post=12362"},{"taxonomy":"product_cat","embeddable":true,"href":"https:\/\/cbditaly.ee\/et\/wp-json\/wp\/v2\/product_cat?post=12362"},{"taxonomy":"product_tag","embeddable":true,"href":"https:\/\/cbditaly.ee\/et\/wp-json\/wp\/v2\/product_tag?post=12362"}],"curies":[{"name":"wp","href":"https:\/\/api.w.org\/{rel}","templated":true}]}}