{"id":12399,"date":"2025-02-22T18:32:03","date_gmt":"2025-02-22T16:32:03","guid":{"rendered":"https:\/\/cbditaly.ee\/?post_type=product&#038;p=12399"},"modified":"2025-08-08T04:13:40","modified_gmt":"2025-08-08T01:13:40","slug":"raw-king-size-paper-classic","status":"publish","type":"product","link":"https:\/\/cbditaly.ee\/et\/product\/raw-king-size-paper-classic\/","title":{"rendered":"RAW King Size paper CLASSIC"},"content":{"rendered":"<p data-start=\"301\" data-end=\"582\"><strong data-start=\"301\" data-end=\"332\">RAW King Size Paber Classic<\/strong> on ideaalne valik suitsetamishuvilistele, kes hindavad loomulikkust, kvaliteeti ja ehtsat kogemust. Valmistatud rafineerimata, puhastest taimsetest kiududest, ilma lisatud kemikaalide, v\u00e4rvainete v\u00f5i kriidita, p\u00f5leb see paber \u00fchtlaselt ja aeglaselt.<\/p>\n<p data-start=\"584\" data-end=\"778\">T\u00e4nu patenteeritud ristjoone vesim\u00e4rgile on p\u00f5lemine kontrollitud ja \u00fchtlane, v\u00e4ltides \u201cjooksmist\u201d. King Size Slim m\u00f5\u00f5t sobib ideaalselt pikemaks suitsetamissessiooniks v\u00f5i jagamiseks s\u00f5pradega.<\/p>\n<p data-start=\"780\" data-end=\"824\"><strong data-start=\"780\" data-end=\"791\">Suurus:<\/strong><br data-start=\"791\" data-end=\"794\" \/>110 \u00d7 44 mm (King Size Slim)<\/p>\n<p data-start=\"826\" data-end=\"873\"><strong data-start=\"826\" data-end=\"836\">Kogus:<\/strong><br data-start=\"836\" data-end=\"839\" \/>32 lehte pakis<br data-start=\"853\" data-end=\"856\" \/>50 pakki kastis<\/p>\n<p data-start=\"875\" data-end=\"1089\">Toote kasutus: ainult professionaalseks kasutamiseks v\u00f5i kollektsioneerimiseks. Mitte inimtarbimiseks.<br data-start=\"977\" data-end=\"980\" \/>M\u00fc\u00fcgipiirang: ei m\u00fc\u00fcda alla 18-aastastele.<br data-start=\"1022\" data-end=\"1025\" \/>Hoiustamine: hoida kuivas, jahedas, lastele k\u00e4ttesaamatus kohas.<\/p>\n<p><strong>Soovid saada iseseisvaks edasim\u00fc\u00fcjaks v\u00f5i frantsiisipartneriks? Madalad miinimumkogused, k\u00f5rge kvaliteet ja sinu vajadustele vastavad hinnad! Liitu meie Cash &amp; Carry\u2019ga v\u00f5i v\u00f5ta \u00fchendust e-posti teel:\u00a0<a class=\"cursor-pointer\" rel=\"noopener\" data-start=\"203\" data-end=\"221\">biz@cbditaly.store<\/a><\/strong><\/p>\n<p>&nbsp;<\/p>\n","protected":false},"excerpt":{"rendered":"<p>RAW King Size paper CLASSIC<\/p>\n","protected":false},"featured_media":12369,"template":"","meta":{"_joinchat":[]},"product_brand":[],"product_cat":[468,676],"product_tag":[],"class_list":{"0":"post-12399","1":"product","2":"type-product","3":"status-publish","4":"has-post-thumbnail","6":"product_cat-diy","7":"product_cat-headshop","10":"first","11":"instock","12":"taxable","13":"shipping-taxable","14":"purchasable","15":"product-type-simple"},"tiered_pricing_type":"fixed","tiered_pricing_fixed_rules":{"2":2.5},"tiered_pricing_product_settings":{"layout":"default","base_unit_name":{"singular":null,"plural":null},"default_variation":null},"tiered_pricing_minimum_quantity":null,"tiered_pricing_roles_data":[],"tiered_pricing_percentage_rules":[],"tiered_pricing_maximum_quantity":null,"tiered_pricing_quantity_step":null,"_links":{"self":[{"href":"https:\/\/cbditaly.ee\/et\/wp-json\/wp\/v2\/product\/12399","targetHints":{"allow":["GET"]}}],"collection":[{"href":"https:\/\/cbditaly.ee\/et\/wp-json\/wp\/v2\/product"}],"about":[{"href":"https:\/\/cbditaly.ee\/et\/wp-json\/wp\/v2\/types\/product"}],"wp:featuredmedia":[{"embeddable":true,"href":"https:\/\/cbditaly.ee\/et\/wp-json\/wp\/v2\/media\/12369"}],"wp:attachment":[{"href":"https:\/\/cbditaly.ee\/et\/wp-json\/wp\/v2\/media?parent=12399"}],"wp:term":[{"taxonomy":"product_brand","embeddable":true,"href":"https:\/\/cbditaly.ee\/et\/wp-json\/wp\/v2\/product_brand?post=12399"},{"taxonomy":"product_cat","embeddable":true,"href":"https:\/\/cbditaly.ee\/et\/wp-json\/wp\/v2\/product_cat?post=12399"},{"taxonomy":"product_tag","embeddable":true,"href":"https:\/\/cbditaly.ee\/et\/wp-json\/wp\/v2\/product_tag?post=12399"}],"curies":[{"name":"wp","href":"https:\/\/api.w.org\/{rel}","templated":true}]}}