{"id":12411,"date":"2025-02-23T15:05:57","date_gmt":"2025-02-23T13:05:57","guid":{"rendered":"https:\/\/cbditaly.ee\/?post_type=product&#038;p=12411"},"modified":"2025-08-08T04:00:45","modified_gmt":"2025-08-08T01:00:45","slug":"raw-wide-perforated-tips","status":"publish","type":"product","link":"https:\/\/cbditaly.ee\/et\/product\/raw-wide-perforated-tips\/","title":{"rendered":"RAW Wide Perforated Tips"},"content":{"rendered":"<p data-start=\"312\" data-end=\"584\">RAW Wide Perforated Tips tagavad sujuvama ja jahedama suitsetamiskogemuse ning aitavad v\u00e4ltida v\u00e4ikeste osakeste sattumist suhu. M\u00f5\u00f5tmetega 58 \u00d7 25 mm pakuvad need otsikud suurep\u00e4rast \u00f5huvoolu, v\u00e4hendavad liiga tugevat t\u00f5mmet ja hoiavad p\u00f5leva otsa ohutult eemal huultest.<\/p>\n<p data-start=\"586\" data-end=\"595\">Omadused:<\/p>\n<p data-start=\"597\" data-end=\"896\">\u2013 \u00dchtlane ja loomulik t\u00f5mme, mis tagab meeldiva \u00f5huvoolu<br data-start=\"653\" data-end=\"656\" \/>\u2013 Usaldusv\u00e4\u00e4rne filter v\u00e4ikeste osakeste vastu, tagades puhtama kogemuse<br data-start=\"728\" data-end=\"731\" \/>\u2013 Tugev ja vastupidav ehitus, mis ei vaju kokku ja teeb rullimise lihtsaks<br data-start=\"805\" data-end=\"808\" \/>\u2013 Kohandatav kuju, mis v\u00f5imaldab reguleerida t\u00f5mmet ja \u00f5huvoolu vastavalt eelistustele<\/p>\n<p data-start=\"898\" data-end=\"1017\">Parima tulemuse saavutamiseks voldi \u00fcks ots akordionistiilis \u2013 see lisab stabiilsust ja muudab suitsetamise mugavamaks.<\/p>\n<p data-start=\"1019\" data-end=\"1106\">Rulli professionaalselt RAW Wide Perforated Tips&#8217;iga ja naudi iga t\u00f5mmet maksimaalselt.<\/p>\n<div>\n<hr \/>\n<\/div>\n<p>CBD tellimine eestisse (Hulgim\u00fc\u00fck):\u00a0<a href=\"https:\/\/cbditaly.store\/et\/cashandcarry\/\" target=\"_blank\" rel=\"noopener\">www.cbditaly.store\u00a0<\/a><\/p>\n<p><strong>Toote Kasutus:<\/strong>\u00a0Ainult professionaalseks kasutamiseks v\u00f5i kollektsioneerimiseks. Mitte inimtarbimiseks.<br \/>\n<strong>M\u00fc\u00fcgipiirangud:<\/strong>\u00a0Ei m\u00fc\u00fcda alla 18-aastastele.<br \/>\n<strong>Hoiustamine:<\/strong>\u00a0Hoida kuivas kohas, eemal kuumuse allikatest ja lastele k\u00e4ttesaamatus kohas.<\/p>\n","protected":false},"excerpt":{"rendered":"<p><strong>RAW Wide Perforated Tips<\/strong><\/p>\n","protected":false},"featured_media":12412,"template":"","meta":{"_joinchat":[]},"product_brand":[],"product_cat":[468,676],"product_tag":[],"class_list":{"0":"post-12411","1":"product","2":"type-product","3":"status-publish","4":"has-post-thumbnail","6":"product_cat-diy","7":"product_cat-headshop","10":"first","11":"instock","12":"taxable","13":"shipping-taxable","14":"purchasable","15":"product-type-simple"},"tiered_pricing_type":"fixed","tiered_pricing_fixed_rules":[],"tiered_pricing_product_settings":{"layout":"default","base_unit_name":{"singular":null,"plural":null},"default_variation":null},"tiered_pricing_minimum_quantity":null,"tiered_pricing_roles_data":[],"tiered_pricing_percentage_rules":[],"tiered_pricing_maximum_quantity":null,"tiered_pricing_quantity_step":null,"_links":{"self":[{"href":"https:\/\/cbditaly.ee\/et\/wp-json\/wp\/v2\/product\/12411","targetHints":{"allow":["GET"]}}],"collection":[{"href":"https:\/\/cbditaly.ee\/et\/wp-json\/wp\/v2\/product"}],"about":[{"href":"https:\/\/cbditaly.ee\/et\/wp-json\/wp\/v2\/types\/product"}],"wp:featuredmedia":[{"embeddable":true,"href":"https:\/\/cbditaly.ee\/et\/wp-json\/wp\/v2\/media\/12412"}],"wp:attachment":[{"href":"https:\/\/cbditaly.ee\/et\/wp-json\/wp\/v2\/media?parent=12411"}],"wp:term":[{"taxonomy":"product_brand","embeddable":true,"href":"https:\/\/cbditaly.ee\/et\/wp-json\/wp\/v2\/product_brand?post=12411"},{"taxonomy":"product_cat","embeddable":true,"href":"https:\/\/cbditaly.ee\/et\/wp-json\/wp\/v2\/product_cat?post=12411"},{"taxonomy":"product_tag","embeddable":true,"href":"https:\/\/cbditaly.ee\/et\/wp-json\/wp\/v2\/product_tag?post=12411"}],"curies":[{"name":"wp","href":"https:\/\/api.w.org\/{rel}","templated":true}]}}