{"id":12639,"date":"2025-03-18T01:08:15","date_gmt":"2025-03-17T23:08:15","guid":{"rendered":"https:\/\/cbditaly.ee\/?post_type=product&#038;p=12639"},"modified":"2026-03-04T01:39:14","modified_gmt":"2026-03-03T23:39:14","slug":"galactic-gummies-5mg-thcx-9-pakk","status":"publish","type":"product","link":"https:\/\/cbditaly.ee\/et\/product\/galactic-gummies-5mg-thcx-9-pakk\/","title":{"rendered":"Galactic Gummies 5mg THCX, 9-pakk"},"content":{"rendered":"<p><strong>Galactic Gummies 5mg\/tk THCX, 9-pakk!<\/strong><\/p>\n<p>Tutvustame Galactic Gummies \u2013 kosmiline maius, mis \u00fchendab looduse j\u00f5u ja pikaajalise, rahustava kogemuse. Meie kummikommid on valmistatud looduslikest puuviljamahladest ja kvaliteetsest kanepiekstraktist, pakkudes nauditavat maitset ja kauakestvat rahustavat m\u00f5ju.<\/p>\n<p>Valmistatud T\u0161ehhis, tagades k\u00f5rge kvaliteedi ja turvalise tootmisprotsessi, et tuua teieni parim looduse ja teaduse kombinatsioon.<\/p>\n<p>Iga Galactic Gummy on t\u00e4is looduslikke koostisosi, pakkudes maitsvat puuviljamaitset, mis mitte ainult ei paranda meeleolu, vaid pakub ka p\u00fcsivat l\u00f5\u00f5gastust, mis kestab terve p\u00e4eva. Olgu see p\u00e4rast pikka p\u00e4eva l\u00f5\u00f5gastumiseks v\u00f5i rahuliku hetke nautimiseks \u2013 need kummikommid annavad pikaajalise rahu ja tasakaalu tunde.<\/p>\n<p>Peamised eelised:<\/p>\n<ul>\n<li>Looduslikud puuviljamahlad v\u00e4rske ja autentse maitse jaoks<\/li>\n<li>Kanepiekstrakt meeldivaks ja kauakestvaks rahustavaks efektiks<\/li>\n<li>Valmistatud EL-is<\/li>\n<li>Ideaalne l\u00f5\u00f5gastumiseks ja stressi maandamiseks<\/li>\n<li>Mugavad ja lihtsad kaasa v\u00f5tta<\/li>\n<\/ul>\n<p>Kogege Galactic Gummies pikemaajalist \u00f5ndsust \u2013 teie looduslik maius pikaajaliseks l\u00f5\u00f5gastumiseks ja meelerahuks!<\/p>\n<p><a href=\"https:\/\/galacticgummies.eu\/\" target=\"_blank\" rel=\"noopener\">www.galacticgummies.eu<\/a><\/p>\n<p><strong>Toote Kasutus:<\/strong>\u00a0Ainult professionaalseks kasutamiseks v\u00f5i kollektsioneerimiseks. Mitte inimtarbimiseks.<br \/>\n<strong>M\u00fc\u00fcgipiirangud:<\/strong>\u00a0Ei m\u00fc\u00fcda alla 18-aastastele.<br \/>\n<strong>Hoiustamine:<\/strong> Hoida kuivas kohas, eemal kuumuse allikatest ja lastele k\u00e4ttesaamatus kohas.<\/p>\n<p><strong>Soovid saada iseseisvaks edasim\u00fc\u00fcjaks v\u00f5i frantsiisipartneriks? Madalad miinimumkogused, k\u00f5rge kvaliteet ja sinu vajadustele vastavad hinnad! Liitu meie Cash &amp; Carry&#8217;ga v\u00f5i v\u00f5ta \u00fchendust e-posti teel: <a class=\"cursor-pointer\" rel=\"noopener\" data-start=\"203\" data-end=\"221\">biz@cbditaly.store<\/a><\/strong><\/p>\n","protected":false},"excerpt":{"rendered":"<p>Galactic Gummies 5mg THCX, 4gx9=36g<br \/>\nSaadaval pakendites: 9-pakk<\/p>\n","protected":false},"featured_media":11837,"template":"","meta":{"_joinchat":[]},"product_brand":[],"product_cat":[468,677,634,704,691],"product_tag":[],"class_list":{"0":"post-12639","1":"product","2":"type-product","3":"status-publish","4":"has-post-thumbnail","6":"product_cat-diy","7":"product_cat-green-goddess-republic","8":"product_cat-hash","9":"product_cat-new","10":"product_cat-thcx","13":"first","14":"instock","15":"purchasable","16":"product-type-simple"},"tiered_pricing_type":"fixed","tiered_pricing_fixed_rules":[],"tiered_pricing_product_settings":{"layout":"default","base_unit_name":{"singular":null,"plural":null},"default_variation":null},"tiered_pricing_minimum_quantity":null,"tiered_pricing_roles_data":[],"tiered_pricing_percentage_rules":[],"tiered_pricing_maximum_quantity":null,"tiered_pricing_quantity_step":null,"_links":{"self":[{"href":"https:\/\/cbditaly.ee\/et\/wp-json\/wp\/v2\/product\/12639","targetHints":{"allow":["GET"]}}],"collection":[{"href":"https:\/\/cbditaly.ee\/et\/wp-json\/wp\/v2\/product"}],"about":[{"href":"https:\/\/cbditaly.ee\/et\/wp-json\/wp\/v2\/types\/product"}],"wp:featuredmedia":[{"embeddable":true,"href":"https:\/\/cbditaly.ee\/et\/wp-json\/wp\/v2\/media\/11837"}],"wp:attachment":[{"href":"https:\/\/cbditaly.ee\/et\/wp-json\/wp\/v2\/media?parent=12639"}],"wp:term":[{"taxonomy":"product_brand","embeddable":true,"href":"https:\/\/cbditaly.ee\/et\/wp-json\/wp\/v2\/product_brand?post=12639"},{"taxonomy":"product_cat","embeddable":true,"href":"https:\/\/cbditaly.ee\/et\/wp-json\/wp\/v2\/product_cat?post=12639"},{"taxonomy":"product_tag","embeddable":true,"href":"https:\/\/cbditaly.ee\/et\/wp-json\/wp\/v2\/product_tag?post=12639"}],"curies":[{"name":"wp","href":"https:\/\/api.w.org\/{rel}","templated":true}]}}