{"id":13316,"date":"2025-05-27T19:03:43","date_gmt":"2025-05-27T16:03:43","guid":{"rendered":"https:\/\/cbditaly.ee\/?post_type=product&#038;p=13316"},"modified":"2026-02-09T19:23:56","modified_gmt":"2026-02-09T17:23:56","slug":"premium-lemon-skunk-joint-cbd-21-3-pakend-3g","status":"publish","type":"product","link":"https:\/\/cbditaly.ee\/et\/product\/premium-lemon-skunk-joint-cbd-21-3-pakend-3g\/","title":{"rendered":"Premium Lemon Skunk Joint CBD 21% \u2013 3-pakend (3g)"},"content":{"rendered":"<div class=\"flex max-w-full flex-col flex-grow\">\n<div class=\"min-h-8 text-message flex w-full flex-col items-end gap-2 whitespace-normal break-words text-start [.text-message+&amp;]:mt-5\" dir=\"auto\" data-message-author-role=\"assistant\" data-message-id=\"e51bf9c8-c2bb-4feb-a0fa-7a4d30b55644\" data-message-model-slug=\"gpt-4o\">\n<div class=\"flex w-full flex-col gap-1 empty:hidden first:pt-[3px]\">\n<div class=\"markdown prose w-full break-words dark:prose-invert light\">\n<p data-start=\"0\" data-end=\"67\">Premium Lemon Skunk Joint CBD 21% \u2013 3-pakend (3g)<\/p>\n<p data-start=\"118\" data-end=\"464\">Meie eksklusiivne 3-pakend pre-roll\u2019e pakub j\u00e4rgmise taseme kanepielamust. Igas 1-grammises jointis on kasutatud k\u00e4sitsi valitud Lemon Skunk kanepi\u00f5isi, mis sisaldavad muljetavaldavad 21% CBD-d. Ideaalne neile, kes otsivad rahustavat, kuid selget ja fookustatud kogemust.<\/p>\n<p data-start=\"466\" data-end=\"488\">Peamised omadused:<\/p>\n<ul data-start=\"490\" data-end=\"1142\">\n<li data-start=\"490\" data-end=\"649\">\n<p data-start=\"492\" data-end=\"649\">21% CBD \u2013 loomulik tasakaal: K\u00f5rge CBD sisaldusega Lemon Skunk sobib ideaalselt stressi v\u00e4hendamiseks ja l\u00f5\u00f5gastumiseks ilma ps\u00fchhoaktiivsete m\u00f5judeta.<\/p>\n<\/li>\n<li data-start=\"650\" data-end=\"750\">\n<p data-start=\"652\" data-end=\"750\">T\u00e4pselt doseeritud: Iga joint sisaldab t\u00e4pselt 1 grammi kanepit \u2013 kokku 3 jointi igas pakis.<\/p>\n<\/li>\n<li data-start=\"751\" data-end=\"903\">\n<p data-start=\"753\" data-end=\"903\">K\u00e4sit\u00f6\u00f6na valmistatud: Kasutatud Lemon Skunk \u00f5ied on hoolikalt kuivatatud, et s\u00e4ilitada nende naturaalsed tsitruselised aroomid ja pehme maitse.<\/p>\n<\/li>\n<li data-start=\"904\" data-end=\"1045\">\n<p data-start=\"906\" data-end=\"1045\">RAW kvaliteet: Valmistatud originaalsest king size RAW paberist ja filtrist \u2013 maksimaalne loomulikkus ja autentne suitsetamiskogemus.<\/p>\n<\/li>\n<li data-start=\"1046\" data-end=\"1142\">\n<p data-start=\"1048\" data-end=\"1142\">Diskreetne ja v\u00e4rske: Pakitud turvaliselt, et s\u00e4ilitada v\u00e4rskus ja mugavus igas olukorras.<\/p>\n<\/li>\n<\/ul>\n<p data-start=\"1044\" data-end=\"1302\" data-is-last-node=\"\" data-is-only-node=\"\">Avasta tasakaalustatud, ergutav kanepielamus, mis parandab keskendumisv\u00f5imet ja hoiab meeli teravad. Ideaalne nii kogenud naudingu otsijatele kui ka neile, kes soovivad avastada uusi kogemusi \u2013 meie Lemon Haze joints viivad sinu p\u00e4eva t\u00e4iesti uuele tasemele.<\/p>\n<p>CBD tellimine eestisse (Hulgim\u00fc\u00fck):\u00a0<a href=\"https:\/\/cbditaly.store\/et\/cashandcarry\/\" target=\"_blank\" rel=\"noopener\">www.cbditaly.store\u00a0<\/a><\/p>\n<p>Toote Kasutus:\u00a0Ainult professionaalseks kasutamiseks v\u00f5i kollektsioneerimiseks. Mitte inimtarbimiseks.<br \/>\nM\u00fc\u00fcgipiirangud:\u00a0Ei m\u00fc\u00fcda alla 18-aastastele.<br \/>\nHoiustamine:\u00a0Hoida kuivas kohas, eemal kuumuse allikatest ja lastele k\u00e4ttesaamatus kohas.<br \/>\nP\u00e4ritolumaa:\u00a0Itaalia.<\/p>\n<\/div>\n<\/div>\n<\/div>\n<\/div>\n","protected":false},"excerpt":{"rendered":"<p>Premium Lemon Skunk Joint CBD 21% \u2013 3-pakend (3g)<\/p>\n","protected":false},"featured_media":12385,"template":"","meta":{"_joinchat":[]},"product_brand":[],"product_cat":[705,327,695],"product_tag":[],"class_list":{"0":"post-13316","1":"product","2":"type-product","3":"status-publish","4":"has-post-thumbnail","6":"product_cat-cbd","7":"product_cat-cbd-cbg-kanepi-oied","8":"product_cat-pre-rolls","11":"first","12":"instock","13":"sale","14":"taxable","15":"shipping-taxable","16":"purchasable","17":"product-type-simple"},"tiered_pricing_type":"fixed","tiered_pricing_fixed_rules":[],"tiered_pricing_product_settings":{"layout":"default","base_unit_name":{"singular":null,"plural":null},"default_variation":null},"tiered_pricing_minimum_quantity":null,"tiered_pricing_roles_data":[],"tiered_pricing_percentage_rules":[],"tiered_pricing_maximum_quantity":null,"tiered_pricing_quantity_step":null,"_links":{"self":[{"href":"https:\/\/cbditaly.ee\/et\/wp-json\/wp\/v2\/product\/13316","targetHints":{"allow":["GET"]}}],"collection":[{"href":"https:\/\/cbditaly.ee\/et\/wp-json\/wp\/v2\/product"}],"about":[{"href":"https:\/\/cbditaly.ee\/et\/wp-json\/wp\/v2\/types\/product"}],"wp:featuredmedia":[{"embeddable":true,"href":"https:\/\/cbditaly.ee\/et\/wp-json\/wp\/v2\/media\/12385"}],"wp:attachment":[{"href":"https:\/\/cbditaly.ee\/et\/wp-json\/wp\/v2\/media?parent=13316"}],"wp:term":[{"taxonomy":"product_brand","embeddable":true,"href":"https:\/\/cbditaly.ee\/et\/wp-json\/wp\/v2\/product_brand?post=13316"},{"taxonomy":"product_cat","embeddable":true,"href":"https:\/\/cbditaly.ee\/et\/wp-json\/wp\/v2\/product_cat?post=13316"},{"taxonomy":"product_tag","embeddable":true,"href":"https:\/\/cbditaly.ee\/et\/wp-json\/wp\/v2\/product_tag?post=13316"}],"curies":[{"name":"wp","href":"https:\/\/api.w.org\/{rel}","templated":true}]}}