{"id":13774,"date":"2025-07-16T22:14:41","date_gmt":"2025-07-16T19:14:41","guid":{"rendered":"https:\/\/cbditaly.ee\/?post_type=product&#038;p=13774"},"modified":"2026-02-09T16:01:41","modified_gmt":"2026-02-09T14:01:41","slug":"orange-kush-x-hhcp-m-60-10g-outlet","status":"publish","type":"product","link":"https:\/\/cbditaly.ee\/et\/product\/orange-kush-x-hhcp-m-60-10g-outlet\/","title":{"rendered":"ORANGE KUSH X HHCP-M 60% 10g *OUTLET"},"content":{"rendered":"<p data-start=\"72\" data-end=\"130\">*OUTLET<br \/>\nOrange Kush X HHCP-M 60% 10g<br data-start=\"100\" data-end=\"103\" \/>THC sisaldus: alla 0,3%<\/p>\n<p data-start=\"132\" data-end=\"497\">\u00dclevaade:<br data-start=\"145\" data-end=\"148\" \/>Orange Kush on silmapaistva tsitruselise profiiliga kanepisort, mida hinnatakse erksa v\u00e4limuse ja stabiilse morfoloogia t\u00f5ttu. Selle eriversioon on rikastatud j\u00e4rgmise p\u00f5lvkonna kannabinoidi HHCP-M-iga, mis lisab kollektsioonile teadusliku ja esteetilise erip\u00e4ra. Ideaalne valik professionaalsetele kollektsion\u00e4\u00e4ridele ja n\u00e4ituseformaatidesse.<\/p>\n<p data-start=\"499\" data-end=\"716\">Aroom ja v\u00e4limus:<br data-start=\"520\" data-end=\"523\" \/>Apelsini ja mandariini noodid koos \u00f5rna v\u00fcrtsikuse ja maal\u00e4hedaste alatoonidega. Pungad on tihedad, vaigused ja erkrohelised, p\u00f5imunud oran\u017eide karvadega, r\u00f5hutades sordi unikaalset v\u00e4limust.<\/p>\n<p data-start=\"718\" data-end=\"869\">Sordi omadused:<br data-start=\"737\" data-end=\"740\" \/>HHCP-M: kuni 60%<br data-start=\"756\" data-end=\"759\" \/>THC sisaldus: alla seadusliku piiri (tavaliselt &lt;0,3%)<br data-start=\"813\" data-end=\"816\" \/>Morfoloogiliselt stabiilne ja visuaalselt \u00e4ratuntav<\/p>\n<p>Toote Kasutus: Ainult professionaalseks kasutamiseks v\u00f5i kollektsioneerimiseks. Mitte inimtarbimiseks.<br \/>\nM\u00fc\u00fcgipiirangud: Ei m\u00fc\u00fcda alla 18-aastastele.<br \/>\nHoiustamine: Hoida kuivas kohas, eemal kuumuse allikatest ja lastele k\u00e4ttesaamatus kohas.<br \/>\nP\u00e4ritolumaa: Itaalia.<\/p>\n<p>Soovid saada iseseisvaks edasim\u00fc\u00fcjaks v\u00f5i frantsiisipartneriks? Madalad miinimumkogused, k\u00f5rge kvaliteet ja sinu vajadustele vastavad hinnad! Liitu meie Cash &amp; Carry&#8217;ga v\u00f5i v\u00f5ta \u00fchendust e-posti teel: <a class=\"cursor-pointer\" rel=\"noopener\" data-start=\"203\" data-end=\"221\">biz@cbditaly.store<\/a><\/p>\n","protected":false},"excerpt":{"rendered":"<p>Kanepi \u00f5ied ORANGE KUSH X HHCP-M 60% 10g *OUTLET<br \/>\nSaadaval pakendites: 2g-3g-5g-10g-20g-50g-100g<\/p>\n","protected":false},"featured_media":15209,"template":"","meta":{"_joinchat":[]},"product_brand":[],"product_cat":[623],"product_tag":[],"class_list":{"0":"post-13774","1":"product","2":"type-product","3":"status-publish","4":"has-post-thumbnail","6":"product_cat-w33d-outlet","9":"first","10":"instock","11":"purchasable","12":"product-type-simple"},"tiered_pricing_type":"fixed","tiered_pricing_fixed_rules":[],"tiered_pricing_product_settings":{"layout":"default","base_unit_name":{"singular":null,"plural":null},"default_variation":null},"tiered_pricing_minimum_quantity":null,"tiered_pricing_roles_data":[],"tiered_pricing_percentage_rules":[],"tiered_pricing_maximum_quantity":null,"tiered_pricing_quantity_step":null,"_links":{"self":[{"href":"https:\/\/cbditaly.ee\/et\/wp-json\/wp\/v2\/product\/13774","targetHints":{"allow":["GET"]}}],"collection":[{"href":"https:\/\/cbditaly.ee\/et\/wp-json\/wp\/v2\/product"}],"about":[{"href":"https:\/\/cbditaly.ee\/et\/wp-json\/wp\/v2\/types\/product"}],"wp:featuredmedia":[{"embeddable":true,"href":"https:\/\/cbditaly.ee\/et\/wp-json\/wp\/v2\/media\/15209"}],"wp:attachment":[{"href":"https:\/\/cbditaly.ee\/et\/wp-json\/wp\/v2\/media?parent=13774"}],"wp:term":[{"taxonomy":"product_brand","embeddable":true,"href":"https:\/\/cbditaly.ee\/et\/wp-json\/wp\/v2\/product_brand?post=13774"},{"taxonomy":"product_cat","embeddable":true,"href":"https:\/\/cbditaly.ee\/et\/wp-json\/wp\/v2\/product_cat?post=13774"},{"taxonomy":"product_tag","embeddable":true,"href":"https:\/\/cbditaly.ee\/et\/wp-json\/wp\/v2\/product_tag?post=13774"}],"curies":[{"name":"wp","href":"https:\/\/api.w.org\/{rel}","templated":true}]}}