{"id":13777,"date":"2025-07-16T22:22:06","date_gmt":"2025-07-16T19:22:06","guid":{"rendered":"https:\/\/cbditaly.ee\/?post_type=product&#038;p=13777"},"modified":"2026-02-09T16:02:42","modified_gmt":"2026-02-09T14:02:42","slug":"swiss-cheese-x-hhcp-m-60-10g-outlet","status":"publish","type":"product","link":"https:\/\/cbditaly.ee\/et\/product\/swiss-cheese-x-hhcp-m-60-10g-outlet\/","title":{"rendered":"SWISS CHEESE X HHCP-M 60% 10g *OUTLET"},"content":{"rendered":"<p data-start=\"63\" data-end=\"122\">*OUTLET<br \/>\nSwiss Cheese X HHCP-M 60%<br data-start=\"92\" data-end=\"95\" \/>THC sisaldus: alla 0,3%<\/p>\n<p data-start=\"124\" data-end=\"520\">\u00dclevaade:<br data-start=\"137\" data-end=\"140\" \/>Swiss Cheese on kollektsion\u00e4\u00e4ride seas hinnatud kanepisort, mille aroomi iseloomustab tugev ja eriline juustune noot. Selle eriversioon on rikastatud uuendusliku HHCP-M molekuliga \u2013 j\u00e4rgmise p\u00f5lvkonna kannabinoidiga, mis esindab teadusliku arengu tippu kanepimaailmas. Kompaktne ja visuaalselt atraktiivne struktuur muudab selle ideaalseks professionaalseteks kollektsioonideks.<\/p>\n<p data-start=\"522\" data-end=\"711\">Aroom ja v\u00e4limus:<br data-start=\"543\" data-end=\"546\" \/>Juustune ja maal\u00e4hedane l\u00f5hn, milles on kreemjas alatoon. Pungad on tihedad, vaigused ja erkrohelised, p\u00f5imunud oran\u017eide karvadega, pakkudes pilkup\u00fc\u00fcdvat v\u00e4limust.<\/p>\n<p data-start=\"713\" data-end=\"861\">Sordi omadused:<br data-start=\"732\" data-end=\"735\" \/>HHCP-M: kuni 60%<br data-start=\"751\" data-end=\"754\" \/>THC sisaldus: alla seadusliku piiri (tavaliselt &lt;0,3%)<br data-start=\"808\" data-end=\"811\" \/>Visuaalselt stabiilne ja atraktiivne morfoloogia<\/p>\n<p>Toote Kasutus: Ainult professionaalseks kasutamiseks v\u00f5i kollektsioneerimiseks. Mitte inimtarbimiseks.<br \/>\nM\u00fc\u00fcgipiirangud: Ei m\u00fc\u00fcda alla 18-aastastele.<br \/>\nHoiustamine: Hoida kuivas kohas, eemal kuumuse allikatest ja lastele k\u00e4ttesaamatus kohas.<br \/>\nP\u00e4ritolumaa: Itaalia.<\/p>\n<p>Soovid saada iseseisvaks edasim\u00fc\u00fcjaks v\u00f5i frantsiisipartneriks? Madalad miinimumkogused, k\u00f5rge kvaliteet ja sinu vajadustele vastavad hinnad! Liitu meie Cash &amp; Carry&#8217;ga v\u00f5i v\u00f5ta \u00fchendust e-posti teel: <a class=\"cursor-pointer\" rel=\"noopener\" data-start=\"203\" data-end=\"221\">biz@cbditaly.store<\/a><\/p>\n","protected":false},"excerpt":{"rendered":"<p>Kanepi \u00f5ied SWISS CHEESE X HHCP-M 60% 10g *OUTLET<br \/>\nSaadaval pakendites: 2g-3g-5g-10g-20g-50g-100g<\/p>\n","protected":false},"featured_media":15212,"template":"","meta":{"_joinchat":[]},"product_brand":[],"product_cat":[623],"product_tag":[],"class_list":{"0":"post-13777","1":"product","2":"type-product","3":"status-publish","4":"has-post-thumbnail","6":"product_cat-w33d-outlet","9":"first","10":"instock","11":"purchasable","12":"product-type-simple"},"tiered_pricing_type":"fixed","tiered_pricing_fixed_rules":[],"tiered_pricing_product_settings":{"layout":"default","base_unit_name":{"singular":null,"plural":null},"default_variation":null},"tiered_pricing_minimum_quantity":null,"tiered_pricing_roles_data":[],"tiered_pricing_percentage_rules":[],"tiered_pricing_maximum_quantity":null,"tiered_pricing_quantity_step":null,"_links":{"self":[{"href":"https:\/\/cbditaly.ee\/et\/wp-json\/wp\/v2\/product\/13777","targetHints":{"allow":["GET"]}}],"collection":[{"href":"https:\/\/cbditaly.ee\/et\/wp-json\/wp\/v2\/product"}],"about":[{"href":"https:\/\/cbditaly.ee\/et\/wp-json\/wp\/v2\/types\/product"}],"wp:featuredmedia":[{"embeddable":true,"href":"https:\/\/cbditaly.ee\/et\/wp-json\/wp\/v2\/media\/15212"}],"wp:attachment":[{"href":"https:\/\/cbditaly.ee\/et\/wp-json\/wp\/v2\/media?parent=13777"}],"wp:term":[{"taxonomy":"product_brand","embeddable":true,"href":"https:\/\/cbditaly.ee\/et\/wp-json\/wp\/v2\/product_brand?post=13777"},{"taxonomy":"product_cat","embeddable":true,"href":"https:\/\/cbditaly.ee\/et\/wp-json\/wp\/v2\/product_cat?post=13777"},{"taxonomy":"product_tag","embeddable":true,"href":"https:\/\/cbditaly.ee\/et\/wp-json\/wp\/v2\/product_tag?post=13777"}],"curies":[{"name":"wp","href":"https:\/\/api.w.org\/{rel}","templated":true}]}}