{"id":13778,"date":"2025-07-16T22:22:16","date_gmt":"2025-07-16T19:22:16","guid":{"rendered":"https:\/\/cbditaly.ee\/?post_type=product&#038;p=13778"},"modified":"2026-02-09T16:03:46","modified_gmt":"2026-02-09T14:03:46","slug":"lemon-haze-x-hhcp-m-60-10g-outlet","status":"publish","type":"product","link":"https:\/\/cbditaly.ee\/et\/product\/lemon-haze-x-hhcp-m-60-10g-outlet\/","title":{"rendered":"LEMON HAZE X HHCP-M 60% 10g *OUTLET"},"content":{"rendered":"<p data-start=\"0\" data-end=\"47\">*OUTLET<\/p>\n<p data-start=\"0\" data-end=\"47\">Kanepi \u00f5ied LEMON HAZE X HHCP-M 60% 10g<br data-start=\"35\" data-end=\"38\" \/>THC &lt;0,3%<\/p>\n<p data-start=\"49\" data-end=\"524\">\u00dclevaade:<br data-start=\"58\" data-end=\"61\" \/>Lemon Haze on visuaalselt d\u00fcnaamiline ja laialt tuntud kanepisort, mida hinnatakse selle erksa struktuuri ja v\u00e4ljendusrikka tsitruselise geneetika poolest. K\u00e4esolev eriversioon on rikastatud HHCP-M 60% sisaldusega \u2013 kaasaegse ja tehnoloogiliselt arenenud j\u00e4rgmise p\u00f5lvkonna kannabinoidiga, mis lisab sordile teadusliku ja kollektsioneerimise v\u00e4\u00e4rtuse. Tegemist on premium-kategooria kollektsioneerimistootega, mis sobib professionaalsetesse esitluskeskkondadesse.<\/p>\n<p data-start=\"526\" data-end=\"852\">V\u00e4limus ja aroom:<br data-start=\"543\" data-end=\"546\" \/>\u00d5ied on tihedad, vaigused ja \u00fchtlase kristalse h\u00e4rmatisega kaetud. V\u00e4rvigammas domineerivad erksad rohelised toonid, mida r\u00f5hutavad pikad oran\u017eid karvad. Aroomiprofiil on selgelt tsitruseline, meenutades v\u00e4rsket sidrunit ja kergeid hapukaid ning taimseid noote, mis on iseloomulikud Lemon Haze geneetikale.<\/p>\n<p data-start=\"854\" data-end=\"1016\">Koostis ja omadused:<br data-start=\"874\" data-end=\"877\" \/>HHCP-M: kuni 60%<br data-start=\"893\" data-end=\"896\" \/>CBD: loomulik taimne sisaldus<br data-start=\"925\" data-end=\"928\" \/>THC sisaldus: alla &lt;0,3%<br data-start=\"952\" data-end=\"955\" \/>Stabiilne morfoloogia ja visuaalselt v\u00e4ga atraktiivne v\u00e4limus<\/p>\n<p data-start=\"1018\" data-end=\"1158\">P\u00e4ritolu ja tootmine:<br data-start=\"1039\" data-end=\"1042\" \/>Tooted on k\u00e4sitsi valitud ning hoolikalt kontrollitud, et tagada \u00fchtlane visuaalne kvaliteet.<br data-start=\"1135\" data-end=\"1138\" \/>P\u00e4ritolumaa: Itaalia<\/p>\n<p data-start=\"1160\" data-end=\"1436\">Kasutus ja piirangud:<br data-start=\"1181\" data-end=\"1184\" \/>Toote kasutus: Ainult professionaalseks kasutamiseks v\u00f5i kollektsioneerimiseks. Mitte inimtarbimiseks.<br data-start=\"1286\" data-end=\"1289\" \/>M\u00fc\u00fcgipiirangud: Ei m\u00fc\u00fcda alla 18-aastastele.<br data-start=\"1333\" data-end=\"1336\" \/>Hoiustamine: Hoida kuivas ja jahedas kohas, eemal otsesest kuumusest ja lastele k\u00e4ttesaamatus kohas.<\/p>\n<p data-start=\"1438\" data-end=\"1621\">Hulgim\u00fc\u00fck ja partnerlus:<br data-start=\"1462\" data-end=\"1465\" \/>Kas soovid saada iseseisvaks edasim\u00fc\u00fcjaks v\u00f5i frantsiisipartneriks?<br data-start=\"1532\" data-end=\"1535\" \/>Pakume madalaid miinimumkoguseid, professionaalset kvaliteeti ja paindlikke tingimusi.<\/p>\n<p data-start=\"1623\" data-end=\"1685\" data-is-last-node=\"\" data-is-only-node=\"\">Liitu meie Cash &amp; Carry\u2019ga v\u00f5i kirjuta: <strong data-start=\"1663\" data-end=\"1685\" data-is-last-node=\"\"><a class=\"decorated-link cursor-pointer\" rel=\"noopener\" data-start=\"1665\" data-end=\"1683\">biz@cbditaly.store<\/a><\/strong><\/p>\n","protected":false},"excerpt":{"rendered":"<p>LEMON HAZE X HHCP-M 60% 10g *OUTLET<br \/>\nSaadaval pakendites: 2g-3g-5g-10g-20g-50g-100g<\/p>\n","protected":false},"featured_media":15206,"template":"","meta":{"_joinchat":[]},"product_brand":[],"product_cat":[623],"product_tag":[],"class_list":{"0":"post-13778","1":"product","2":"type-product","3":"status-publish","4":"has-post-thumbnail","6":"product_cat-w33d-outlet","9":"first","10":"instock","11":"purchasable","12":"product-type-simple"},"tiered_pricing_type":"fixed","tiered_pricing_fixed_rules":[],"tiered_pricing_product_settings":{"layout":"default","base_unit_name":{"singular":null,"plural":null},"default_variation":null},"tiered_pricing_minimum_quantity":null,"tiered_pricing_roles_data":[],"tiered_pricing_percentage_rules":[],"tiered_pricing_maximum_quantity":null,"tiered_pricing_quantity_step":null,"_links":{"self":[{"href":"https:\/\/cbditaly.ee\/et\/wp-json\/wp\/v2\/product\/13778","targetHints":{"allow":["GET"]}}],"collection":[{"href":"https:\/\/cbditaly.ee\/et\/wp-json\/wp\/v2\/product"}],"about":[{"href":"https:\/\/cbditaly.ee\/et\/wp-json\/wp\/v2\/types\/product"}],"wp:featuredmedia":[{"embeddable":true,"href":"https:\/\/cbditaly.ee\/et\/wp-json\/wp\/v2\/media\/15206"}],"wp:attachment":[{"href":"https:\/\/cbditaly.ee\/et\/wp-json\/wp\/v2\/media?parent=13778"}],"wp:term":[{"taxonomy":"product_brand","embeddable":true,"href":"https:\/\/cbditaly.ee\/et\/wp-json\/wp\/v2\/product_brand?post=13778"},{"taxonomy":"product_cat","embeddable":true,"href":"https:\/\/cbditaly.ee\/et\/wp-json\/wp\/v2\/product_cat?post=13778"},{"taxonomy":"product_tag","embeddable":true,"href":"https:\/\/cbditaly.ee\/et\/wp-json\/wp\/v2\/product_tag?post=13778"}],"curies":[{"name":"wp","href":"https:\/\/api.w.org\/{rel}","templated":true}]}}