{"id":13782,"date":"2025-07-17T01:23:37","date_gmt":"2025-07-16T22:23:37","guid":{"rendered":"https:\/\/cbditaly.ee\/?post_type=product&#038;p=13782"},"modified":"2026-02-09T16:04:34","modified_gmt":"2026-02-09T14:04:34","slug":"ak47-x-hhcp-m-60-10g-outlet","status":"publish","type":"product","link":"https:\/\/cbditaly.ee\/et\/product\/ak47-x-hhcp-m-60-10g-outlet\/","title":{"rendered":"AK47 X HHCP-M 60% 10g *OUTLET"},"content":{"rendered":"<p data-start=\"120\" data-end=\"171\">*OUTLET<\/p>\n<p data-start=\"120\" data-end=\"171\">AK47 X HHCP-M 60%<br data-start=\"141\" data-end=\"144\" \/>THC sisaldus: alla 0,3%<\/p>\n<p data-start=\"173\" data-end=\"553\">\u00dclevaade:<br data-start=\"186\" data-end=\"189\" \/>AK-47 on \u00fcks tuntumaid klassikalisi kanepisorte, mida hinnatakse stabiilse geneetika ja iseloomuliku v\u00e4limuse t\u00f5ttu. Selle eriversioon on rikastatud uuendusliku HHCP-M molekuliga, mis r\u00f5hutab sordi visuaalset intensiivsust ja kaasaegset teaduslikku l\u00e4henemist. Ideaalne valik kollektsion\u00e4\u00e4ridele ja professionaalidele, kes v\u00e4\u00e4rtustavad t\u00e4psust ja esteetikat.<\/p>\n<p data-start=\"555\" data-end=\"804\">Aroom ja v\u00e4limus:<br data-start=\"576\" data-end=\"579\" \/>Aroom on \u00fcrdine ja kergelt v\u00fcrtsikas, millele lisandub \u00f5rn magusus. Pungad on tihedad ja vaigused, tumerohelise kuni oliivrohelise tooniga, kaetud punakate karvade ja kristallidega, luues s\u00fcgava ja detailse visuaalse mulje.<\/p>\n<p data-start=\"806\" data-end=\"954\">Sordi omadused:<br data-start=\"825\" data-end=\"828\" \/>HHCP-M: kuni 60%<br data-start=\"844\" data-end=\"847\" \/>THC sisaldus: alla seadusliku piiri (tavaliselt &lt;0,3%)<br data-start=\"901\" data-end=\"904\" \/>Tugev taim stabiilse ja \u00e4ratuntava morfoloogiaga<\/p>\n<p>Toote Kasutus: Ainult professionaalseks kasutamiseks v\u00f5i kollektsioneerimiseks. Mitte inimtarbimiseks.<br \/>\nM\u00fc\u00fcgipiirangud: Ei m\u00fc\u00fcda alla 18-aastastele.<br \/>\nHoiustamine: Hoida kuivas kohas, eemal kuumuse allikatest ja lastele k\u00e4ttesaamatus kohas.<br \/>\nP\u00e4ritolumaa: Itaalia.<\/p>\n<p>Soovid saada iseseisvaks edasim\u00fc\u00fcjaks v\u00f5i frantsiisipartneriks? Madalad miinimumkogused, k\u00f5rge kvaliteet ja sinu vajadustele vastavad hinnad! Liitu meie Cash &amp; Carry&#8217;ga v\u00f5i v\u00f5ta \u00fchendust e-posti teel: <a class=\"cursor-pointer\" rel=\"noopener\" data-start=\"203\" data-end=\"221\">biz@cbditaly.store<\/a><\/p>\n","protected":false},"excerpt":{"rendered":"<p>AK47 X HHCP-M 60% 10g *OUTLET<br \/>\nSaadaval pakendites: 2g-3g-5g-10g-20g-50g-100g<\/p>\n","protected":false},"featured_media":15202,"template":"","meta":{"_joinchat":[]},"product_brand":[],"product_cat":[623],"product_tag":[],"class_list":{"0":"post-13782","1":"product","2":"type-product","3":"status-publish","4":"has-post-thumbnail","6":"product_cat-w33d-outlet","9":"first","10":"instock","11":"purchasable","12":"product-type-simple"},"tiered_pricing_type":"fixed","tiered_pricing_fixed_rules":[],"tiered_pricing_product_settings":{"layout":"default","base_unit_name":{"singular":null,"plural":null},"default_variation":null},"tiered_pricing_minimum_quantity":null,"tiered_pricing_roles_data":[],"tiered_pricing_percentage_rules":[],"tiered_pricing_maximum_quantity":null,"tiered_pricing_quantity_step":null,"_links":{"self":[{"href":"https:\/\/cbditaly.ee\/et\/wp-json\/wp\/v2\/product\/13782","targetHints":{"allow":["GET"]}}],"collection":[{"href":"https:\/\/cbditaly.ee\/et\/wp-json\/wp\/v2\/product"}],"about":[{"href":"https:\/\/cbditaly.ee\/et\/wp-json\/wp\/v2\/types\/product"}],"wp:featuredmedia":[{"embeddable":true,"href":"https:\/\/cbditaly.ee\/et\/wp-json\/wp\/v2\/media\/15202"}],"wp:attachment":[{"href":"https:\/\/cbditaly.ee\/et\/wp-json\/wp\/v2\/media?parent=13782"}],"wp:term":[{"taxonomy":"product_brand","embeddable":true,"href":"https:\/\/cbditaly.ee\/et\/wp-json\/wp\/v2\/product_brand?post=13782"},{"taxonomy":"product_cat","embeddable":true,"href":"https:\/\/cbditaly.ee\/et\/wp-json\/wp\/v2\/product_cat?post=13782"},{"taxonomy":"product_tag","embeddable":true,"href":"https:\/\/cbditaly.ee\/et\/wp-json\/wp\/v2\/product_tag?post=13782"}],"curies":[{"name":"wp","href":"https:\/\/api.w.org\/{rel}","templated":true}]}}