{"id":13888,"date":"2025-07-23T01:28:35","date_gmt":"2025-07-22T22:28:35","guid":{"rendered":"https:\/\/cbditaly.ee\/?post_type=product&#038;p=13888"},"modified":"2026-02-28T19:00:31","modified_gmt":"2026-02-28T17:00:31","slug":"cannatonic-x-d9-thcb-60","status":"publish","type":"product","link":"https:\/\/cbditaly.ee\/et\/product\/cannatonic-x-d9-thcb-60\/","title":{"rendered":"CANNATONIC X D9-THCBO 60% 10g *OUTLET"},"content":{"rendered":"<p data-start=\"130\" data-end=\"392\"><strong data-start=\"130\" data-end=\"158\">Cannatonic X D9-THCBO 60% 10g<\/strong><\/p>\n<p data-start=\"182\" data-end=\"241\"><strong data-start=\"214\" data-end=\"231\">THC sisaldus:<\/strong> alla 0,3%<\/p>\n<p data-start=\"243\" data-end=\"512\"><strong data-start=\"243\" data-end=\"256\">\u00dclevaade:<\/strong><br data-start=\"256\" data-end=\"259\" \/>Cannatonic on tuntud oma tasakaalustatud geneetika ja professionaalses keskkonnas laialdaselt kasutatava visuaalse profiili poolest. Koos D9-THCBO sisaldusega pakub see sort ainulaadset morfoloogiat, mis sobib h\u00e4sti kollektsioneerimiseks ja esitlusteks.<\/p>\n<p data-start=\"514\" data-end=\"731\"><strong data-start=\"514\" data-end=\"535\">Aroom ja v\u00e4limus:<\/strong><br data-start=\"535\" data-end=\"538\" \/>L\u00f5hnas on tunda maal\u00e4hedasi, tsitruselisi ja kergelt puiduseid noote. Pungad on kompaktsed ja vaigused, hele- kuni keskmiselt rohelised, kaetud merevaigukarva karvade ja tihedate trihhoomidega.<\/p>\n<p data-start=\"733\" data-end=\"896\"><strong data-start=\"733\" data-end=\"752\">Sordi omadused:<\/strong><br data-start=\"752\" data-end=\"755\" \/>D9-THCBO: kuni 60%<br data-start=\"773\" data-end=\"776\" \/>THC sisaldus: alla seadusliku piiri (tavaliselt &lt;0,3%)<br data-start=\"830\" data-end=\"833\" \/>Geneetiliselt stabiilne ja visuaalselt v\u00e4ljendusrikas struktuur<\/p>\n<p data-start=\"1094\" data-end=\"1403\"><strong data-start=\"1094\" data-end=\"1115\">Toote kasutamine:<\/strong> ainult professionaalseks kasutamiseks v\u00f5i kollektsioneerimiseks. Ei ole ette n\u00e4htud inimtarbimiseks.<br data-start=\"1216\" data-end=\"1219\" \/><strong data-start=\"1219\" data-end=\"1239\">M\u00fc\u00fcgi piirangud:<\/strong> mitte m\u00fc\u00fca alla 18-aastastele isikutele.<br data-start=\"1280\" data-end=\"1283\" \/><strong data-start=\"1283\" data-end=\"1299\">S\u00e4ilitamine:<\/strong> hoida kuivas kohas, eemal soojusallikatest ja lastele k\u00e4ttesaamatus kohas.<br data-start=\"1374\" data-end=\"1377\" \/><strong data-start=\"1377\" data-end=\"1394\">P\u00e4ritoluriik:<\/strong> Itaalia.<\/p>\n<p><strong>Soovid saada iseseisvaks edasim\u00fc\u00fcjaks v\u00f5i frantsiisipartneriks? Madalad miinimumkogused, k\u00f5rge kvaliteet ja sinu vajadustele vastavad hinnad! Liitu meie Cash &amp; Carry&#8217;ga v\u00f5i v\u00f5ta \u00fchendust e-posti teel: <a class=\"cursor-pointer\" rel=\"noopener\" data-start=\"203\" data-end=\"221\">biz@cbditaly.store<\/a><\/strong><\/p>\n","protected":false},"excerpt":{"rendered":"<p>CANNATONIC X D9-THCBO 60% 10g OUTLET<br \/>\nSaadaval pakendites: 2g-3g-5g-10g-20g-50g-100g<\/p>\n","protected":false},"featured_media":15203,"template":"","meta":{"_joinchat":[]},"product_brand":[],"product_cat":[623],"product_tag":[],"class_list":{"0":"post-13888","1":"product","2":"type-product","3":"status-publish","4":"has-post-thumbnail","6":"product_cat-w33d-outlet","9":"first","10":"instock","11":"sale","12":"purchasable","13":"product-type-simple"},"tiered_pricing_type":"fixed","tiered_pricing_fixed_rules":[],"tiered_pricing_product_settings":{"layout":"default","base_unit_name":{"singular":null,"plural":null},"default_variation":null},"tiered_pricing_minimum_quantity":null,"tiered_pricing_roles_data":[],"tiered_pricing_percentage_rules":[],"tiered_pricing_maximum_quantity":null,"tiered_pricing_quantity_step":null,"_links":{"self":[{"href":"https:\/\/cbditaly.ee\/et\/wp-json\/wp\/v2\/product\/13888","targetHints":{"allow":["GET"]}}],"collection":[{"href":"https:\/\/cbditaly.ee\/et\/wp-json\/wp\/v2\/product"}],"about":[{"href":"https:\/\/cbditaly.ee\/et\/wp-json\/wp\/v2\/types\/product"}],"wp:featuredmedia":[{"embeddable":true,"href":"https:\/\/cbditaly.ee\/et\/wp-json\/wp\/v2\/media\/15203"}],"wp:attachment":[{"href":"https:\/\/cbditaly.ee\/et\/wp-json\/wp\/v2\/media?parent=13888"}],"wp:term":[{"taxonomy":"product_brand","embeddable":true,"href":"https:\/\/cbditaly.ee\/et\/wp-json\/wp\/v2\/product_brand?post=13888"},{"taxonomy":"product_cat","embeddable":true,"href":"https:\/\/cbditaly.ee\/et\/wp-json\/wp\/v2\/product_cat?post=13888"},{"taxonomy":"product_tag","embeddable":true,"href":"https:\/\/cbditaly.ee\/et\/wp-json\/wp\/v2\/product_tag?post=13888"}],"curies":[{"name":"wp","href":"https:\/\/api.w.org\/{rel}","templated":true}]}}