{"id":14185,"date":"2025-08-14T22:46:38","date_gmt":"2025-08-14T19:46:38","guid":{"rendered":"https:\/\/cbditaly.ee\/?post_type=product&#038;p=14185"},"modified":"2025-08-14T23:02:36","modified_gmt":"2025-08-14T20:02:36","slug":"kaselehed-25g","status":"publish","type":"product","link":"https:\/\/cbditaly.ee\/et\/product\/kaselehed-25g\/","title":{"rendered":"Kaselehed \u2013 25g"},"content":{"rendered":"<p><strong data-start=\"626\" data-end=\"646\">Kaselehed \u2013 25 g<\/strong><br data-start=\"646\" data-end=\"649\" \/>Meie kaselehed on hoolikalt valitud ja t\u00f6\u00f6deldud, et s\u00e4ilitada nende loomulik v\u00e4rv ja v\u00e4rske aroom. Mugavates 25 g kottides esitatud toode sobib suurep\u00e4raselt neile, kes hindavad traditsioonilist ja kvaliteetset toodet.<br data-start=\"868\" data-end=\"871\" \/>T\u00e4nu oma mitmek\u00fclgsusele sobib see nii kollektsioneerimiseks ja maitsmiseks kui ka koostisosaks k\u00e4sit\u00f6\u00f6valmististes. Pakendatud v\u00e4rskuse ja \u00fchtlase kvaliteedi tagamiseks.<\/p>\n<p>Hulgim\u00fc\u00fck: <a href=\"https:\/\/www.cbditaly.store\/\" target=\"_blank\" rel=\"noopener\">www.cbditaly.store<\/a><\/p>\n","protected":false},"excerpt":{"rendered":"<p><strong>Kaselehed 25g<\/strong><\/p>\n","protected":false},"featured_media":14175,"template":"","meta":{"_joinchat":[]},"product_brand":[],"product_cat":[677,665],"product_tag":[],"class_list":{"0":"post-14185","1":"product","2":"type-product","3":"status-publish","4":"has-post-thumbnail","6":"product_cat-green-goddess-republic","7":"product_cat-taimeteed-ja-kanepiteed","10":"first","11":"instock","12":"purchasable","13":"product-type-simple"},"tiered_pricing_type":"fixed","tiered_pricing_fixed_rules":{"3":6},"tiered_pricing_product_settings":{"layout":"default","base_unit_name":{"singular":null,"plural":null},"default_variation":null},"tiered_pricing_minimum_quantity":null,"tiered_pricing_roles_data":[],"tiered_pricing_percentage_rules":[],"tiered_pricing_maximum_quantity":null,"tiered_pricing_quantity_step":null,"_links":{"self":[{"href":"https:\/\/cbditaly.ee\/et\/wp-json\/wp\/v2\/product\/14185","targetHints":{"allow":["GET"]}}],"collection":[{"href":"https:\/\/cbditaly.ee\/et\/wp-json\/wp\/v2\/product"}],"about":[{"href":"https:\/\/cbditaly.ee\/et\/wp-json\/wp\/v2\/types\/product"}],"wp:featuredmedia":[{"embeddable":true,"href":"https:\/\/cbditaly.ee\/et\/wp-json\/wp\/v2\/media\/14175"}],"wp:attachment":[{"href":"https:\/\/cbditaly.ee\/et\/wp-json\/wp\/v2\/media?parent=14185"}],"wp:term":[{"taxonomy":"product_brand","embeddable":true,"href":"https:\/\/cbditaly.ee\/et\/wp-json\/wp\/v2\/product_brand?post=14185"},{"taxonomy":"product_cat","embeddable":true,"href":"https:\/\/cbditaly.ee\/et\/wp-json\/wp\/v2\/product_cat?post=14185"},{"taxonomy":"product_tag","embeddable":true,"href":"https:\/\/cbditaly.ee\/et\/wp-json\/wp\/v2\/product_tag?post=14185"}],"curies":[{"name":"wp","href":"https:\/\/api.w.org\/{rel}","templated":true}]}}