{"id":14187,"date":"2025-08-14T22:59:14","date_gmt":"2025-08-14T19:59:14","guid":{"rendered":"https:\/\/cbditaly.ee\/?post_type=product&#038;p=14187"},"modified":"2025-08-14T23:01:53","modified_gmt":"2025-08-14T20:01:53","slug":"hibiskus-25-g","status":"publish","type":"product","link":"https:\/\/cbditaly.ee\/et\/product\/hibiskus-25-g\/","title":{"rendered":"Hibiskus \u2013 25 g"},"content":{"rendered":"<p><strong data-start=\"612\" data-end=\"631\">Hibiskus \u2013 25 g<\/strong><br data-start=\"631\" data-end=\"634\" \/>Meie hibiskus koosneb hoolikalt valitud \u00f5itest, mis on t\u00f6\u00f6deldud nende intensiivse v\u00e4rvi ja loomulikult puuviljase aroomi s\u00e4ilitamiseks. Mugavates 25 g kottides esitatud toode sobib suurep\u00e4raselt neile, kes hindavad traditsioonilist ja kvaliteetset toodet.<br data-start=\"890\" data-end=\"893\" \/>T\u00e4nu oma mitmek\u00fclgsusele sobib see nii kollektsioneerimiseks ja maitsmiseks kui ka koostisosaks k\u00e4sit\u00f6\u00f6valmististes. Pakendatud v\u00e4rskuse ja \u00fchtlase kvaliteedi tagamiseks.<\/p>\n<p>Hulgim\u00fc\u00fck: <a href=\"https:\/\/www.cbditaly.store\/\" target=\"_blank\" rel=\"noopener\">www.cbditaly.store<\/a><\/p>\n","protected":false},"excerpt":{"rendered":"<p><strong data-start=\"612\" data-end=\"631\">Hibiskus \u2013 25 g<\/strong><\/p>\n","protected":false},"featured_media":14178,"template":"","meta":{"_joinchat":[]},"product_brand":[],"product_cat":[677,665],"product_tag":[],"class_list":{"0":"post-14187","1":"product","2":"type-product","3":"status-publish","4":"has-post-thumbnail","6":"product_cat-green-goddess-republic","7":"product_cat-taimeteed-ja-kanepiteed","10":"first","11":"instock","12":"purchasable","13":"product-type-simple"},"tiered_pricing_type":"fixed","tiered_pricing_fixed_rules":{"3":6},"tiered_pricing_product_settings":{"layout":"default","base_unit_name":{"singular":null,"plural":null},"default_variation":null},"tiered_pricing_minimum_quantity":null,"tiered_pricing_roles_data":[],"tiered_pricing_percentage_rules":[],"tiered_pricing_maximum_quantity":null,"tiered_pricing_quantity_step":null,"_links":{"self":[{"href":"https:\/\/cbditaly.ee\/et\/wp-json\/wp\/v2\/product\/14187","targetHints":{"allow":["GET"]}}],"collection":[{"href":"https:\/\/cbditaly.ee\/et\/wp-json\/wp\/v2\/product"}],"about":[{"href":"https:\/\/cbditaly.ee\/et\/wp-json\/wp\/v2\/types\/product"}],"wp:featuredmedia":[{"embeddable":true,"href":"https:\/\/cbditaly.ee\/et\/wp-json\/wp\/v2\/media\/14178"}],"wp:attachment":[{"href":"https:\/\/cbditaly.ee\/et\/wp-json\/wp\/v2\/media?parent=14187"}],"wp:term":[{"taxonomy":"product_brand","embeddable":true,"href":"https:\/\/cbditaly.ee\/et\/wp-json\/wp\/v2\/product_brand?post=14187"},{"taxonomy":"product_cat","embeddable":true,"href":"https:\/\/cbditaly.ee\/et\/wp-json\/wp\/v2\/product_cat?post=14187"},{"taxonomy":"product_tag","embeddable":true,"href":"https:\/\/cbditaly.ee\/et\/wp-json\/wp\/v2\/product_tag?post=14187"}],"curies":[{"name":"wp","href":"https:\/\/api.w.org\/{rel}","templated":true}]}}