{"id":14829,"date":"2025-11-04T18:09:43","date_gmt":"2025-11-04T16:09:43","guid":{"rendered":"https:\/\/cbditaly.ee\/?post_type=product&#038;p=14829"},"modified":"2026-02-28T18:59:55","modified_gmt":"2026-02-28T16:59:55","slug":"strawberry-kush-x-d9-thcbo-60-10g","status":"publish","type":"product","link":"https:\/\/cbditaly.ee\/et\/product\/strawberry-kush-x-d9-thcbo-60-10g\/","title":{"rendered":"STRAWBERRY Kush X D9-THCBO 60% 10g *OUTLET"},"content":{"rendered":"<p data-start=\"270\" data-end=\"330\"><strong data-start=\"270\" data-end=\"304\">Strawberry Kush x D9-THCBO 60% 10g<\/strong><\/p>\n<p data-start=\"2660\" data-end=\"2687\"><strong data-start=\"2660\" data-end=\"2677\">THC sisaldus:<\/strong> alla 0,3%<\/p>\n<p data-start=\"2689\" data-end=\"2924\"><strong data-start=\"2689\" data-end=\"2702\">\u00dclevaade:<\/strong><br data-start=\"2702\" data-end=\"2705\" \/>Strawberry Kush paistab silma oma visuaalse atraktiivsuse ja magusa marjase aroomiprofiili poolest. Sort sobib ideaalselt professionaalsetesse kollektsioonidesse, kus hinnatakse tugevat esteetikat ja klassikalisi toone.<\/p>\n<p data-start=\"2926\" data-end=\"3110\"><strong data-start=\"2926\" data-end=\"2947\">Aroom ja v\u00e4limus:<\/strong><br data-start=\"2947\" data-end=\"2950\" \/>Magus maasika noot koos marjase l\u00f5hna ja pehmete maal\u00e4hedaste n\u00fcanssidega. Pungad on tihedad ja vaigused, erkrohelistes toonides ning punakasoran\u017eide karvadega.<\/p>\n<p data-start=\"3112\" data-end=\"3272\"><strong data-start=\"3112\" data-end=\"3131\">Sordi omadused:<\/strong><br data-start=\"3131\" data-end=\"3134\" \/>D9-THCBO: kuni 60%<br data-start=\"3152\" data-end=\"3155\" \/>THC sisaldus: alla seadusliku piiri (tavaliselt &lt;0,3%)<br data-start=\"3209\" data-end=\"3212\" \/>Struktuurilt kompaktne ja stabiilne, visuaalselt iseloomulik<\/p>\n<p><strong>Toote Kasutus:<\/strong> Ainult professionaalseks kasutamiseks v\u00f5i kollektsioneerimiseks. Mitte inimtarbimiseks.<br \/>\n<strong>M\u00fc\u00fcgipiirangud:<\/strong> Ei m\u00fc\u00fcda alla 18-aastastele.<br \/>\n<strong>Hoiustamine:<\/strong> Hoida kuivas kohas, eemal kuumuse allikatest ja lastele k\u00e4ttesaamatus kohas.<br \/>\n<strong>P\u00e4ritolumaa:<\/strong> Itaalia.<\/p>\n<p><strong>Soovid saada iseseisvaks edasim\u00fc\u00fcjaks v\u00f5i frantsiisipartneriks? Madalad miinimumkogused, k\u00f5rge kvaliteet ja sinu vajadustele vastavad hinnad! Liitu meie Cash &amp; Carry&#8217;ga v\u00f5i v\u00f5ta \u00fchendust e-posti teel: <a class=\"cursor-pointer\" rel=\"noopener\" data-start=\"203\" data-end=\"221\">biz@cbditaly.store<\/a><\/strong><\/p>\n","protected":false},"excerpt":{"rendered":"<p>STRAWBERRY Kush X D9-THCBO 60% 10g OUTLET<br \/>\nSaadaval pakendites: 2g-3g-5g-10g-20g-50g-100g<\/p>\n","protected":false},"featured_media":15211,"template":"","meta":{"_joinchat":[]},"product_brand":[],"product_cat":[623],"product_tag":[],"class_list":{"0":"post-14829","1":"product","2":"type-product","3":"status-publish","4":"has-post-thumbnail","6":"product_cat-w33d-outlet","9":"first","10":"instock","11":"sale","12":"purchasable","13":"product-type-simple"},"tiered_pricing_type":"fixed","tiered_pricing_fixed_rules":[],"tiered_pricing_product_settings":{"layout":"default","base_unit_name":{"singular":null,"plural":null},"default_variation":null},"tiered_pricing_minimum_quantity":null,"tiered_pricing_roles_data":[],"tiered_pricing_percentage_rules":[],"tiered_pricing_maximum_quantity":null,"tiered_pricing_quantity_step":null,"_links":{"self":[{"href":"https:\/\/cbditaly.ee\/et\/wp-json\/wp\/v2\/product\/14829","targetHints":{"allow":["GET"]}}],"collection":[{"href":"https:\/\/cbditaly.ee\/et\/wp-json\/wp\/v2\/product"}],"about":[{"href":"https:\/\/cbditaly.ee\/et\/wp-json\/wp\/v2\/types\/product"}],"wp:featuredmedia":[{"embeddable":true,"href":"https:\/\/cbditaly.ee\/et\/wp-json\/wp\/v2\/media\/15211"}],"wp:attachment":[{"href":"https:\/\/cbditaly.ee\/et\/wp-json\/wp\/v2\/media?parent=14829"}],"wp:term":[{"taxonomy":"product_brand","embeddable":true,"href":"https:\/\/cbditaly.ee\/et\/wp-json\/wp\/v2\/product_brand?post=14829"},{"taxonomy":"product_cat","embeddable":true,"href":"https:\/\/cbditaly.ee\/et\/wp-json\/wp\/v2\/product_cat?post=14829"},{"taxonomy":"product_tag","embeddable":true,"href":"https:\/\/cbditaly.ee\/et\/wp-json\/wp\/v2\/product_tag?post=14829"}],"curies":[{"name":"wp","href":"https:\/\/api.w.org\/{rel}","templated":true}]}}