{"id":14830,"date":"2025-11-04T18:09:44","date_gmt":"2025-11-04T16:09:44","guid":{"rendered":"https:\/\/cbditaly.ee\/?post_type=product&#038;p=14830"},"modified":"2026-02-28T18:59:35","modified_gmt":"2026-02-28T16:59:35","slug":"orange-kush-x-d9-thcbo-60-10g","status":"publish","type":"product","link":"https:\/\/cbditaly.ee\/et\/product\/orange-kush-x-d9-thcbo-60-10g\/","title":{"rendered":"ORANGE KUSH X D9-THCBO 60% 10g *OUTLET"},"content":{"rendered":"<h4>ORANGE KUSH X D9-THCBO 60% 10g<\/h4>\n<p data-start=\"221\" data-end=\"248\"><strong data-start=\"221\" data-end=\"238\">THC sisaldus:<\/strong> alla 0,3%<\/p>\n<p data-start=\"250\" data-end=\"539\"><strong data-start=\"250\" data-end=\"263\">\u00dclevaade:<\/strong><br data-start=\"263\" data-end=\"266\" \/>Orange Kush on silmapaistva tsitruselise profiiliga kanepisort, mida hinnatakse erksa v\u00e4limuse ja stabiilse morfoloogia t\u00f5ttu. D9-THCBO lisamine r\u00f5hutab veelgi selle visuaalset v\u00e4ljendusrikkust, muutes sordi sobivaks kollektsion\u00e4\u00e4ridele ja professionaalseks tutvustamiseks.<\/p>\n<p data-start=\"541\" data-end=\"717\"><strong data-start=\"541\" data-end=\"562\">Aroom ja v\u00e4limus:<\/strong><br data-start=\"562\" data-end=\"565\" \/>Apelsini ja mandariini noodid koos \u00f5rna v\u00fcrtsikuse ja maal\u00e4hedaste alatoonidega. Pungad on tihedad, vaigused, erkrohelised ja kaetud oran\u017eide karvadega.<\/p>\n<p data-start=\"719\" data-end=\"870\"><strong data-start=\"719\" data-end=\"738\">Sordi omadused:<\/strong><br data-start=\"738\" data-end=\"741\" \/>D9-THCBO: kuni 60%<br data-start=\"759\" data-end=\"762\" \/>THC sisaldus: alla seadusliku piiri (tavaliselt &lt;0,3%)<br data-start=\"816\" data-end=\"819\" \/>Morfoloogiliselt stabiilne ja visuaalselt \u00e4ratuntav<\/p>\n<p><strong>Toote Kasutus:<\/strong> Ainult professionaalseks kasutamiseks v\u00f5i kollektsioneerimiseks. Mitte inimtarbimiseks.<br \/>\n<strong>M\u00fc\u00fcgipiirangud:<\/strong> Ei m\u00fc\u00fcda alla 18-aastastele.<br \/>\n<strong>Hoiustamine:<\/strong> Hoida kuivas kohas, eemal kuumuse allikatest ja lastele k\u00e4ttesaamatus kohas.<br \/>\n<strong>P\u00e4ritolumaa:<\/strong> Itaalia.<\/p>\n<p><strong>Soovid saada iseseisvaks edasim\u00fc\u00fcjaks v\u00f5i frantsiisipartneriks? Madalad miinimumkogused, k\u00f5rge kvaliteet ja sinu vajadustele vastavad hinnad! Liitu meie Cash &amp; Carry&#8217;ga v\u00f5i v\u00f5ta \u00fchendust e-posti teel: <a class=\"cursor-pointer\" rel=\"noopener\" data-start=\"203\" data-end=\"221\">biz@cbditaly.store<\/a><\/strong><\/p>\n","protected":false},"excerpt":{"rendered":"<p>ORANGE KUSH X D9-THCBO 60% 10g OUTLET<br \/>\nSaadaval pakendites: 2g-3g-5g-10g-20g-50g-100g<\/p>\n","protected":false},"featured_media":15209,"template":"","meta":{"_joinchat":[]},"product_brand":[],"product_cat":[623],"product_tag":[],"class_list":{"0":"post-14830","1":"product","2":"type-product","3":"status-publish","4":"has-post-thumbnail","6":"product_cat-w33d-outlet","9":"first","10":"instock","11":"sale","12":"purchasable","13":"product-type-simple"},"tiered_pricing_type":"fixed","tiered_pricing_fixed_rules":[],"tiered_pricing_product_settings":{"layout":"default","base_unit_name":{"singular":null,"plural":null},"default_variation":null},"tiered_pricing_minimum_quantity":null,"tiered_pricing_roles_data":[],"tiered_pricing_percentage_rules":[],"tiered_pricing_maximum_quantity":null,"tiered_pricing_quantity_step":null,"_links":{"self":[{"href":"https:\/\/cbditaly.ee\/et\/wp-json\/wp\/v2\/product\/14830","targetHints":{"allow":["GET"]}}],"collection":[{"href":"https:\/\/cbditaly.ee\/et\/wp-json\/wp\/v2\/product"}],"about":[{"href":"https:\/\/cbditaly.ee\/et\/wp-json\/wp\/v2\/types\/product"}],"wp:featuredmedia":[{"embeddable":true,"href":"https:\/\/cbditaly.ee\/et\/wp-json\/wp\/v2\/media\/15209"}],"wp:attachment":[{"href":"https:\/\/cbditaly.ee\/et\/wp-json\/wp\/v2\/media?parent=14830"}],"wp:term":[{"taxonomy":"product_brand","embeddable":true,"href":"https:\/\/cbditaly.ee\/et\/wp-json\/wp\/v2\/product_brand?post=14830"},{"taxonomy":"product_cat","embeddable":true,"href":"https:\/\/cbditaly.ee\/et\/wp-json\/wp\/v2\/product_cat?post=14830"},{"taxonomy":"product_tag","embeddable":true,"href":"https:\/\/cbditaly.ee\/et\/wp-json\/wp\/v2\/product_tag?post=14830"}],"curies":[{"name":"wp","href":"https:\/\/api.w.org\/{rel}","templated":true}]}}