{"id":14831,"date":"2025-11-04T18:09:46","date_gmt":"2025-11-04T16:09:46","guid":{"rendered":"https:\/\/cbditaly.ee\/?post_type=product&#038;p=14831"},"modified":"2026-02-28T18:59:14","modified_gmt":"2026-02-28T16:59:14","slug":"pineapple-x-d9-thcbo-60-10g","status":"publish","type":"product","link":"https:\/\/cbditaly.ee\/et\/product\/pineapple-x-d9-thcbo-60-10g\/","title":{"rendered":"PINEAPPLE X D9-THCBO 60% 10g *OUTLET"},"content":{"rendered":"<p style=\"text-align: left;\"><strong>PINEAPPLE X D9-THCBO 60% 10g<\/strong><\/p>\n<p data-start=\"150\" data-end=\"208\"><strong data-start=\"181\" data-end=\"198\">THC sisaldus:<\/strong> alla 0,3%<\/p>\n<p data-start=\"210\" data-end=\"492\"><strong data-start=\"210\" data-end=\"223\">\u00dclevaade:<\/strong><br data-start=\"223\" data-end=\"226\" \/>Pineapple on troopilise profiiliga kanepisort, mis paistab silma oma puuviljase aroomi ja s\u00e4rava v\u00e4limuse poolest. D9-THCBO lisamine tugevdab sordi \u00fcldist visuaalset iseloomu, muutes selle atraktiivseks valikuks kollektsion\u00e4\u00e4ridele ja professionaalseteks esitluseks.<\/p>\n<p data-start=\"494\" data-end=\"682\"><strong data-start=\"494\" data-end=\"515\">Aroom ja v\u00e4limus:<\/strong><br data-start=\"515\" data-end=\"518\" \/>Magus ananassi noot koos tsitruseliste ja kergelt maal\u00e4hedaste alatoonidega. Pungad on kompaktsed, vaigused, erkrohelise tooniga ja kaetud merevaigukarva karvadega.<\/p>\n<p data-start=\"684\" data-end=\"833\"><strong data-start=\"684\" data-end=\"703\">Sordi omadused:<\/strong><br data-start=\"703\" data-end=\"706\" \/>D9-THCBO: kuni 60%<br data-start=\"724\" data-end=\"727\" \/>THC sisaldus: alla seadusliku piiri (tavaliselt &lt;0,3%)<br data-start=\"781\" data-end=\"784\" \/>Morfoloogiliselt stabiilne ja visuaalselt eristuv<\/p>\n<p><strong>Toote Kasutus:<\/strong> Ainult professionaalseks kasutamiseks v\u00f5i kollektsioneerimiseks. Mitte inimtarbimiseks.<br \/>\n<strong>M\u00fc\u00fcgipiirangud:<\/strong> Ei m\u00fc\u00fcda alla 18-aastastele.<br \/>\n<strong>Hoiustamine:<\/strong> Hoida kuivas kohas, eemal kuumuse allikatest ja lastele k\u00e4ttesaamatus kohas.<br \/>\n<strong>P\u00e4ritolumaa:<\/strong> Itaalia.<\/p>\n<p><strong>Soovid saada iseseisvaks edasim\u00fc\u00fcjaks v\u00f5i frantsiisipartneriks? Madalad miinimumkogused, k\u00f5rge kvaliteet ja sinu vajadustele vastavad hinnad! Liitu meie Cash &amp; Carry&#8217;ga v\u00f5i v\u00f5ta \u00fchendust e-posti teel: <a class=\"cursor-pointer\" rel=\"noopener\" data-start=\"203\" data-end=\"221\">biz@cbditaly.store<\/a><\/strong><\/p>\n","protected":false},"excerpt":{"rendered":"<p>PINEAPPLE X D9-THCBO 60% 10g OUTLET<br \/>\nSaadaval pakendites: 2g-3g-5g-10g-20g-50g-100g<\/p>\n","protected":false},"featured_media":15210,"template":"","meta":{"_joinchat":[]},"product_brand":[],"product_cat":[623],"product_tag":[],"class_list":{"0":"post-14831","1":"product","2":"type-product","3":"status-publish","4":"has-post-thumbnail","6":"product_cat-w33d-outlet","9":"first","10":"instock","11":"sale","12":"purchasable","13":"product-type-simple"},"tiered_pricing_type":"fixed","tiered_pricing_fixed_rules":[],"tiered_pricing_product_settings":{"layout":"default","base_unit_name":{"singular":null,"plural":null},"default_variation":null},"tiered_pricing_minimum_quantity":null,"tiered_pricing_roles_data":[],"tiered_pricing_percentage_rules":[],"tiered_pricing_maximum_quantity":null,"tiered_pricing_quantity_step":null,"_links":{"self":[{"href":"https:\/\/cbditaly.ee\/et\/wp-json\/wp\/v2\/product\/14831","targetHints":{"allow":["GET"]}}],"collection":[{"href":"https:\/\/cbditaly.ee\/et\/wp-json\/wp\/v2\/product"}],"about":[{"href":"https:\/\/cbditaly.ee\/et\/wp-json\/wp\/v2\/types\/product"}],"wp:featuredmedia":[{"embeddable":true,"href":"https:\/\/cbditaly.ee\/et\/wp-json\/wp\/v2\/media\/15210"}],"wp:attachment":[{"href":"https:\/\/cbditaly.ee\/et\/wp-json\/wp\/v2\/media?parent=14831"}],"wp:term":[{"taxonomy":"product_brand","embeddable":true,"href":"https:\/\/cbditaly.ee\/et\/wp-json\/wp\/v2\/product_brand?post=14831"},{"taxonomy":"product_cat","embeddable":true,"href":"https:\/\/cbditaly.ee\/et\/wp-json\/wp\/v2\/product_cat?post=14831"},{"taxonomy":"product_tag","embeddable":true,"href":"https:\/\/cbditaly.ee\/et\/wp-json\/wp\/v2\/product_tag?post=14831"}],"curies":[{"name":"wp","href":"https:\/\/api.w.org\/{rel}","templated":true}]}}