{"id":14835,"date":"2025-11-04T18:09:52","date_gmt":"2025-11-04T16:09:52","guid":{"rendered":"https:\/\/cbditaly.ee\/?post_type=product&#038;p=14835"},"modified":"2025-12-30T22:01:40","modified_gmt":"2025-12-30T20:01:40","slug":"ak47-x-d9-thcbo-60-10g","status":"publish","type":"product","link":"https:\/\/cbditaly.ee\/et\/product\/ak47-x-d9-thcbo-60-10g\/","title":{"rendered":"AK47 X D9-THCBO 60% 10g *OUTLET"},"content":{"rendered":"<p><strong>AK47 X D9-THCBO 60% 10g<\/strong><\/p>\n<p data-start=\"199\" data-end=\"253\"><strong data-start=\"226\" data-end=\"243\">THC sisaldus:<\/strong> alla 0,3%<\/p>\n<p data-start=\"255\" data-end=\"559\"><strong data-start=\"255\" data-end=\"268\">\u00dclevaade:<\/strong><br data-start=\"268\" data-end=\"271\" \/>AK-47 on \u00fcks tuntumaid klassikalisi kanepisorte, mida hinnatakse tema stabiilse geneetika ja iseloomuliku v\u00e4ljan\u00e4gemise t\u00f5ttu. D9-THCBO lisamine annab sellele versioonile visuaalselt intensiivse profiili, mis muudab selle atraktiivseks valikuks kollektsion\u00e4\u00e4ride ja professionaalide seas.<\/p>\n<p data-start=\"561\" data-end=\"786\"><strong data-start=\"561\" data-end=\"582\">Aroom ja v\u00e4limus:<\/strong><br data-start=\"582\" data-end=\"585\" \/>Aroomis on tunda \u00fcrdiseid ja kergelt v\u00fcrtsikaid noote, millele lisandub kerge magusus. Pungad on tihedad, vaigused, tumerohelise ja oliivrohelise varjundiga, kaetud punakate karvadega ja kristallidega.<\/p>\n<p data-start=\"788\" data-end=\"962\"><strong data-start=\"788\" data-end=\"807\">Sordi omadused:<\/strong><br data-start=\"807\" data-end=\"810\" \/>D9-THCBO: kuni 60%<br data-start=\"828\" data-end=\"831\" \/>THC sisaldus: alla seadusliku piiri (tavaliselt &lt;0,3%)<br data-start=\"885\" data-end=\"888\" \/>Taimel on tugev struktuur, millel on stabiilne ja silmapaistev morfoloogia<\/p>\n<p><strong>Toote Kasutus:<\/strong> Ainult professionaalseks kasutamiseks v\u00f5i kollektsioneerimiseks. Mitte inimtarbimiseks.<br \/>\n<strong>M\u00fc\u00fcgipiirangud:<\/strong> Ei m\u00fc\u00fcda alla 18-aastastele.<br \/>\n<strong>Hoiustamine:<\/strong> Hoida kuivas kohas, eemal kuumuse allikatest ja lastele k\u00e4ttesaamatus kohas.<br \/>\n<strong>P\u00e4ritolumaa:<\/strong> Itaalia.<\/p>\n<p><strong>Soovid saada iseseisvaks edasim\u00fc\u00fcjaks v\u00f5i frantsiisipartneriks? Madalad miinimumkogused, k\u00f5rge kvaliteet ja sinu vajadustele vastavad hinnad! Liitu meie Cash &amp; Carry&#8217;ga v\u00f5i v\u00f5ta \u00fchendust e-posti teel: <a class=\"cursor-pointer\" rel=\"noopener\" data-start=\"203\" data-end=\"221\">biz@cbditaly.store<\/a><\/strong><\/p>\n","protected":false},"excerpt":{"rendered":"<p>AK47 X D9-THCB 60% 10g OUTLET<br \/>\nSaadaval pakendites: 2g-3g-5g-10g-20g-50g-100g<\/p>\n","protected":false},"featured_media":15202,"template":"","meta":{"_joinchat":[]},"product_brand":[],"product_cat":[623],"product_tag":[],"class_list":{"0":"post-14835","1":"product","2":"type-product","3":"status-publish","4":"has-post-thumbnail","6":"product_cat-w33d-outlet","9":"first","10":"instock","11":"sale","12":"purchasable","13":"product-type-simple"},"tiered_pricing_type":"fixed","tiered_pricing_fixed_rules":[],"tiered_pricing_product_settings":{"layout":"default","base_unit_name":{"singular":null,"plural":null},"default_variation":null},"tiered_pricing_minimum_quantity":null,"tiered_pricing_roles_data":[],"tiered_pricing_percentage_rules":[],"tiered_pricing_maximum_quantity":null,"tiered_pricing_quantity_step":null,"_links":{"self":[{"href":"https:\/\/cbditaly.ee\/et\/wp-json\/wp\/v2\/product\/14835","targetHints":{"allow":["GET"]}}],"collection":[{"href":"https:\/\/cbditaly.ee\/et\/wp-json\/wp\/v2\/product"}],"about":[{"href":"https:\/\/cbditaly.ee\/et\/wp-json\/wp\/v2\/types\/product"}],"wp:featuredmedia":[{"embeddable":true,"href":"https:\/\/cbditaly.ee\/et\/wp-json\/wp\/v2\/media\/15202"}],"wp:attachment":[{"href":"https:\/\/cbditaly.ee\/et\/wp-json\/wp\/v2\/media?parent=14835"}],"wp:term":[{"taxonomy":"product_brand","embeddable":true,"href":"https:\/\/cbditaly.ee\/et\/wp-json\/wp\/v2\/product_brand?post=14835"},{"taxonomy":"product_cat","embeddable":true,"href":"https:\/\/cbditaly.ee\/et\/wp-json\/wp\/v2\/product_cat?post=14835"},{"taxonomy":"product_tag","embeddable":true,"href":"https:\/\/cbditaly.ee\/et\/wp-json\/wp\/v2\/product_tag?post=14835"}],"curies":[{"name":"wp","href":"https:\/\/api.w.org\/{rel}","templated":true}]}}