{"id":14844,"date":"2025-11-04T20:33:44","date_gmt":"2025-11-04T18:33:44","guid":{"rendered":"https:\/\/cbditaly.ee\/?post_type=product&#038;p=14844"},"modified":"2026-02-10T13:54:36","modified_gmt":"2026-02-10T11:54:36","slug":"ice-cream-x-hhcp-m-60-10g-outlet","status":"publish","type":"product","link":"https:\/\/cbditaly.ee\/et\/product\/ice-cream-x-hhcp-m-60-10g-outlet\/","title":{"rendered":"ICE CREAM X HHCP-M 60% 10g *OUTLET"},"content":{"rendered":"<p data-start=\"0\" data-end=\"56\">*OUTLET<\/p>\n<p data-start=\"0\" data-end=\"56\">Ice Cream X HHCP-M 60% 10g<br data-start=\"26\" data-end=\"29\" \/>THC sisaldus: alla 0,3%<\/p>\n<p data-start=\"58\" data-end=\"452\">\u00dclevaade:<br data-start=\"71\" data-end=\"74\" \/>Ice Cream on esteetiliselt elegantne ja magusa aroomiprofiiliga kanepisort, mida hinnatakse selle silmatorkava v\u00e4limuse ja harmoonilise struktuuri t\u00f5ttu. Selle eriversioon on rikastatud uuendusliku HHCP-M molekuliga, mis lisab sordile teadusliku erip\u00e4ra ja premium-klassi visuaalse s\u00fcgavuse. Ideaalne valik professionaalsetele kollektsion\u00e4\u00e4ridele ja esitluskeskkondadesse.<\/p>\n<p data-start=\"454\" data-end=\"693\">Aroom ja v\u00e4limus:<br data-start=\"475\" data-end=\"478\" \/>Magus ja kreemjas aroom koos vanilje ja peente puuviljaste alatoonidega. Pungad on tihedad, vaigused ja s\u00e4ravalt rohelised, kaetud oran\u017eide karvade ja kristalse h\u00e4rmatisega, mis r\u00f5hutab sordi luksuslikku v\u00e4limust.<\/p>\n<p data-start=\"695\" data-end=\"851\">Sordi omadused:<br data-start=\"714\" data-end=\"717\" \/>HHCP-M: kuni 60%<br data-start=\"733\" data-end=\"736\" \/>THC sisaldus: alla seadusliku piiri (tavaliselt &lt;0,3%)<br data-start=\"790\" data-end=\"793\" \/>Stabiilne morfoloogia ja erakordselt atraktiivne v\u00e4limus<\/p>\n<p>Toote Kasutus: Ainult professionaalseks kasutamiseks v\u00f5i kollektsioneerimiseks. Mitte inimtarbimiseks.<br \/>\nM\u00fc\u00fcgipiirangud: Ei m\u00fc\u00fcda alla 18-aastastele.<br \/>\nHoiustamine: Hoida kuivas kohas, eemal kuumuse allikatest ja lastele k\u00e4ttesaamatus kohas.<br \/>\nP\u00e4ritolumaa: Itaalia.<\/p>\n<p>Soovid saada iseseisvaks edasim\u00fc\u00fcjaks v\u00f5i frantsiisipartneriks? Madalad miinimumkogused, k\u00f5rge kvaliteet ja sinu vajadustele vastavad hinnad! Liitu meie Cash &amp; Carry&#8217;ga v\u00f5i v\u00f5ta \u00fchendust e-posti teel: <a class=\"cursor-pointer\" rel=\"noopener\" data-start=\"203\" data-end=\"221\">biz@cbditaly.store<\/a><\/p>\n","protected":false},"excerpt":{"rendered":"<p>Kanepi \u00f5ied ICE CREAM X HHCP-M 60% 10g *OUTLET<br \/>\nSaadaval pakendites: 2g-3g-5g-10g-20g-50g-100g<\/p>\n","protected":false},"featured_media":15743,"template":"","meta":{"_joinchat":[]},"product_brand":[],"product_cat":[623],"product_tag":[],"class_list":{"0":"post-14844","1":"product","2":"type-product","3":"status-publish","4":"has-post-thumbnail","6":"product_cat-w33d-outlet","9":"first","10":"instock","11":"purchasable","12":"product-type-simple"},"tiered_pricing_type":"fixed","tiered_pricing_fixed_rules":[],"tiered_pricing_product_settings":{"layout":"default","base_unit_name":{"singular":null,"plural":null},"default_variation":null},"tiered_pricing_minimum_quantity":null,"tiered_pricing_roles_data":[],"tiered_pricing_percentage_rules":[],"tiered_pricing_maximum_quantity":null,"tiered_pricing_quantity_step":null,"_links":{"self":[{"href":"https:\/\/cbditaly.ee\/et\/wp-json\/wp\/v2\/product\/14844","targetHints":{"allow":["GET"]}}],"collection":[{"href":"https:\/\/cbditaly.ee\/et\/wp-json\/wp\/v2\/product"}],"about":[{"href":"https:\/\/cbditaly.ee\/et\/wp-json\/wp\/v2\/types\/product"}],"wp:featuredmedia":[{"embeddable":true,"href":"https:\/\/cbditaly.ee\/et\/wp-json\/wp\/v2\/media\/15743"}],"wp:attachment":[{"href":"https:\/\/cbditaly.ee\/et\/wp-json\/wp\/v2\/media?parent=14844"}],"wp:term":[{"taxonomy":"product_brand","embeddable":true,"href":"https:\/\/cbditaly.ee\/et\/wp-json\/wp\/v2\/product_brand?post=14844"},{"taxonomy":"product_cat","embeddable":true,"href":"https:\/\/cbditaly.ee\/et\/wp-json\/wp\/v2\/product_cat?post=14844"},{"taxonomy":"product_tag","embeddable":true,"href":"https:\/\/cbditaly.ee\/et\/wp-json\/wp\/v2\/product_tag?post=14844"}],"curies":[{"name":"wp","href":"https:\/\/api.w.org\/{rel}","templated":true}]}}