{"id":14868,"date":"2025-11-06T17:31:26","date_gmt":"2025-11-06T15:31:26","guid":{"rendered":"https:\/\/cbditaly.ee\/?post_type=product&#038;p=14868"},"modified":"2026-04-13T17:35:34","modified_gmt":"2026-04-13T14:35:34","slug":"xxl-ice-cream-joint-x-thcvo-60-3-pakend-4g","status":"publish","type":"product","link":"https:\/\/cbditaly.ee\/et\/product\/xxl-ice-cream-joint-x-thcvo-60-3-pakend-4g\/","title":{"rendered":"XXL Ice Cream Joint X THCVO 60% \u2013 3-pakend (4g)"},"content":{"rendered":"<div class=\"flex max-w-full flex-col flex-grow\">\n<div class=\"min-h-8 text-message flex w-full flex-col items-end gap-2 whitespace-normal break-words text-start [.text-message+&amp;]:mt-5\" dir=\"auto\" data-message-author-role=\"assistant\" data-message-id=\"e51bf9c8-c2bb-4feb-a0fa-7a4d30b55644\" data-message-model-slug=\"gpt-4o\">\n<div class=\"flex w-full flex-col gap-1 empty:hidden first:pt-[3px]\">\n<div class=\"markdown prose w-full break-words dark:prose-invert light\">\n<p data-start=\"0\" data-end=\"58\">XXL Ice Cream Joint X THCVO 60% \u2013 3-pakend (4g)<\/p>\n<p data-start=\"60\" data-end=\"456\">Koge eksklusiivset kollektsioonitasemel kvaliteeti meie Ice Cream joints\u2019ide 3-pakendis. Iga hoolikalt valmistatud 1,33-grammine joint on esteetiliselt viimistletud ja pakub magusat, kreemjat ning peene vaniljevarjundiga aroomi. Valmistatud ainult parimatest pungadest ja rullitud originaalsesse King Size RAW paberisse koos filtriga \u2013 garanteerides esmaklassilise viimistluse ja v\u00e4limuse.<\/p>\n<p data-start=\"458\" data-end=\"516\">Ice Cream X THCVO 60%<br data-start=\"484\" data-end=\"487\" \/>THC sisaldus: alla 0,3%<\/p>\n<p data-start=\"518\" data-end=\"912\">\u00dclevaade:<br data-start=\"531\" data-end=\"534\" \/>Ice Cream on esteetiliselt elegantne ja magusa aroomiprofiiliga kanepisort, mida hinnatakse selle silmatorkava v\u00e4limuse ja harmoonilise struktuuri t\u00f5ttu. Selle eriversioon on rikastatud uuendusliku THCVO\u00a0molekuliga, mis lisab sordile teadusliku erip\u00e4ra ja premium-klassi visuaalse s\u00fcgavuse. Ideaalne valik professionaalsetele kollektsion\u00e4\u00e4ridele ja esitluskeskkondadesse.<\/p>\n<p data-start=\"914\" data-end=\"1153\">Aroom ja v\u00e4limus:<br data-start=\"935\" data-end=\"938\" \/>Magus ja kreemjas aroom koos vanilje ja peente puuviljaste alatoonidega. Pungad on tihedad, vaigused ja s\u00e4ravalt rohelised, kaetud oran\u017eide karvade ja kristalse h\u00e4rmatisega, mis r\u00f5hutab sordi luksuslikku v\u00e4limust.<\/p>\n<p data-start=\"1155\" data-end=\"1311\">Sordi omadused:<br data-start=\"1174\" data-end=\"1177\" \/>THCVO: kuni 60%<br data-start=\"1193\" data-end=\"1196\" \/>THC sisaldus: alla seadusliku piiri (tavaliselt &lt;0,3%)<br data-start=\"1250\" data-end=\"1253\" \/>Stabiilne morfoloogia ja erakordselt atraktiivne v\u00e4limus<\/p>\n<p data-start=\"1313\" data-end=\"1596\">Toote kasutus: Ainult professionaalseks kasutamiseks v\u00f5i kollektsioneerimiseks. Mitte inimtarbimiseks.<br data-start=\"1419\" data-end=\"1422\" \/>M\u00fc\u00fcgipiirangud: Ei m\u00fc\u00fcda alla 18-aastastele.<br data-start=\"1470\" data-end=\"1473\" \/>Hoiustamine: Hoida kuivas kohas, eemal kuumuse allikatest ja lastele k\u00e4ttesaamatus kohas.<br data-start=\"1566\" data-end=\"1569\" \/>P\u00e4ritolumaa: Itaalia.<\/p>\n<p data-start=\"1598\" data-end=\"1831\" data-is-last-node=\"\" data-is-only-node=\"\">Soovid saada iseseisvaks edasim\u00fc\u00fcjaks v\u00f5i frantsiisipartneriks?<br data-start=\"1665\" data-end=\"1668\" \/>Madalad miinimumkogused, k\u00f5rge kvaliteet ja sinu vajadustele vastavad hinnad! Liitu meie Cash &amp; Carry&#8217;ga v\u00f5i v\u00f5ta \u00fchendust e-posti teel: <a class=\"decorated-link cursor-pointer\" rel=\"noopener\" data-start=\"1811\" data-end=\"1829\">biz@cbditaly.store<\/a><\/p>\n<\/div>\n<\/div>\n<\/div>\n<\/div>\n","protected":false},"excerpt":{"rendered":"<p>Premium Ice Cream Joint THCVO 60% \u2013 3-pakend (4g)<\/p>\n","protected":false},"featured_media":16019,"template":"","meta":{"_joinchat":[]},"product_brand":[],"product_cat":[327,704,695,703],"product_tag":[],"class_list":{"0":"post-14868","1":"product","2":"type-product","3":"status-publish","4":"has-post-thumbnail","6":"product_cat-cbd-cbg-kanepi-oied","7":"product_cat-new","8":"product_cat-pre-rolls","9":"product_cat-thcvo","12":"first","13":"instock","14":"taxable","15":"shipping-taxable","16":"purchasable","17":"product-type-simple"},"tiered_pricing_type":"fixed","tiered_pricing_fixed_rules":[],"tiered_pricing_product_settings":{"layout":"default","base_unit_name":{"singular":null,"plural":null},"default_variation":null},"tiered_pricing_minimum_quantity":null,"tiered_pricing_roles_data":[],"tiered_pricing_percentage_rules":[],"tiered_pricing_maximum_quantity":null,"tiered_pricing_quantity_step":null,"_links":{"self":[{"href":"https:\/\/cbditaly.ee\/et\/wp-json\/wp\/v2\/product\/14868","targetHints":{"allow":["GET"]}}],"collection":[{"href":"https:\/\/cbditaly.ee\/et\/wp-json\/wp\/v2\/product"}],"about":[{"href":"https:\/\/cbditaly.ee\/et\/wp-json\/wp\/v2\/types\/product"}],"wp:featuredmedia":[{"embeddable":true,"href":"https:\/\/cbditaly.ee\/et\/wp-json\/wp\/v2\/media\/16019"}],"wp:attachment":[{"href":"https:\/\/cbditaly.ee\/et\/wp-json\/wp\/v2\/media?parent=14868"}],"wp:term":[{"taxonomy":"product_brand","embeddable":true,"href":"https:\/\/cbditaly.ee\/et\/wp-json\/wp\/v2\/product_brand?post=14868"},{"taxonomy":"product_cat","embeddable":true,"href":"https:\/\/cbditaly.ee\/et\/wp-json\/wp\/v2\/product_cat?post=14868"},{"taxonomy":"product_tag","embeddable":true,"href":"https:\/\/cbditaly.ee\/et\/wp-json\/wp\/v2\/product_tag?post=14868"}],"curies":[{"name":"wp","href":"https:\/\/api.w.org\/{rel}","templated":true}]}}