{"id":14869,"date":"2025-11-06T17:34:55","date_gmt":"2025-11-06T15:34:55","guid":{"rendered":"https:\/\/cbditaly.ee\/?post_type=product&#038;p=14869"},"modified":"2026-02-10T13:48:15","modified_gmt":"2026-02-10T11:48:15","slug":"premium-lemon-haze-joint-x-hhcp-m-60-10-pakend-10g","status":"publish","type":"product","link":"https:\/\/cbditaly.ee\/et\/product\/premium-lemon-haze-joint-x-hhcp-m-60-10-pakend-10g\/","title":{"rendered":"Premium Lemon Haze Joint X HHCP-M 60% \u2013 10-pakend (10g) *OUTLET"},"content":{"rendered":"<div class=\"flex max-w-full flex-col flex-grow\">\n<div class=\"min-h-8 text-message flex w-full flex-col items-end gap-2 whitespace-normal break-words text-start [.text-message+&amp;]:mt-5\" dir=\"auto\" data-message-author-role=\"assistant\" data-message-id=\"e51bf9c8-c2bb-4feb-a0fa-7a4d30b55644\" data-message-model-slug=\"gpt-4o\">\n<div class=\"flex w-full flex-col gap-1 empty:hidden first:pt-[3px]\">\n<div class=\"markdown prose w-full break-words dark:prose-invert light\">\n<article class=\"text-token-text-primary w-full focus:outline-none [--shadow-height:45px] has-data-writing-block:pointer-events-none has-data-writing-block:-mt-(--shadow-height) has-data-writing-block:pt-(--shadow-height) [&amp;:has([data-writing-block])&gt;*]:pointer-events-auto [content-visibility:auto] supports-[content-visibility:auto]:[contain-intrinsic-size:auto_100lvh] scroll-mt-[calc(var(--header-height)+min(200px,max(70px,20svh)))]\" dir=\"auto\" tabindex=\"-1\" data-turn-id=\"request-690a24bd-57ac-8329-bf1b-1db5453f8aae-2\" data-testid=\"conversation-turn-24\" data-scroll-anchor=\"true\" data-turn=\"assistant\">\n<div class=\"text-base my-auto mx-auto pb-10 [--thread-content-margin:--spacing(4)] thread-sm:[--thread-content-margin:--spacing(6)] thread-lg:[--thread-content-margin:--spacing(16)] px-(--thread-content-margin)\">\n<div class=\"[--thread-content-max-width:40rem] thread-lg:[--thread-content-max-width:48rem] mx-auto max-w-(--thread-content-max-width) flex-1 group\/turn-messages focus-visible:outline-hidden relative flex w-full min-w-0 flex-col agent-turn\" tabindex=\"-1\">\n<div class=\"flex max-w-full flex-col grow\">\n<div class=\"min-h-8 text-message relative flex w-full flex-col items-end gap-2 text-start break-words whitespace-normal [.text-message+&amp;]:mt-1\" dir=\"auto\" data-message-author-role=\"assistant\" data-message-id=\"5a3399a1-6f46-4351-aa52-94936d14857e\" data-message-model-slug=\"gpt-5\">\n<div class=\"flex w-full flex-col gap-1 empty:hidden first:pt-[1px]\">\n<div class=\"markdown prose dark:prose-invert w-full break-words light markdown-new-styling\">\n<p data-start=\"0\" data-end=\"59\">Premium Lemon Haze Joint x HHCP-M 60% \u2013 10-pakend (10g)<\/p>\n<p data-start=\"61\" data-end=\"459\">Avasta v\u00e4rske ja s\u00e4rtsakas Lemon Haze kollektsioonisari 3-pakendis joints\u2019idena. Iga 1-grammine joint on valmistatud k\u00e4sitsi valitud pungadest, mis on rullitud originaalsesse King Size RAW paberisse koos filtriga, tagades ideaalse v\u00e4ljan\u00e4gemise ja \u00fchtlase kvaliteedi. Magus-sidrunine ja kergelt v\u00fcrtsikas aroom teeb sellest erakordselt elegantse lisandi professionaalsele kollektsioonile.<\/p>\n<p data-start=\"461\" data-end=\"520\">Lemon Haze x HHCP-M 60%<br data-start=\"488\" data-end=\"491\" \/>THC sisaldus: alla 0,3%<\/p>\n<p data-start=\"522\" data-end=\"906\">\u00dclevaade:<br data-start=\"535\" data-end=\"538\" \/>Lemon Haze on klassikaline ja s\u00e4rtsaka tsitruselise profiiliga kanepisort, mida hinnatakse selle energilise v\u00e4limuse ja tasakaalustatud morfoloogia poolest. Selle eriversioon on rikastatud uuendusliku HHCP-M molekuliga, mis lisab kollektsioonile teadusliku ja esteetilise v\u00e4\u00e4rtuse. T\u00e4iuslik valik professionaalsetele kollektsion\u00e4\u00e4ridele ja esitluskeskkondadesse.<\/p>\n<p data-start=\"908\" data-end=\"1128\">Aroom ja v\u00e4limus:<br data-start=\"929\" data-end=\"932\" \/>Domineerivad sidrunikoore ja kerge skunk\u2019i noodid koos \u00f5rna magusa varjundiga. Pungad on tihedad, vaigused ja erkrohelised, p\u00f5imunud oran\u017eide karvadega, mis r\u00f5hutavad sordi \u00e4ratuntavat v\u00e4limust.<\/p>\n<p data-start=\"1130\" data-end=\"1278\">Sordi omadused:<br data-start=\"1149\" data-end=\"1152\" \/>HHCP-M: kuni 60%<br data-start=\"1168\" data-end=\"1171\" \/>THC sisaldus: alla seadusliku piiri (tavaliselt &lt;0,3%)<br data-start=\"1225\" data-end=\"1228\" \/>Stabiilne ja visuaalselt atraktiivne morfoloogia<\/p>\n<p data-start=\"1280\" data-end=\"1563\">Toote kasutus: Ainult professionaalseks kasutamiseks v\u00f5i kollektsioneerimiseks. Mitte inimtarbimiseks.<br data-start=\"1386\" data-end=\"1389\" \/>M\u00fc\u00fcgipiirangud: Ei m\u00fc\u00fcda alla 18-aastastele.<br data-start=\"1437\" data-end=\"1440\" \/>Hoiustamine: Hoida kuivas kohas, eemal kuumuse allikatest ja lastele k\u00e4ttesaamatus kohas.<br data-start=\"1533\" data-end=\"1536\" \/>P\u00e4ritolumaa: Itaalia.<\/p>\n<p data-start=\"1565\" data-end=\"1798\" data-is-last-node=\"\" data-is-only-node=\"\">Soovid saada iseseisvaks edasim\u00fc\u00fcjaks v\u00f5i frantsiisipartneriks?<br data-start=\"1632\" data-end=\"1635\" \/>Madalad miinimumkogused, k\u00f5rge kvaliteet ja sinu vajadustele vastavad hinnad! Liitu meie Cash &amp; Carry&#8217;ga v\u00f5i v\u00f5ta \u00fchendust e-posti teel: <a class=\"decorated-link cursor-pointer\" rel=\"noopener\" data-start=\"1778\" data-end=\"1796\">biz@cbditaly.store<\/a><\/p>\n<\/div>\n<\/div>\n<\/div>\n<\/div>\n<\/div>\n<\/div>\n<\/article>\n<\/div>\n<\/div>\n<\/div>\n<\/div>\n","protected":false},"excerpt":{"rendered":"<p>Premium Lemon Haze Joint HHCP-M 60% \u2013 10-pakend (10g)<\/p>\n","protected":false},"featured_media":14867,"template":"","meta":{"_joinchat":[]},"product_brand":[],"product_cat":[623],"product_tag":[],"class_list":{"0":"post-14869","1":"product","2":"type-product","3":"status-publish","4":"has-post-thumbnail","6":"product_cat-w33d-outlet","9":"first","10":"instock","11":"taxable","12":"shipping-taxable","13":"purchasable","14":"product-type-simple"},"tiered_pricing_type":"fixed","tiered_pricing_fixed_rules":[],"tiered_pricing_product_settings":{"layout":"default","base_unit_name":{"singular":null,"plural":null},"default_variation":null},"tiered_pricing_minimum_quantity":null,"tiered_pricing_roles_data":[],"tiered_pricing_percentage_rules":[],"tiered_pricing_maximum_quantity":null,"tiered_pricing_quantity_step":null,"_links":{"self":[{"href":"https:\/\/cbditaly.ee\/et\/wp-json\/wp\/v2\/product\/14869","targetHints":{"allow":["GET"]}}],"collection":[{"href":"https:\/\/cbditaly.ee\/et\/wp-json\/wp\/v2\/product"}],"about":[{"href":"https:\/\/cbditaly.ee\/et\/wp-json\/wp\/v2\/types\/product"}],"wp:featuredmedia":[{"embeddable":true,"href":"https:\/\/cbditaly.ee\/et\/wp-json\/wp\/v2\/media\/14867"}],"wp:attachment":[{"href":"https:\/\/cbditaly.ee\/et\/wp-json\/wp\/v2\/media?parent=14869"}],"wp:term":[{"taxonomy":"product_brand","embeddable":true,"href":"https:\/\/cbditaly.ee\/et\/wp-json\/wp\/v2\/product_brand?post=14869"},{"taxonomy":"product_cat","embeddable":true,"href":"https:\/\/cbditaly.ee\/et\/wp-json\/wp\/v2\/product_cat?post=14869"},{"taxonomy":"product_tag","embeddable":true,"href":"https:\/\/cbditaly.ee\/et\/wp-json\/wp\/v2\/product_tag?post=14869"}],"curies":[{"name":"wp","href":"https:\/\/api.w.org\/{rel}","templated":true}]}}