{"id":14871,"date":"2025-11-06T18:04:39","date_gmt":"2025-11-06T16:04:39","guid":{"rendered":"https:\/\/cbditaly.ee\/?post_type=product&#038;p=14871"},"modified":"2026-02-09T16:13:01","modified_gmt":"2026-02-09T14:13:01","slug":"premium-orange-kush-joint-x-hhcp-m-60-10-pakend-10g","status":"publish","type":"product","link":"https:\/\/cbditaly.ee\/et\/product\/premium-orange-kush-joint-x-hhcp-m-60-10-pakend-10g\/","title":{"rendered":"Premium ORANGE KUSH Joint X HHCP-M 60% \u2013 10-pakend (10g)"},"content":{"rendered":"<div class=\"flex max-w-full flex-col flex-grow\">\n<div class=\"min-h-8 text-message flex w-full flex-col items-end gap-2 whitespace-normal break-words text-start [.text-message+&amp;]:mt-5\" dir=\"auto\" data-message-author-role=\"assistant\" data-message-id=\"e51bf9c8-c2bb-4feb-a0fa-7a4d30b55644\" data-message-model-slug=\"gpt-4o\">\n<div class=\"flex w-full flex-col gap-1 empty:hidden first:pt-[3px]\">\n<div class=\"markdown prose w-full break-words dark:prose-invert light\">\n<article class=\"text-token-text-primary w-full focus:outline-none [--shadow-height:45px] has-data-writing-block:pointer-events-none has-data-writing-block:-mt-(--shadow-height) has-data-writing-block:pt-(--shadow-height) [&amp;:has([data-writing-block])&gt;*]:pointer-events-auto [content-visibility:auto] supports-[content-visibility:auto]:[contain-intrinsic-size:auto_100lvh] scroll-mt-[calc(var(--header-height)+min(200px,max(70px,20svh)))]\" dir=\"auto\" tabindex=\"-1\" data-turn-id=\"request-690a24bd-57ac-8329-bf1b-1db5453f8aae-2\" data-testid=\"conversation-turn-24\" data-scroll-anchor=\"true\" data-turn=\"assistant\">\n<div class=\"text-base my-auto mx-auto pb-10 [--thread-content-margin:--spacing(4)] thread-sm:[--thread-content-margin:--spacing(6)] thread-lg:[--thread-content-margin:--spacing(16)] px-(--thread-content-margin)\">\n<div class=\"[--thread-content-max-width:40rem] thread-lg:[--thread-content-max-width:48rem] mx-auto max-w-(--thread-content-max-width) flex-1 group\/turn-messages focus-visible:outline-hidden relative flex w-full min-w-0 flex-col agent-turn\" tabindex=\"-1\">\n<div class=\"flex max-w-full flex-col grow\">\n<div class=\"min-h-8 text-message relative flex w-full flex-col items-end gap-2 text-start break-words whitespace-normal [.text-message+&amp;]:mt-1\" dir=\"auto\" data-message-author-role=\"assistant\" data-message-id=\"5a3399a1-6f46-4351-aa52-94936d14857e\" data-message-model-slug=\"gpt-5\">\n<div class=\"flex w-full flex-col gap-1 empty:hidden first:pt-[1px]\">\n<div class=\"markdown prose dark:prose-invert w-full break-words light markdown-new-styling\">\n<p data-start=\"0\" data-end=\"60\">Premium Orange Kush Joint x HHCP-M 60% \u2013 10-pakend (10g)<\/p>\n<p data-start=\"62\" data-end=\"389\">Naudi tsitruselise karakteriga Orange Kush joints\u2019e, mis on valmistatud kollektsioonitasemel t\u00e4psusega. Iga 3-pakend sisaldab kolme 1-grammist joint\u2019i, mis on rullitud k\u00e4sitsi valitud pungadest originaalsesse King Size RAW paberisse koos filtriga \u2013 esteetiline ja kvaliteetne lisand professionaalsele kollektsioonile.<\/p>\n<p data-start=\"391\" data-end=\"451\">Orange Kush x HHCP-M 60%<br data-start=\"419\" data-end=\"422\" \/>THC sisaldus: alla 0,3%<\/p>\n<p data-start=\"453\" data-end=\"805\">\u00dclevaade:<br data-start=\"466\" data-end=\"469\" \/>Orange Kush on silmapaistva tsitruselise profiiliga kanepisort, mida hinnatakse erksa v\u00e4limuse ja stabiilse morfoloogia t\u00f5ttu. Selle eriversioon on rikastatud uuendusliku HHCP-M molekuliga, mis lisab kollektsioonile teadusliku ja esteetilise erip\u00e4ra. Ideaalne valik professionaalsetele kollektsion\u00e4\u00e4ridele ja n\u00e4ituseformaatidesse.<\/p>\n<p data-start=\"807\" data-end=\"1029\">Aroom ja v\u00e4limus:<br data-start=\"828\" data-end=\"831\" \/>Apelsini ja mandariini noodid segunevad \u00f5rna v\u00fcrtsikuse ja maal\u00e4hedaste alatoonidega. Pungad on tihedad, vaigused ja erkrohelised, p\u00f5imunud oran\u017eide karvadega, r\u00f5hutades sordi unikaalset v\u00e4limust.<\/p>\n<p data-start=\"1031\" data-end=\"1182\">Sordi omadused:<br data-start=\"1050\" data-end=\"1053\" \/>HHCP-M: kuni 60%<br data-start=\"1069\" data-end=\"1072\" \/>THC sisaldus: alla seadusliku piiri (tavaliselt &lt;0,3%)<br data-start=\"1126\" data-end=\"1129\" \/>Morfoloogiliselt stabiilne ja visuaalselt \u00e4ratuntav<\/p>\n<p data-start=\"1184\" data-end=\"1467\">Toote kasutus: Ainult professionaalseks kasutamiseks v\u00f5i kollektsioneerimiseks. Mitte inimtarbimiseks.<br data-start=\"1290\" data-end=\"1293\" \/>M\u00fc\u00fcgipiirangud: Ei m\u00fc\u00fcda alla 18-aastastele.<br data-start=\"1341\" data-end=\"1344\" \/>Hoiustamine: Hoida kuivas kohas, eemal kuumuse allikatest ja lastele k\u00e4ttesaamatus kohas.<br data-start=\"1437\" data-end=\"1440\" \/>P\u00e4ritolumaa: Itaalia.<\/p>\n<p data-start=\"1469\" data-end=\"1702\" data-is-last-node=\"\" data-is-only-node=\"\">Soovid saada iseseisvaks edasim\u00fc\u00fcjaks v\u00f5i frantsiisipartneriks?<br data-start=\"1536\" data-end=\"1539\" \/>Madalad miinimumkogused, k\u00f5rge kvaliteet ja sinu vajadustele vastavad hinnad! Liitu meie Cash &amp; Carry&#8217;ga v\u00f5i v\u00f5ta \u00fchendust e-posti teel: <a class=\"decorated-link cursor-pointer\" rel=\"noopener\" data-start=\"1682\" data-end=\"1700\">biz@cbditaly.store<\/a><\/p>\n<\/div>\n<\/div>\n<\/div>\n<\/div>\n<\/div>\n<\/div>\n<\/article>\n<\/div>\n<\/div>\n<\/div>\n<\/div>\n","protected":false},"excerpt":{"rendered":"<p>Premium ORANGE KUSH Joint HHCP-M 60% \u2013 10-pakend (10g)<\/p>\n","protected":false},"featured_media":14867,"template":"","meta":{"_joinchat":[]},"product_brand":[],"product_cat":[623],"product_tag":[],"class_list":{"0":"post-14871","1":"product","2":"type-product","3":"status-publish","4":"has-post-thumbnail","6":"product_cat-w33d-outlet","9":"first","10":"instock","11":"taxable","12":"shipping-taxable","13":"purchasable","14":"product-type-simple"},"tiered_pricing_type":"fixed","tiered_pricing_fixed_rules":[],"tiered_pricing_product_settings":{"layout":"default","base_unit_name":{"singular":null,"plural":null},"default_variation":null},"tiered_pricing_minimum_quantity":null,"tiered_pricing_roles_data":[],"tiered_pricing_percentage_rules":[],"tiered_pricing_maximum_quantity":null,"tiered_pricing_quantity_step":null,"_links":{"self":[{"href":"https:\/\/cbditaly.ee\/et\/wp-json\/wp\/v2\/product\/14871","targetHints":{"allow":["GET"]}}],"collection":[{"href":"https:\/\/cbditaly.ee\/et\/wp-json\/wp\/v2\/product"}],"about":[{"href":"https:\/\/cbditaly.ee\/et\/wp-json\/wp\/v2\/types\/product"}],"wp:featuredmedia":[{"embeddable":true,"href":"https:\/\/cbditaly.ee\/et\/wp-json\/wp\/v2\/media\/14867"}],"wp:attachment":[{"href":"https:\/\/cbditaly.ee\/et\/wp-json\/wp\/v2\/media?parent=14871"}],"wp:term":[{"taxonomy":"product_brand","embeddable":true,"href":"https:\/\/cbditaly.ee\/et\/wp-json\/wp\/v2\/product_brand?post=14871"},{"taxonomy":"product_cat","embeddable":true,"href":"https:\/\/cbditaly.ee\/et\/wp-json\/wp\/v2\/product_cat?post=14871"},{"taxonomy":"product_tag","embeddable":true,"href":"https:\/\/cbditaly.ee\/et\/wp-json\/wp\/v2\/product_tag?post=14871"}],"curies":[{"name":"wp","href":"https:\/\/api.w.org\/{rel}","templated":true}]}}