{"id":15066,"date":"2025-11-28T12:59:47","date_gmt":"2025-11-28T10:59:47","guid":{"rendered":"https:\/\/cbditaly.ee\/?post_type=product&#038;p=15066"},"modified":"2026-01-04T21:51:37","modified_gmt":"2026-01-04T19:51:37","slug":"strawberry-kush-joint-cbd-18-6g-raw-6-joints-tin-box","status":"publish","type":"product","link":"https:\/\/cbditaly.ee\/et\/product\/strawberry-kush-joint-cbd-18-6g-raw-6-joints-tin-box\/","title":{"rendered":"Strawberry Kush Joint CBD 18% (6g) RAW 6 JOINTS TIN BOX"},"content":{"rendered":"<div class=\"flex max-w-full flex-col flex-grow\">\n<div class=\"min-h-8 text-message flex w-full flex-col items-end gap-2 whitespace-normal break-words text-start [.text-message+&amp;]:mt-5\" dir=\"auto\" data-message-author-role=\"assistant\" data-message-id=\"e51bf9c8-c2bb-4feb-a0fa-7a4d30b55644\" data-message-model-slug=\"gpt-4o\">\n<div class=\"flex w-full flex-col gap-1 empty:hidden first:pt-[3px]\">\n<div class=\"markdown prose w-full break-words dark:prose-invert light\">\n<p data-start=\"180\" data-end=\"251\">Premium Strawberry Kush Joint X CBD 18% (6g)<br data-start=\"226\" data-end=\"229\" \/>RAW 6 JOINTS TIN BOX<\/p>\n<p data-start=\"253\" data-end=\"606\">Avasta meie eksklusiivne 6-pakend Strawberry Kush joints\u2019e, mis on loodud professionaalsetele kollektsion\u00e4\u00e4ridele ja kvaliteeti hindavatele kogujaile. Iga 1-grammine joint on valmistatud hoolikalt valitud kanepimaterjalist ning rullitud originaalsesse king size RAW paberisse koos filtriga, tagades esteetilise viimistluse ja \u00fchtlase visuaalse tulemuse.<\/p>\n<p data-start=\"608\" data-end=\"667\">Strawberry Kush X CBD 18%<br data-start=\"637\" data-end=\"640\" \/>THC sisaldus: alla 0,3%<\/p>\n<p data-start=\"669\" data-end=\"1074\">\u00dclevaade:<br data-start=\"682\" data-end=\"685\" \/>Strawberry Kush on kollektsion\u00e4\u00e4ride seas populaarne kanepisort, mida hinnatakse selle magusa ja marjase aroomiprofiili t\u00f5ttu. Selle variatsiooni erip\u00e4ra seisneb looduslikult rikkalikes aromaatsetes \u00fchendites ning tasakaalus morfoloogias. Sort on tuntud oma dekoratiivse v\u00e4limuse ja professionaalse v\u00e4limusega struktuuri poolest, mis teeb sellest atraktiivse lisandi igale kollektsioonile.<\/p>\n<p data-start=\"1076\" data-end=\"1312\">Aroom ja v\u00e4limus:<br data-start=\"1097\" data-end=\"1100\" \/>Iseloomulik magus maasikane aroom, millele lisandub pehme maal\u00e4hedane varjund. Pungad on keskmise tihedusega, vaigused ning erkrohelised, vahel roosakate toonidega, mis annavad neile visuaalselt pilkup\u00fc\u00fcdva ilme.<\/p>\n<p data-start=\"1314\" data-end=\"1456\">Sordi omadused:<br data-start=\"1333\" data-end=\"1336\" \/>\u2022 CBD: kuni 18%<br data-start=\"1351\" data-end=\"1354\" \/>\u2022 THC sisaldus: alla seadusliku piiri (&lt;0,3%)<br data-start=\"1399\" data-end=\"1402\" \/>\u2022 Stabiilne, esteetiline ja \u00fchtlase kujuga morfoloogia<\/p>\n<p data-start=\"1458\" data-end=\"1745\">Toote kasutus: Ainult professionaalseks kasutamiseks v\u00f5i kollektsioneerimiseks. Mitte inimtarbimiseks.<br data-start=\"1564\" data-end=\"1567\" \/>M\u00fc\u00fcgipiirangud: Ei m\u00fc\u00fcda alla 18-aastastele.<br data-start=\"1615\" data-end=\"1618\" \/>Hoiustamine: Hoida kuivas, jahedas ja p\u00e4ikese eest kaitstud kohas, lastele k\u00e4ttesaamatus kohas.<br data-start=\"1717\" data-end=\"1720\" \/>P\u00e4ritolumaa: Itaalia.<\/p>\n<p data-start=\"1747\" data-end=\"1957\">Soovid saada edasim\u00fc\u00fcjaks v\u00f5i frantsiisipartneriks?<br data-start=\"1802\" data-end=\"1805\" \/>Meie juures ootavad sind madalad miinimumkogused, paindlikud hinnad ja v\u00f5imalus \u00fchineda Cash &amp; Carry s\u00fcsteemiga.<br data-start=\"1917\" data-end=\"1920\" \/>V\u00f5ta \u00fchendust: <a class=\"decorated-link cursor-pointer\" rel=\"noopener\" data-start=\"1937\" data-end=\"1955\">biz@cbditaly.store<\/a><\/p>\n<\/div>\n<\/div>\n<\/div>\n<\/div>\n","protected":false},"excerpt":{"rendered":"<p>Strawberry Kush Joint CBD 18% (6g) RAW 6 JOINTS TIN BOX<\/p>\n","protected":false},"featured_media":15063,"template":"","meta":{"_joinchat":[]},"product_brand":[],"product_cat":[705,327,702,704,695],"product_tag":[],"class_list":{"0":"post-15066","1":"product","2":"type-product","3":"status-publish","4":"has-post-thumbnail","6":"product_cat-cbd","7":"product_cat-cbd-cbg-kanepi-oied","8":"product_cat-kingituseideed","9":"product_cat-new","10":"product_cat-pre-rolls","13":"first","14":"instock","15":"sale","16":"taxable","17":"shipping-taxable","18":"purchasable","19":"product-type-simple"},"tiered_pricing_type":"fixed","tiered_pricing_fixed_rules":[],"tiered_pricing_product_settings":{"layout":"default","base_unit_name":{"singular":null,"plural":null},"default_variation":null},"tiered_pricing_minimum_quantity":null,"tiered_pricing_roles_data":[],"tiered_pricing_percentage_rules":[],"tiered_pricing_maximum_quantity":null,"tiered_pricing_quantity_step":null,"_links":{"self":[{"href":"https:\/\/cbditaly.ee\/et\/wp-json\/wp\/v2\/product\/15066","targetHints":{"allow":["GET"]}}],"collection":[{"href":"https:\/\/cbditaly.ee\/et\/wp-json\/wp\/v2\/product"}],"about":[{"href":"https:\/\/cbditaly.ee\/et\/wp-json\/wp\/v2\/types\/product"}],"wp:featuredmedia":[{"embeddable":true,"href":"https:\/\/cbditaly.ee\/et\/wp-json\/wp\/v2\/media\/15063"}],"wp:attachment":[{"href":"https:\/\/cbditaly.ee\/et\/wp-json\/wp\/v2\/media?parent=15066"}],"wp:term":[{"taxonomy":"product_brand","embeddable":true,"href":"https:\/\/cbditaly.ee\/et\/wp-json\/wp\/v2\/product_brand?post=15066"},{"taxonomy":"product_cat","embeddable":true,"href":"https:\/\/cbditaly.ee\/et\/wp-json\/wp\/v2\/product_cat?post=15066"},{"taxonomy":"product_tag","embeddable":true,"href":"https:\/\/cbditaly.ee\/et\/wp-json\/wp\/v2\/product_tag?post=15066"}],"curies":[{"name":"wp","href":"https:\/\/api.w.org\/{rel}","templated":true}]}}