{"id":15164,"date":"2025-12-11T01:13:25","date_gmt":"2025-12-10T23:13:25","guid":{"rendered":"https:\/\/cbditaly.ee\/?post_type=product&#038;p=15164"},"modified":"2026-04-11T17:59:45","modified_gmt":"2026-04-11T14:59:45","slug":"apricot-x-thcvo-60","status":"publish","type":"product","link":"https:\/\/cbditaly.ee\/et\/product\/apricot-x-thcvo-60\/","title":{"rendered":"APRICOT X THCVO 60%"},"content":{"rendered":"<p data-start=\"236\" data-end=\"283\">Kanepi \u00f5ied APRICOT X THCVO 60%<br data-start=\"269\" data-end=\"272\" \/>THC &lt;0,3%<\/p>\n<p data-start=\"285\" data-end=\"679\">\u00dclevaade:<br data-start=\"298\" data-end=\"301\" \/>Apricot on visuaalselt silmapaistev kanepisort, mida hinnatakse selle harmoonilise struktuuri ja pehmelt puuviljase aroomiprofiili t\u00f5ttu. Selle eriversioon on rikastatud THCVO 60% sisaldusega, mis lisab sordile tehnoloogilise ja teadusliku erip\u00e4ra. Tegemist on premium-kategooria kollektsioneerimistootega, mis sobib suurep\u00e4raselt professionaalsetesse esitluskeskkondadesse.<\/p>\n<p data-start=\"681\" data-end=\"989\">V\u00e4limus ja aroom:<br data-start=\"702\" data-end=\"705\" \/>\u00d5ied on tihedad, vaigused ja rikkaliku kristalse h\u00e4rmatisega kaetud. Toonis domineerivad erkrohelised ja kollakasoran\u017eid varjundid, mida r\u00f5hutavad tugevad oran\u017eid karvad. Aroomiprofiil viitab pehmetele puuviljastele ja aprikoosilaadsetele nootidele, mis on omased Apricot geneetikale.<\/p>\n<p data-start=\"991\" data-end=\"1161\">Koostis ja omadused:<br data-start=\"1015\" data-end=\"1018\" \/>THCVO: kuni 60%<br data-start=\"1037\" data-end=\"1040\" \/>CBD: loomulik taimne sisaldus<br data-start=\"1069\" data-end=\"1072\" \/>THC sisaldus: alla &lt;0,3%<br data-start=\"1096\" data-end=\"1099\" \/>Stabiilne morfoloogia ja visuaalselt v\u00e4ga atraktiivne v\u00e4limus.<\/p>\n<p data-start=\"1163\" data-end=\"1311\">P\u00e4ritolu ja tootmine:<br data-start=\"1188\" data-end=\"1191\" \/>Tooted on k\u00e4sitsi valitud ning hoolikalt kontrollitud, et tagada \u00fchtlane visuaalne kvaliteet.<br data-start=\"1284\" data-end=\"1287\" \/>P\u00e4ritolumaa: Itaalia<\/p>\n<p data-start=\"1313\" data-end=\"1601\">Kasutus ja piirangud:<br data-start=\"1338\" data-end=\"1341\" \/>Toote kasutus: Ainult professionaalseks kasutamiseks v\u00f5i kollektsioneerimiseks. Mitte inimtarbimiseks.<br data-start=\"1447\" data-end=\"1450\" \/>M\u00fc\u00fcgipiirangud: Ei m\u00fc\u00fcda alla 18-aastastele.<br data-start=\"1498\" data-end=\"1501\" \/>Hoiustamine: Hoida kuivas ja jahedas kohas, eemal otsesest kuumusest ja lastele k\u00e4ttesaamatus kohas.<\/p>\n<p data-start=\"1603\" data-end=\"1790\">Hulgim\u00fc\u00fck ja partnerlus:<br data-start=\"1631\" data-end=\"1634\" \/>Kas soovid saada iseseisvaks edasim\u00fc\u00fcjaks v\u00f5i frantsiisipartneriks?<br data-start=\"1701\" data-end=\"1704\" \/>Pakume madalaid miinimumkoguseid, professionaalset kvaliteeti ja paindlikke tingimusi.<\/p>\n<p data-start=\"1792\" data-end=\"1854\">Liitu meie Cash &amp; Carry\u2019ga v\u00f5i kirjuta: <a class=\"decorated-link cursor-pointer\" rel=\"noopener\" data-start=\"1834\" data-end=\"1852\">biz@cbditaly.store<\/a><\/p>\n","protected":false},"excerpt":{"rendered":"<p>APRICOT X THCVO 60%<br \/>\nSaadaval pakendites: 2g-3g-5g-10g-20g-50g<\/p>\n","protected":false},"featured_media":15857,"template":"","meta":{"_joinchat":[]},"product_brand":[],"product_cat":[327,704,703],"product_tag":[],"class_list":{"0":"post-15164","1":"product","2":"type-product","3":"status-publish","4":"has-post-thumbnail","6":"product_cat-cbd-cbg-kanepi-oied","7":"product_cat-new","8":"product_cat-thcvo","11":"first","12":"instock","13":"purchasable","14":"product-type-simple"},"tiered_pricing_type":"fixed","tiered_pricing_fixed_rules":{"2":17,"3":15,"5":10,"10":9,"20":8,"50":7,"100":6,"1000":4.5},"tiered_pricing_product_settings":{"layout":"default","base_unit_name":{"singular":null,"plural":null},"default_variation":null},"tiered_pricing_minimum_quantity":null,"tiered_pricing_roles_data":[],"tiered_pricing_percentage_rules":[],"tiered_pricing_maximum_quantity":null,"tiered_pricing_quantity_step":null,"_links":{"self":[{"href":"https:\/\/cbditaly.ee\/et\/wp-json\/wp\/v2\/product\/15164","targetHints":{"allow":["GET"]}}],"collection":[{"href":"https:\/\/cbditaly.ee\/et\/wp-json\/wp\/v2\/product"}],"about":[{"href":"https:\/\/cbditaly.ee\/et\/wp-json\/wp\/v2\/types\/product"}],"wp:featuredmedia":[{"embeddable":true,"href":"https:\/\/cbditaly.ee\/et\/wp-json\/wp\/v2\/media\/15857"}],"wp:attachment":[{"href":"https:\/\/cbditaly.ee\/et\/wp-json\/wp\/v2\/media?parent=15164"}],"wp:term":[{"taxonomy":"product_brand","embeddable":true,"href":"https:\/\/cbditaly.ee\/et\/wp-json\/wp\/v2\/product_brand?post=15164"},{"taxonomy":"product_cat","embeddable":true,"href":"https:\/\/cbditaly.ee\/et\/wp-json\/wp\/v2\/product_cat?post=15164"},{"taxonomy":"product_tag","embeddable":true,"href":"https:\/\/cbditaly.ee\/et\/wp-json\/wp\/v2\/product_tag?post=15164"}],"curies":[{"name":"wp","href":"https:\/\/api.w.org\/{rel}","templated":true}]}}