{"id":15165,"date":"2025-12-11T01:19:22","date_gmt":"2025-12-10T23:19:22","guid":{"rendered":"https:\/\/cbditaly.ee\/?post_type=product&#038;p=15165"},"modified":"2026-04-11T17:59:36","modified_gmt":"2026-04-11T14:59:36","slug":"amnesia-x-thcvo-60","status":"publish","type":"product","link":"https:\/\/cbditaly.ee\/et\/product\/amnesia-x-thcvo-60\/","title":{"rendered":"AMNESIA X THCVO 60%"},"content":{"rendered":"<p data-start=\"236\" data-end=\"283\">Kanepi \u00f5ied AMNESIA X THCVO 60%<br data-start=\"269\" data-end=\"272\" \/>THC &lt;0,3%<\/p>\n<p data-start=\"125\" data-end=\"514\">\u00dclevaade:<br data-start=\"138\" data-end=\"141\" \/>Amnesia on visuaalselt silmapaistev kanepisort, mida hinnatakse selle v\u00e4ljendusrikka struktuuri ja taimse-tsitruselise aroomiprofiili t\u00f5ttu. Selle eriversioon on rikastatud THCVO 60% sisaldusega, mis lisab sordile tehnoloogilise ja teadusliku erip\u00e4ra. Tegemist on premium-kategooria kollektsioneerimistootega, mis sobib h\u00e4sti professionaalsetesse esitluskeskkondadesse.<\/p>\n<p data-start=\"516\" data-end=\"797\">V\u00e4limus ja aroom:<br data-start=\"537\" data-end=\"540\" \/>\u00d5ied on tihedad, vaigused ja rikkaliku kristalse h\u00e4rmatisega kaetud. Domineerivad erksad rohelised toonid, mida r\u00f5hutavad oran\u017eid karvad. Aroomiprofiil viitab taimsetele, maal\u00e4hedastele ja \u00f5rnalt tsitruselistele nootidele, mis on omased Amnesia geneetikale.<\/p>\n<p data-start=\"799\" data-end=\"969\">Koostis ja omadused:<br data-start=\"823\" data-end=\"826\" \/>THCVO: kuni 60%<br data-start=\"845\" data-end=\"848\" \/>CBD: loomulik taimne sisaldus<br data-start=\"877\" data-end=\"880\" \/>THC sisaldus: alla &lt;0,3%<br data-start=\"904\" data-end=\"907\" \/>Stabiilne morfoloogia ja visuaalselt v\u00e4ga atraktiivne v\u00e4limus.<\/p>\n<p data-start=\"971\" data-end=\"1119\">P\u00e4ritolu ja tootmine:<br data-start=\"996\" data-end=\"999\" \/>Tooted on k\u00e4sitsi valitud ning hoolikalt kontrollitud, et tagada \u00fchtlane visuaalne kvaliteet.<br data-start=\"1092\" data-end=\"1095\" \/>P\u00e4ritolumaa: Itaalia<\/p>\n<p data-start=\"1121\" data-end=\"1409\">Kasutus ja piirangud:<br data-start=\"1146\" data-end=\"1149\" \/>Toote kasutus: Ainult professionaalseks kasutamiseks v\u00f5i kollektsioneerimiseks. Mitte inimtarbimiseks.<br data-start=\"1255\" data-end=\"1258\" \/>M\u00fc\u00fcgipiirangud: Ei m\u00fc\u00fcda alla 18-aastastele.<br data-start=\"1306\" data-end=\"1309\" \/>Hoiustamine: Hoida kuivas ja jahedas kohas, eemal otsesest kuumusest ja lastele k\u00e4ttesaamatus kohas.<\/p>\n<p data-start=\"1411\" data-end=\"1598\">Hulgim\u00fc\u00fck ja partnerlus:<br data-start=\"1439\" data-end=\"1442\" \/>Kas soovid saada iseseisvaks edasim\u00fc\u00fcjaks v\u00f5i frantsiisipartneriks?<br data-start=\"1509\" data-end=\"1512\" \/>Pakume madalaid miinimumkoguseid, professionaalset kvaliteeti ja paindlikke tingimusi.<\/p>\n<p data-start=\"1600\" data-end=\"1662\">Liitu meie Cash &amp; Carry\u2019ga v\u00f5i kirjuta: <a class=\"decorated-link cursor-pointer\" rel=\"noopener\" data-start=\"1642\" data-end=\"1660\">biz@cbditaly.store<\/a><\/p>\n","protected":false},"excerpt":{"rendered":"<p>AMNESIA X THCVO 60%<br \/>\nSaadaval pakendites: 2g-3g-5g-10g-20g-50g<\/p>\n","protected":false},"featured_media":15858,"template":"","meta":{"_joinchat":[]},"product_brand":[],"product_cat":[327,704,703],"product_tag":[],"class_list":{"0":"post-15165","1":"product","2":"type-product","3":"status-publish","4":"has-post-thumbnail","6":"product_cat-cbd-cbg-kanepi-oied","7":"product_cat-new","8":"product_cat-thcvo","11":"first","12":"instock","13":"purchasable","14":"product-type-simple"},"tiered_pricing_type":"fixed","tiered_pricing_fixed_rules":{"2":17,"3":15,"5":10,"10":8,"20":7.5,"50":7,"100":6,"1000":4.5},"tiered_pricing_product_settings":{"layout":"default","base_unit_name":{"singular":null,"plural":null},"default_variation":null},"tiered_pricing_minimum_quantity":null,"tiered_pricing_roles_data":[],"tiered_pricing_percentage_rules":[],"tiered_pricing_maximum_quantity":null,"tiered_pricing_quantity_step":null,"_links":{"self":[{"href":"https:\/\/cbditaly.ee\/et\/wp-json\/wp\/v2\/product\/15165","targetHints":{"allow":["GET"]}}],"collection":[{"href":"https:\/\/cbditaly.ee\/et\/wp-json\/wp\/v2\/product"}],"about":[{"href":"https:\/\/cbditaly.ee\/et\/wp-json\/wp\/v2\/types\/product"}],"wp:featuredmedia":[{"embeddable":true,"href":"https:\/\/cbditaly.ee\/et\/wp-json\/wp\/v2\/media\/15858"}],"wp:attachment":[{"href":"https:\/\/cbditaly.ee\/et\/wp-json\/wp\/v2\/media?parent=15165"}],"wp:term":[{"taxonomy":"product_brand","embeddable":true,"href":"https:\/\/cbditaly.ee\/et\/wp-json\/wp\/v2\/product_brand?post=15165"},{"taxonomy":"product_cat","embeddable":true,"href":"https:\/\/cbditaly.ee\/et\/wp-json\/wp\/v2\/product_cat?post=15165"},{"taxonomy":"product_tag","embeddable":true,"href":"https:\/\/cbditaly.ee\/et\/wp-json\/wp\/v2\/product_tag?post=15165"}],"curies":[{"name":"wp","href":"https:\/\/api.w.org\/{rel}","templated":true}]}}